{"id":1276,"date":"2020-05-14T18:20:55","date_gmt":"2020-05-14T18:20:55","guid":{"rendered":"https:\/\/vlantana.eu\/zmones\/"},"modified":"2025-05-21T15:13:05","modified_gmt":"2025-05-21T12:13:05","slug":"zmones","status":"publish","type":"page","link":"https:\/\/vlantana.eu\/lt\/zmones\/","title":{"rendered":"Karjera"},"content":{"rendered":"\n<section class=\"wp-block-adoras-title site-title undefined\"><div class=\"bgtitle container full-width\"><div class=\"background desktoponly bg-cover bg-center\" style=\"background-image:url('https:\/\/vlantana.eu\/wp-content\/uploads\/2020\/05\/VL-people1.jpg')\"><\/div><div class=\"background mobileonly bg-cover bg-center\" style=\"background-image:url('https:\/\/vlantana.eu\/wp-content\/uploads\/2020\/05\/Mobile.-People.jpg')\"><\/div><svg class=\"absolute bottom-0 left-0 w-full pointer-events-none\" viewBox=\"0 0 2560 539\"><defs><mask id=\"title-clipping\"><rect x=\"-50%\" y=\"-50%\" width=\"200%\" height=\"200%\" fill=\"white\"><\/rect><path style=\"fill:#000000\" d=\"M 638.66667,542.08762 C 414.52136,539.42004 243.35976,524.95159 0,491.37831 V 3.4290919 H 2560.0097 C 2559.7842,121.83389 2559.5588,240.23868 2559.3333,358.64348 1993.9988,495.45778 1334.216,548.93684 638.66667,542.08762 Z\"><\/path><rect x=\"-50%\" y=\"-50%\" width=\"200%\" height=\"75%\" fill=\"black\"><\/rect><\/mask><\/defs><rect style=\"fill:rgba(255,255,255,1)\" width=\"100%\" height=\"100%\" mask=\"url(#title-clipping)\"><\/rect><rect style=\"fill:rgba(255,255,255,1)\" width=\"100%\" height=\"1%\" y=\"99.8%\"><\/rect><\/svg><div class=\"container mx-auto relative\"><h1 class=\"h1 pink\">Karjera<\/h1><\/div><\/div><\/section>\n\n\n<section  class='wp-block-adoras-snippet employees section first '><!DOCTYPE html PUBLIC \"-\/\/W3C\/\/DTD HTML 4.0 Transitional\/\/EN\" \"http:\/\/www.w3.org\/TR\/REC-html40\/loose.dtd\">\n<html><body><div class=\"limit-left md:flex items-end lg:items-start\">\n<div class=\"md:w-2\/5 relative z-0 text-purple md:flex  flex-col\">\n<h2 class=\"h2 spaced\"><span class=\"slot1\">Darbuotojai<\/span><\/h2>\n<div class=\"bg-light-gray2 extend-left md:rounded-r-1rem  p-15 pl-0 lg:pr-48 flex-grow\">\n<h3 class=\"h3\"><span class=\"slot2\">Esame \u012fkvepiantis ir atsakingas prie\u0161 aplink\u0105 ir visuomen\u0119 darbdavys<\/span><\/h3>\n<\/div>\n<\/div>\n<div class=\" relative z-1 lg:pb-14 xl:-ml-21\"><img decoding=\"async\" src=\"https:\/\/vlantana.eu\/wp-content\/uploads\/2020\/05\/VL-people2.png\"><\/div>\n<\/div>\n<div class=\"container mx-auto text-20x my-14 text-justify\"><span class=\"slot3\">Su darbuotojais pl\u0117tojame ilgalaikius profesinius santykius ugdan\u010dius pasidid\u017eiavim\u0105, kurian\u010dius inovatyvi\u0105 ir stabili\u0105 darbo aplink\u0105. Mes siekiame, kad m\u016bs\u0173 darbuotojai b\u016bt\u0173 patenkinti ir dirbt\u0173 saugioje darbo aplinkoje. Did\u017eiuojam\u0117s savo komandoje esan\u010diais atsidavusiais, talentingais,  skirting\u0105 i\u0161silavinim\u0105, \u017einias ir patirt\u012f turin\u010diais kolegomis.<\/span><\/div><\/body><\/html>\n<\/section>\n\n<section  class='section joblistings '><div class=\"container mx-auto\">\n<h2 class=\"h2 close\"><span class=\"slot1\">Darbo pasi&#363;lymai<\/span><\/h2>\n<\/div>\n<div class=\"bg-light-purple lg:py-15\">\n<div class=\"container mx-auto\">\n\n    <ul class=\"-m-5 flex flex-wrap\">\r\n\r\n   \r\n        <li class=\"p-5 w-full  max-w-full md:w-2\/4 lg:w-1\/4\">\r\n            <a href=\"https:\/\/vlantana.eu\/lt\/job\/pardavimu-vadybininkas\/\" class=\"rounded-1rem bg-blue-900 relative block\" style=\"background-image: url('https:\/\/vlantana.eu\/wp-content\/uploads\/2021\/02\/VL-skelbimo-foto-2-268x362.jpg')\">\r\n\r\n                        <span class=\"absolute bottom-0 left-0 w-full  p-10 font-semibold text-16\">\r\n                                                       <div><strong>Darbo pozicija:<\/strong> Pardavim\u0173 vadybininkas (-\u0117)<\/div>\r\n                                                            <\/span>\r\n            <\/a>\r\n\r\n        <\/li>\r\n\r\n\r\n        \r\n        <li class=\"p-5 w-full  max-w-full md:w-2\/4 lg:w-1\/4\">\r\n            <a href=\"https:\/\/vlantana.eu\/lt\/job\/klientu-aptarnavimo-specialistas-2\/\" class=\"rounded-1rem bg-blue-900 relative block\" style=\"background-image: url('https:\/\/vlantana.eu\/wp-content\/uploads\/2021\/09\/AKU_8619-268x362.jpg')\">\r\n\r\n                        <span class=\"absolute bottom-0 left-0 w-full  p-10 font-semibold text-16\">\r\n                                                       <div><strong>Darbo pozicija:<\/strong> Klient\u0173 aptarnavimo specialistas, (-\u0117)<\/div>\r\n                                                            <\/span>\r\n            <\/a>\r\n\r\n        <\/li>\r\n\r\n\r\n        \r\n        <li class=\"p-5 w-full  max-w-full md:w-2\/4 lg:w-1\/4\">\r\n            <a href=\"https:\/\/vlantana.eu\/lt\/job\/tolimuju-reisu-vairuotojas-2\/\" class=\"rounded-1rem bg-blue-900 relative block\" style=\"background-image: url('https:\/\/vlantana.eu\/wp-content\/uploads\/2020\/05\/Mobile.-People-268x195.jpg')\">\r\n\r\n                        <span class=\"absolute bottom-0 left-0 w-full  p-10 font-semibold text-16\">\r\n                                                       <div><strong>Darbo pozicija:<\/strong> Tolim\u0173j\u0173 reis\u0173 vairuotojas, (-a)<\/div>\r\n                                                            <\/span>\r\n            <\/a>\r\n\r\n        <\/li>\r\n\r\n\r\n        \r\n        <li class=\"p-5 w-full  max-w-full md:w-2\/4 lg:w-1\/4\">\r\n            <a href=\"https:\/\/vlantana.eu\/lt\/job\/transporto-vadybininkas-2\/\" class=\"rounded-1rem bg-blue-900 relative block\" style=\"background-image: url('https:\/\/vlantana.eu\/wp-content\/uploads\/2021\/02\/VL-skelb-maza.jpg')\">\r\n\r\n                        <span class=\"absolute bottom-0 left-0 w-full  p-10 font-semibold text-16\">\r\n                                                       <div><strong>Darbo pozicija:<\/strong> Transporto vadybininkas, (-\u0117)<\/div>\r\n                                                            <\/span>\r\n            <\/a>\r\n\r\n        <\/li>\r\n\r\n\r\n        \r\n    <\/ul>\r\n\r\n    \n\n<\/div>\n<\/div><\/section>\n\n<section  class='wp-block-adoras-snippet training container mx-auto section '><!DOCTYPE html PUBLIC \"-\/\/W3C\/\/DTD HTML 4.0 Transitional\/\/EN\" \"http:\/\/www.w3.org\/TR\/REC-html40\/loose.dtd\">\n<html><body><h2 class=\" h2 close\"><span class=\"slot1\">Mokymas ir kvalifikacijos k\u0117limas<\/span><\/h2>\n<div class=\"bg-light-gray2 -mt-2 py-15 extend-left extend-right relative z-0 pb-32 lg:pb-64\">\n<h3 class=\"h3 mb-6 md:mb-0\"><span class=\"slot2\">Mes siekiame profesinio tobul\u0117jimo<\/span><\/h3>\n<div class=\"text-18x py-8 text-justify\">\n\n                 \n\n<div class=\"text-18x py-8 text-justify\"> Kad pagerintume darbuotoj\u0173 \u012fg\u016bd\u017eius padedame savo darbuotojams tobul\u0117ti teikdami nuolatinio mokymosi galimybes. Nuolatiniam profesiniam tobul\u0117jimui biuro darbuotojams organizavome \u0161iuos mokymus:\n<ul class=\"block list-disc ml-7\">\n<li>Streso valdymas<\/li>\n<li>Problem\u0173 sprendimas<\/li>\n<li>Komandos motyvacija<\/li>\n<li>Asmeninis efektyvumas ir tikslo siekimas<\/li>\n<li>Bendravimas tarp skirting\u0173 kult\u016br\u0173 ir kart\u0173<\/li>\n<li>Poky\u010di\u0173 valdymas<\/li>\n<li>Vairuotojams: nuo angl\u0173 kaip antrosios kalbos mokymo iki ekologi\u0161ko ir saugaus vairavimo mokymo.<\/li>\n<\/ul>\n<\/div>\n\n\n\n<\/div>\n<\/div>\n<img decoding=\"async\" src=\"https:\/\/vlantana.eu\/wp-content\/uploads\/2020\/05\/VL-people3.png\" class=\"rounded-1rem -mt-23 lg:-mt-56 relative\"><\/body><\/html>\n<\/section>\n\n<div id='get-in-touch' class='wp-block-adoras-snippet '><!DOCTYPE html PUBLIC \"-\/\/W3C\/\/DTD HTML 4.0 Transitional\/\/EN\" \"http:\/\/www.w3.org\/TR\/REC-html40\/loose.dtd\">\n<html><body><h2 class=\"text-center h2 spaced\"><span class=\"slot1\">Prisijunkite prie <span style=\"color:#d21d4a\" class=\"has-inline-color\">m\u016bs\u0173<\/span><\/span><\/h2>\n<div style=\"\" class=\"bg-cover mt-20 relative pb-30\">\n\n            <img decoding=\"async\" class=\"desktoponly absolute top-0 left-0  z-n1 object-center object-cover h-full w-full\" src=\"https:\/\/vlantana.eu\/wp-content\/uploads\/2020\/05\/VL-people4.png\">\n<img decoding=\"async\" class=\"mobileonly absolute top-0 left-0  z-n1 object-bottom object-contain h-full w-full\" src=\"https:\/\/vlantana.eu\/wp-content\/uploads\/2020\/05\/VL-people5.jpg\">\n<div class=\"container mx-auto bg-light-gray2 rounded-1rem py-15 px-18 pt-0 text-purple text-20x -t-20 relative\">\n<div class=\"p-4 md:p-9\"><span class=\"slot4\">Jeigu esate k\u016brybingas ir ambicingas \u017emogus, norintis i\u0161bandyti savo geb\u0117jimus inovatyvioje logistikos kompanijoje, prisijunkite prie m\u016bs\u0173 komandos! Si\u0173skite savo gyvenimo apra\u0161ym\u0105 (CV) el. pa\u0161tu\u00a0<br><a href=\"mailto:personalas@vlantana.lt\"><\/a><a href=\"mailto:atrankos@vlantana.lt\">atrankos@vlantana.lt<\/a>\u00a0arba u\u017epildykite \u017eemiau esan\u010di\u0105 form\u0105.<br><br><strong><a href=\"https:\/\/vlantana.eu\/wp-content\/uploads\/2025\/05\/2025.05.Privatumo-pranesimas-kandidatams.LT_.pdf\">Privatumo prane\u0161imas kandidatams.<\/a><\/strong><\/span><\/div>\n\n\n<div class=\"wpcf7 no-js\" id=\"wpcf7-f1598-o1\" lang=\"lt-LT\" dir=\"ltr\">\n<div class=\"screen-reader-response\"><p role=\"status\" aria-live=\"polite\" aria-atomic=\"true\"><\/p> <ul><\/ul><\/div>\n<form action=\"\/lt\/wp-json\/wp\/v2\/pages\/1276#wpcf7-f1598-o1\" method=\"post\" class=\"wpcf7-form init\" aria-label=\"Kontakt\u0173 forma\" enctype=\"multipart\/form-data\" novalidate=\"novalidate\" data-status=\"init\">\n<div style=\"display: none;\">\n<input type=\"hidden\" name=\"_wpcf7\" value=\"1598\" \/>\n<input type=\"hidden\" name=\"_wpcf7_version\" value=\"5.9.8\" \/>\n<input type=\"hidden\" name=\"_wpcf7_locale\" value=\"lt_LT\" \/>\n<input type=\"hidden\" name=\"_wpcf7_unit_tag\" value=\"wpcf7-f1598-o1\" \/>\n<input type=\"hidden\" name=\"_wpcf7_container_post\" value=\"0\" \/>\n<input type=\"hidden\" name=\"_wpcf7_posted_data_hash\" value=\"\" \/>\n<input type=\"hidden\" name=\"_wpcf7_recaptcha_response\" value=\"\" \/>\n<\/div>\n<div class=\"md:flex flex-wrap -m-5\">\n\t<div class=\" md:w-1\/2 p-5\">\n\t\t<p><span class=\"wpcf7-form-control-wrap\" data-name=\"your-name\"><input size=\"40\" maxlength=\"400\" class=\"wpcf7-form-control wpcf7-text wpcf7-validates-as-required px-8 text-18x leading-12 rounded-lg bg-white w-full placeholder-purple\" aria-required=\"true\" aria-invalid=\"false\" placeholder=\"Vardas\" value=\"\" type=\"text\" name=\"your-name\" \/><\/span>\n\t\t<\/p>\n\t<\/div>\n\t<div class=\" md:w-1\/2 p-5\">\n\t\t<p><span class=\"wpcf7-form-control-wrap\" data-name=\"your-email\"><input size=\"40\" maxlength=\"400\" class=\"wpcf7-form-control wpcf7-email wpcf7-validates-as-required wpcf7-text wpcf7-validates-as-email px-8 text-18x leading-12 rounded-lg bg-white w-full placeholder-purple\" aria-required=\"true\" aria-invalid=\"false\" placeholder=\"El. pa\u0161tas\" value=\"\" type=\"email\" name=\"your-email\" \/><\/span>\n\t\t<\/p>\n\t<\/div>\n\t<div class=\" w-full p-5\">\n\t\t<p><span class=\"wpcf7-form-control-wrap\" data-name=\"your-message\"><textarea cols=\"40\" rows=\"10\" maxlength=\"2000\" class=\"wpcf7-form-control wpcf7-textarea wpcf7-validates-as-required leading-tight px-8 py-8 text-18x leading-12 rounded-lg bg-white w-full placeholder-purple\" aria-required=\"true\" aria-invalid=\"false\" placeholder=\"\u017dinut\u0117\" name=\"your-message\"><\/textarea><\/span>\n\t\t<\/p>\n\t<\/div>\n\t<div class=\" md:w-1\/2 p-5\">\n\t\t<div class=\"bg-white  cursor-pointer text-center w-full rounded-sm border-2 border-light-purple text-18x bg-no-repeat p-8 relative filew\">\n\t\t\t<p><span class=\"wpcf7-form-control-wrap\" data-name=\"file-798\"><input size=\"40\" class=\"wpcf7-form-control wpcf7-file absolute top-0 left-0 w-full h-full opacity-0 cursor-pointer\" accept=\"audio\/*,video\/*,image\/*\" aria-invalid=\"false\" type=\"file\" name=\"file-798\" \/><\/span><i class=\"file-icon\"><\/i> Prid\u0117kite CV lai\u0161k\u0105\n\t\t\t<\/p>\n\t\t<\/div>\n\t<\/div>\n\t<div class=\" md:w-1\/2 p-5 text-right flex justify-end flex-col\">\n\t\t<div>\n\t\t\t<p><input class=\"wpcf7-form-control wpcf7-submit has-spinner w-full mdw-auto border-2 border-pink hoverbg-pink hovertext-white rounded-lg leading-12 font-semibold text-18x px-8 text-center bg-transparent cursor-pointer\" type=\"submit\" value=\"Si\u0173sti\" \/>\n\t\t\t<\/p>\n\t\t<\/div>\n\t<\/div>\n<\/div><div class=\"wpcf7-response-output\" aria-hidden=\"true\"><\/div>\n<\/form>\n<\/div>\n\n\n\n\n<p><\/p>\n\n\n\n<\/div>\n<\/div><\/body><\/html>\n<\/div>","protected":false},"excerpt":{"rendered":"","protected":false},"author":1,"featured_media":0,"parent":0,"menu_order":0,"comment_status":"closed","ping_status":"closed","template":"","meta":{"_acf_changed":false,"inline_featured_image":false,"footnotes":""},"class_list":["post-1276","page","type-page","status-publish","hentry"],"acf":[],"yoast_head":"<!-- This site is optimized with the Yoast SEO plugin v25.6 - https:\/\/yoast.com\/wordpress\/plugins\/seo\/ -->\n<title>Vlantana Karjera | Prisijunk Prie M\u016bs\u0173 - Vlantana<\/title>\n<meta name=\"description\" content=\"Prisijunk prie Vlantana komandos. Kartu su darbuotojais pl\u0117tojame ilgalaikius profesinius santykius ugdan\u010dius pasidid\u017eiavim\u0105, kurian\u010dius inovatyvi\u0105 ir stabili\u0105 darbo aplink\u0105.\" \/>\n<meta name=\"robots\" content=\"index, follow, max-snippet:-1, max-image-preview:large, max-video-preview:-1\" \/>\n<link rel=\"canonical\" href=\"https:\/\/vlantana.eu\/lt\/zmones\/\" \/>\n<meta property=\"og:locale\" content=\"lt_LT\" \/>\n<meta property=\"og:type\" content=\"article\" \/>\n<meta property=\"og:title\" content=\"Vlantana Karjera | Prisijunk Prie M\u016bs\u0173 - Vlantana\" \/>\n<meta property=\"og:description\" content=\"Prisijunk prie Vlantana komandos. Kartu su darbuotojais pl\u0117tojame ilgalaikius profesinius santykius ugdan\u010dius pasidid\u017eiavim\u0105, kurian\u010dius inovatyvi\u0105 ir stabili\u0105 darbo aplink\u0105.\" \/>\n<meta property=\"og:url\" content=\"https:\/\/vlantana.eu\/lt\/zmones\/\" \/>\n<meta property=\"og:site_name\" content=\"Vlantana\" \/>\n<meta property=\"article:publisher\" content=\"https:\/\/www.facebook.com\/Vlantana\/\" \/>\n<meta property=\"article:modified_time\" content=\"2025-05-21T12:13:05+00:00\" \/>\n<meta property=\"og:image\" content=\"https:\/\/vlantana.eu\/wp-content\/uploads\/2020\/06\/Vlantana-web.jpg\" \/>\n\t<meta property=\"og:image:width\" content=\"1200\" \/>\n\t<meta property=\"og:image:height\" content=\"627\" \/>\n\t<meta property=\"og:image:type\" content=\"image\/jpeg\" \/>\n<meta name=\"twitter:card\" content=\"summary_large_image\" \/>\n<meta name=\"twitter:label1\" content=\"Est. reading time\" \/>\n\t<meta name=\"twitter:data1\" content=\"1 minut\u0117\" \/>\n<script type=\"application\/ld+json\" class=\"yoast-schema-graph\">{\"@context\":\"https:\/\/schema.org\",\"@graph\":[{\"@type\":\"WebPage\",\"@id\":\"https:\/\/vlantana.eu\/lt\/zmones\/\",\"url\":\"https:\/\/vlantana.eu\/lt\/zmones\/\",\"name\":\"Vlantana Karjera | Prisijunk Prie M\u016bs\u0173 - Vlantana\",\"isPartOf\":{\"@id\":\"https:\/\/vlantana.eu\/lt\/#website\"},\"datePublished\":\"2020-05-14T18:20:55+00:00\",\"dateModified\":\"2025-05-21T12:13:05+00:00\",\"description\":\"Prisijunk prie Vlantana komandos. Kartu su darbuotojais pl\u0117tojame ilgalaikius profesinius santykius ugdan\u010dius pasidid\u017eiavim\u0105, kurian\u010dius inovatyvi\u0105 ir stabili\u0105 darbo aplink\u0105.\",\"breadcrumb\":{\"@id\":\"https:\/\/vlantana.eu\/lt\/zmones\/#breadcrumb\"},\"inLanguage\":\"lt-LT\",\"potentialAction\":[{\"@type\":\"ReadAction\",\"target\":[\"https:\/\/vlantana.eu\/lt\/zmones\/\"]}]},{\"@type\":\"BreadcrumbList\",\"@id\":\"https:\/\/vlantana.eu\/lt\/zmones\/#breadcrumb\",\"itemListElement\":[{\"@type\":\"ListItem\",\"position\":1,\"name\":\"Home\",\"item\":\"https:\/\/vlantana.eu\/lt\/\"},{\"@type\":\"ListItem\",\"position\":2,\"name\":\"Karjera\"}]},{\"@type\":\"WebSite\",\"@id\":\"https:\/\/vlantana.eu\/lt\/#website\",\"url\":\"https:\/\/vlantana.eu\/lt\/\",\"name\":\"Vlantana\",\"description\":\"\",\"publisher\":{\"@id\":\"https:\/\/vlantana.eu\/lt\/#organization\"},\"potentialAction\":[{\"@type\":\"SearchAction\",\"target\":{\"@type\":\"EntryPoint\",\"urlTemplate\":\"https:\/\/vlantana.eu\/lt\/?s={search_term_string}\"},\"query-input\":{\"@type\":\"PropertyValueSpecification\",\"valueRequired\":true,\"valueName\":\"search_term_string\"}}],\"inLanguage\":\"lt-LT\"},{\"@type\":\"Organization\",\"@id\":\"https:\/\/vlantana.eu\/lt\/#organization\",\"name\":\"Vlantana\",\"url\":\"https:\/\/vlantana.eu\/lt\/\",\"logo\":{\"@type\":\"ImageObject\",\"inLanguage\":\"lt-LT\",\"@id\":\"https:\/\/vlantana.eu\/lt\/#\/schema\/logo\/image\/\",\"url\":\"https:\/\/vlantana.eu\/wp-content\/uploads\/2020\/05\/VL-logo-spal.svg\",\"contentUrl\":\"https:\/\/vlantana.eu\/wp-content\/uploads\/2020\/05\/VL-logo-spal.svg\",\"width\":\"1024\",\"height\":\"1024\",\"caption\":\"Vlantana\"},\"image\":{\"@id\":\"https:\/\/vlantana.eu\/lt\/#\/schema\/logo\/image\/\"},\"sameAs\":[\"https:\/\/www.facebook.com\/Vlantana\/\",\"https:\/\/www.linkedin.com\/company\/vlantana-uab\"]}]}<\/script>\n<!-- \/ Yoast SEO plugin. -->","yoast_head_json":{"title":"Vlantana Karjera | Prisijunk Prie M\u016bs\u0173 - Vlantana","description":"Prisijunk prie Vlantana komandos. Kartu su darbuotojais pl\u0117tojame ilgalaikius profesinius santykius ugdan\u010dius pasidid\u017eiavim\u0105, kurian\u010dius inovatyvi\u0105 ir stabili\u0105 darbo aplink\u0105.","robots":{"index":"index","follow":"follow","max-snippet":"max-snippet:-1","max-image-preview":"max-image-preview:large","max-video-preview":"max-video-preview:-1"},"canonical":"https:\/\/vlantana.eu\/lt\/zmones\/","og_locale":"lt_LT","og_type":"article","og_title":"Vlantana Karjera | Prisijunk Prie M\u016bs\u0173 - Vlantana","og_description":"Prisijunk prie Vlantana komandos. Kartu su darbuotojais pl\u0117tojame ilgalaikius profesinius santykius ugdan\u010dius pasidid\u017eiavim\u0105, kurian\u010dius inovatyvi\u0105 ir stabili\u0105 darbo aplink\u0105.","og_url":"https:\/\/vlantana.eu\/lt\/zmones\/","og_site_name":"Vlantana","article_publisher":"https:\/\/www.facebook.com\/Vlantana\/","article_modified_time":"2025-05-21T12:13:05+00:00","og_image":[{"width":1200,"height":627,"url":"https:\/\/vlantana.eu\/wp-content\/uploads\/2020\/06\/Vlantana-web.jpg","type":"image\/jpeg"}],"twitter_card":"summary_large_image","twitter_misc":{"Est. reading time":"1 minut\u0117"},"schema":{"@context":"https:\/\/schema.org","@graph":[{"@type":"WebPage","@id":"https:\/\/vlantana.eu\/lt\/zmones\/","url":"https:\/\/vlantana.eu\/lt\/zmones\/","name":"Vlantana Karjera | Prisijunk Prie M\u016bs\u0173 - Vlantana","isPartOf":{"@id":"https:\/\/vlantana.eu\/lt\/#website"},"datePublished":"2020-05-14T18:20:55+00:00","dateModified":"2025-05-21T12:13:05+00:00","description":"Prisijunk prie Vlantana komandos. Kartu su darbuotojais pl\u0117tojame ilgalaikius profesinius santykius ugdan\u010dius pasidid\u017eiavim\u0105, kurian\u010dius inovatyvi\u0105 ir stabili\u0105 darbo aplink\u0105.","breadcrumb":{"@id":"https:\/\/vlantana.eu\/lt\/zmones\/#breadcrumb"},"inLanguage":"lt-LT","potentialAction":[{"@type":"ReadAction","target":["https:\/\/vlantana.eu\/lt\/zmones\/"]}]},{"@type":"BreadcrumbList","@id":"https:\/\/vlantana.eu\/lt\/zmones\/#breadcrumb","itemListElement":[{"@type":"ListItem","position":1,"name":"Home","item":"https:\/\/vlantana.eu\/lt\/"},{"@type":"ListItem","position":2,"name":"Karjera"}]},{"@type":"WebSite","@id":"https:\/\/vlantana.eu\/lt\/#website","url":"https:\/\/vlantana.eu\/lt\/","name":"Vlantana","description":"","publisher":{"@id":"https:\/\/vlantana.eu\/lt\/#organization"},"potentialAction":[{"@type":"SearchAction","target":{"@type":"EntryPoint","urlTemplate":"https:\/\/vlantana.eu\/lt\/?s={search_term_string}"},"query-input":{"@type":"PropertyValueSpecification","valueRequired":true,"valueName":"search_term_string"}}],"inLanguage":"lt-LT"},{"@type":"Organization","@id":"https:\/\/vlantana.eu\/lt\/#organization","name":"Vlantana","url":"https:\/\/vlantana.eu\/lt\/","logo":{"@type":"ImageObject","inLanguage":"lt-LT","@id":"https:\/\/vlantana.eu\/lt\/#\/schema\/logo\/image\/","url":"https:\/\/vlantana.eu\/wp-content\/uploads\/2020\/05\/VL-logo-spal.svg","contentUrl":"https:\/\/vlantana.eu\/wp-content\/uploads\/2020\/05\/VL-logo-spal.svg","width":"1024","height":"1024","caption":"Vlantana"},"image":{"@id":"https:\/\/vlantana.eu\/lt\/#\/schema\/logo\/image\/"},"sameAs":["https:\/\/www.facebook.com\/Vlantana\/","https:\/\/www.linkedin.com\/company\/vlantana-uab"]}]}},"_links":{"self":[{"href":"https:\/\/vlantana.eu\/lt\/wp-json\/wp\/v2\/pages\/1276"}],"collection":[{"href":"https:\/\/vlantana.eu\/lt\/wp-json\/wp\/v2\/pages"}],"about":[{"href":"https:\/\/vlantana.eu\/lt\/wp-json\/wp\/v2\/types\/page"}],"author":[{"embeddable":true,"href":"https:\/\/vlantana.eu\/lt\/wp-json\/wp\/v2\/users\/1"}],"replies":[{"embeddable":true,"href":"https:\/\/vlantana.eu\/lt\/wp-json\/wp\/v2\/comments?post=1276"}],"version-history":[{"count":22,"href":"https:\/\/vlantana.eu\/lt\/wp-json\/wp\/v2\/pages\/1276\/revisions"}],"predecessor-version":[{"id":8908,"href":"https:\/\/vlantana.eu\/lt\/wp-json\/wp\/v2\/pages\/1276\/revisions\/8908"}],"wp:attachment":[{"href":"https:\/\/vlantana.eu\/lt\/wp-json\/wp\/v2\/media?parent=1276"}],"curies":[{"name":"wp","href":"https:\/\/api.w.org\/{rel}","templated":true}]}}