{"id":1284,"date":"2020-05-14T18:54:16","date_gmt":"2020-05-14T18:54:16","guid":{"rendered":"https:\/\/vlantana.eu\/degaline-ir-sunkvezimiu-plovykla\/"},"modified":"2021-03-04T09:33:30","modified_gmt":"2021-03-04T06:33:30","slug":"degaline-ir-sunkvezimiu-plovykla","status":"publish","type":"page","link":"https:\/\/vlantana.eu\/lt\/degaline-ir-sunkvezimiu-plovykla\/","title":{"rendered":"Degalin\u0117 ir sunkve\u017eimi\u0173 plovykla"},"content":{"rendered":"\n<section class=\"wp-block-adoras-title site-title undefined\"><div class=\"bgtitle container full-width\"><div class=\"background desktoponly bg-cover bg-center\" style=\"background-image:url('https:\/\/vlantana.eu\/wp-content\/uploads\/2020\/05\/VL-petrol1.jpg')\"><\/div><div class=\"background mobileonly bg-cover bg-center\" style=\"background-image:url('https:\/\/vlantana.eu\/wp-content\/uploads\/2020\/05\/Mobile.-Petrol-station.jpg')\"><\/div><svg class=\"absolute bottom-0 left-0 w-full pointer-events-none\" viewbox=\"0 0 2560 539\"><defs><mask id=\"title-clipping\"><rect x=\"-50%\" y=\"-50%\" width=\"200%\" height=\"200%\" fill=\"white\"><\/rect><path style=\"fill:#000000\" d=\"M 638.66667,542.08762 C 414.52136,539.42004 243.35976,524.95159 0,491.37831 V 3.4290919 H 2560.0097 C 2559.7842,121.83389 2559.5588,240.23868 2559.3333,358.64348 1993.9988,495.45778 1334.216,548.93684 638.66667,542.08762 Z\"><\/path><rect x=\"-50%\" y=\"-50%\" width=\"200%\" height=\"75%\" fill=\"black\"><\/rect><\/mask><\/defs><rect style=\"fill:rgba(255,255,255,1)\" width=\"100%\" height=\"100%\" mask=\"url(#title-clipping)\"><\/rect><rect style=\"fill:rgba(255,255,255,1)\" width=\"100%\" height=\"1%\" y=\"99.8%\"><\/rect><\/svg><div class=\"container mx-auto relative\"><h1 class=\"h1 purple\">Degalin\u0117<br\/>sunkve\u017eimi\u0173 plovykla<\/h1><\/div><\/div><\/section>\n<section  class='wp-block-adoras-snippet petrol-intro container mx-auto section first '><!DOCTYPE html PUBLIC \"-\/\/W3C\/\/DTD HTML 4.0 Transitional\/\/EN\" \"http:\/\/www.w3.org\/TR\/REC-html40\/loose.dtd\">\n<html><body><h3 class=\"h3 mb-6 md:mb-0  \"><span class=\"slot1\">Degalin\u0117 ir plovykla yra labai populiarios keliautoj\u0173 tarpe \u2013 tiek keliaujan\u010di\u0173 krovininiu transportu, tiek ir lengvaisiais automobiliais. Tai s\u0105lygoja patogi lokacija<br>\u2013 autostrados A1\/E85 295 kilometras.<\/span><\/h3>\n<div class=\"md:flex  bg-light-gray2 md:rounded-r-1rem extend-left smo:extend-right text-20x md:mr-35 mt-12\">\n<div class=\"md:w-5-2\/12 pr-8 py-12 text-justify\">\n                <span class=\"slot2\">Degalin\u0117 paslaugas teikia vis\u0105 par\u0105. \u010cia J\u016bs grei\u010diausiai rasite geriausi\u0105 degal\u0173 kain\u0105 Klaip\u0117doje. D\u0117l \u0161ios prie\u017easties Vlantanos degalin\u0117 yra da\u017eniausiai <strong>sunkve\u017eimi\u0173 ir lengv\u0173j\u0173 automobili\u0173 pasirenkama degalin\u0117, <\/strong>prie\u0161 t\u0119siant kelion\u0119 toliau \u012f Klaip\u0117d\u0105 ir u\u017e jos rib\u0173. Degalin\u0117 sunkve\u017eimi\u0173 vairuotojams vis\u0105 par\u0105 si\u016blo ir jiems skirtas papildomas paslaugas: sunkve\u017eimi\u0173 plovimas, sv\u0117rimas, valgykla, du\u0161as, bevielis internetas.<\/span><\/div>\n<div class=\"md:w-6-8\/12\">\n<div class=\"relative md:-mt-15 md:-mr-35\">\n<img decoding=\"async\" src=\"https:\/\/vlantana.eu\/wp-content\/uploads\/2020\/05\/VL-petrol2.png\" class=\"w-full\"><\/div>\n<\/div>\n<\/div><\/body><\/html>\n<\/section><section  class='wp-block-adoras-snippet petrol-intro container mx-auto section first '><!DOCTYPE html PUBLIC \"-\/\/W3C\/\/DTD HTML 4.0 Transitional\/\/EN\" \"http:\/\/www.w3.org\/TR\/REC-html40\/loose.dtd\">\n<html><body><h3 class=\"h3 mb-6 md:mb-20  \"><span class=\"slot1\">Vilkik\u0173 stov\u0117jimo aik\u0161tel\u0117<\/span><\/h3>\n<div class=\"md:flex  bg-light-gray2 md:rounded-l-1rem extend-right smo:extend-left text-20x md:ml-35 mt-12\">\n<div class=\"md:w-6-8\/12\">\n<div class=\"relative md:-mt-15 md:-ml-35\">\n<img decoding=\"async\" src=\"https:\/\/vlantana.eu\/wp-content\/uploads\/2021\/03\/imageonline-co-roundcorner-2.png\" class=\"w-full\"><\/div>\n<\/div>\n<div class=\"md:w-5-2\/12 pr-8 pl-22 py-12 text-justify\">\n                <span class=\"slot2\">Vilkik\u0173 stov\u0117jimo aik\u0161tel\u0117\nSun\u00adkias\u00advo\u00adrio trans\u00adpor\u00adto stov\u0117\u00adji\u00admo aik\u0161\u00adte\u00adl\u0117, talpinanti 150 vilkik\u0173, yra \u0161ali greitkelio A1, greta pagrindin\u0117s \u201eVlantana\u201c b\u016bstin\u0117s, greta Klaip\u0117dos uosto (Vilniaus pl. 30, Gobergi\u0161k\u0117, Klaip\u0117dos r.)\n\u0160io\u00adje vi\u00ads\u0105 pa\u00adr\u0105 apsaugos kameromis stebimoje aptvertoje aik\u0161\u00adte\u00adl\u0117\u00adje vil\u00adki\u00adkus sau\u00adgiai ga\u00adl\u0117s lai\u00adky\u00adti ne tik pro \u0161a\u00adl\u012f prava\u017eiuojantys, bet ir ap\u00adsi\u00adsto\u00adj\u0119 motelyje vilkik\u0173 vairuotojai. \u0160a\u00adlia vi\u00ads\u0105 pa\u00adr\u0105 vei\u00adkian\u010dioje de\u00adga\u00adli\u00adn\u0117je galima ap\u00adsi\u00adpirk\u00adti ir pa\u00adval\u00adgy\u00adti, pasinaudoti mokamais du\u0161ais. Stovintiems aik\u0161tel\u0117je taikomos papildomos nuolaidos degalin\u0117s, plo\u00advyk\u00adlos, motelio ir kavin\u0117s paslaugoms.<\/span><\/div>\n<\/div><\/body><\/html>\n<\/section><section  class='wp-block-adoras-snippet wash container mx-auto section lg:my-35 '><!DOCTYPE html PUBLIC \"-\/\/W3C\/\/DTD HTML 4.0 Transitional\/\/EN\" \"http:\/\/www.w3.org\/TR\/REC-html40\/loose.dtd\">\n<html><body><div class=\"md:flex\">\n<div class=\"md:w-4-2\/12 flex-grow\">\u00a0<\/div>\n<div class=\"md:w-6-8\/12 bg-light-gray2  extend-right smo:extend-left text-20x md:rounded-l-1rem md:pl-22 py-18 pb-32 text-justify\"><span class=\"slot1\">Sunkve\u017eimi\u0173 plovykla veikia vis\u0105 par\u0105. Objektas apr\u016bpintas moderniausia Christ and Kranzle \u012franga, leid\u017eian\u010dia priimti transporto priemones, kuri\u0173 auk\u0161tis yra iki 5 m ir plotis iki 4 m. Joje naudojamos tik auk\u0161tos kokyb\u0117s sertifikuotos chemin\u0117s med\u017eiagos. \u201eSunkve\u017eimio plovyklos\u201c licencija suteikia teis\u0119 plauti \/ dezinfekuoti priekabas, skirtas maisto gabenimui.<\/span><\/div>\n<\/div>\n<div class=\"rounded-1rem -mt-17 relative z-10\"><img decoding=\"async\" src=\"https:\/\/vlantana.eu\/wp-content\/uploads\/2020\/05\/VL-petrol3.png\"><\/div>\n\n<!-- wp:paragraph -->\n<p><\/p>\n<!-- \/wp:paragraph --><\/body><\/html>\n<\/section><section  class='wp-block-adoras-snippet mh39v section last nofooterspace '><!DOCTYPE html PUBLIC \"-\/\/W3C\/\/DTD HTML 4.0 Transitional\/\/EN\" \"http:\/\/www.w3.org\/TR\/REC-html40\/loose.dtd\">\n<html><body><img decoding=\"async\" class=\"desktoponly object-center object-cover h-full w-full\" src=\"https:\/\/vlantana.eu\/wp-content\/uploads\/2020\/05\/VL-petrol4.png\">\n<img decoding=\"async\" class=\"mobileonly object-center object-cover h-full w-full\" src=\"https:\/\/vlantana.eu\/wp-content\/uploads\/2020\/05\/VL-petrol5.jpg\">\n<div class=\"absolute top-0 left-0 w-full h-full text-white text-20x\">\n<div class=\"container mx-auto py-10 md:py-24\">\n\n\n<p><strong class=\"bold mb-6 md:mb-0 text-20x lg:text-30x block\">Kreipkit\u0117s d\u0117l lojalumo kortel\u0117s ir gaukite geresn\u012f pasi\u016blym\u0105!<\/strong><\/p>\n<p>Paklauskite d\u0117l j\u016bs\u0173 lojalumo kortel\u0117s degalin\u0117je.<\/p>\n<p>Galimi ypatingi pasi\u016blymai verslo klientams.<br>Susisiekite su mumis d\u0117l papildomos informacijos.<\/p>\n\n<\/div>\n<\/div><\/body><\/html>\n<\/section>","protected":false},"excerpt":{"rendered":"","protected":false},"author":1,"featured_media":0,"parent":0,"menu_order":0,"comment_status":"closed","ping_status":"closed","template":"","meta":{"_acf_changed":false,"inline_featured_image":false,"footnotes":""},"class_list":["post-1284","page","type-page","status-publish","hentry"],"acf":[],"yoast_head":"<!-- This site is optimized with the Yoast SEO plugin v25.6 - https:\/\/yoast.com\/wordpress\/plugins\/seo\/ -->\n<title>Degalin\u0117 | Sunkve\u017eimi\u0173 Plovyka Klaip\u0117doje - Vlantana<\/title>\n<meta name=\"description\" content=\"&quot;Teikiame degalin\u0117s ir sunkve\u017eimi\u0173 plovyklos paslaugas vis\u0105 par\u0105. \u010cia rasite geriausi\u0105 degal\u0173 norm\u0105 Klaip\u0117doje, tod\u0117l Vlantanos degalin\u0117 gali b\u016bti pati pirmiausia pasirinkta stotel\u0117.&quot;\" \/>\n<meta name=\"robots\" content=\"index, follow, max-snippet:-1, max-image-preview:large, max-video-preview:-1\" \/>\n<link rel=\"canonical\" href=\"https:\/\/vlantana.eu\/lt\/degaline-ir-sunkvezimiu-plovykla\/\" \/>\n<meta property=\"og:locale\" content=\"lt_LT\" \/>\n<meta property=\"og:type\" content=\"article\" \/>\n<meta property=\"og:title\" content=\"Degalin\u0117 | Sunkve\u017eimi\u0173 Plovyka Klaip\u0117doje - Vlantana\" \/>\n<meta property=\"og:description\" content=\"&quot;Teikiame degalin\u0117s ir sunkve\u017eimi\u0173 plovyklos paslaugas vis\u0105 par\u0105. \u010cia rasite geriausi\u0105 degal\u0173 norm\u0105 Klaip\u0117doje, tod\u0117l Vlantanos degalin\u0117 gali b\u016bti pati pirmiausia pasirinkta stotel\u0117.&quot;\" \/>\n<meta property=\"og:url\" content=\"https:\/\/vlantana.eu\/lt\/degaline-ir-sunkvezimiu-plovykla\/\" \/>\n<meta property=\"og:site_name\" content=\"Vlantana\" \/>\n<meta property=\"article:publisher\" content=\"https:\/\/www.facebook.com\/Vlantana\/\" \/>\n<meta property=\"article:modified_time\" content=\"2021-03-04T06:33:30+00:00\" \/>\n<meta property=\"og:image\" content=\"https:\/\/vlantana.eu\/wp-content\/uploads\/2020\/06\/Vlantana-web.jpg\" \/>\n\t<meta property=\"og:image:width\" content=\"1200\" \/>\n\t<meta property=\"og:image:height\" content=\"627\" \/>\n\t<meta property=\"og:image:type\" content=\"image\/jpeg\" \/>\n<meta name=\"twitter:card\" content=\"summary_large_image\" \/>\n<script type=\"application\/ld+json\" class=\"yoast-schema-graph\">{\"@context\":\"https:\/\/schema.org\",\"@graph\":[{\"@type\":\"WebPage\",\"@id\":\"https:\/\/vlantana.eu\/lt\/degaline-ir-sunkvezimiu-plovykla\/\",\"url\":\"https:\/\/vlantana.eu\/lt\/degaline-ir-sunkvezimiu-plovykla\/\",\"name\":\"Degalin\u0117 | Sunkve\u017eimi\u0173 Plovyka Klaip\u0117doje - Vlantana\",\"isPartOf\":{\"@id\":\"https:\/\/vlantana.eu\/lt\/#website\"},\"datePublished\":\"2020-05-14T18:54:16+00:00\",\"dateModified\":\"2021-03-04T06:33:30+00:00\",\"description\":\"\\\"Teikiame degalin\u0117s ir sunkve\u017eimi\u0173 plovyklos paslaugas vis\u0105 par\u0105. \u010cia rasite geriausi\u0105 degal\u0173 norm\u0105 Klaip\u0117doje, tod\u0117l Vlantanos degalin\u0117 gali b\u016bti pati pirmiausia pasirinkta stotel\u0117.\\\"\",\"breadcrumb\":{\"@id\":\"https:\/\/vlantana.eu\/lt\/degaline-ir-sunkvezimiu-plovykla\/#breadcrumb\"},\"inLanguage\":\"lt-LT\",\"potentialAction\":[{\"@type\":\"ReadAction\",\"target\":[\"https:\/\/vlantana.eu\/lt\/degaline-ir-sunkvezimiu-plovykla\/\"]}]},{\"@type\":\"BreadcrumbList\",\"@id\":\"https:\/\/vlantana.eu\/lt\/degaline-ir-sunkvezimiu-plovykla\/#breadcrumb\",\"itemListElement\":[{\"@type\":\"ListItem\",\"position\":1,\"name\":\"Home\",\"item\":\"https:\/\/vlantana.eu\/lt\/\"},{\"@type\":\"ListItem\",\"position\":2,\"name\":\"Degalin\u0117 ir sunkve\u017eimi\u0173 plovykla\"}]},{\"@type\":\"WebSite\",\"@id\":\"https:\/\/vlantana.eu\/lt\/#website\",\"url\":\"https:\/\/vlantana.eu\/lt\/\",\"name\":\"Vlantana\",\"description\":\"\",\"publisher\":{\"@id\":\"https:\/\/vlantana.eu\/lt\/#organization\"},\"potentialAction\":[{\"@type\":\"SearchAction\",\"target\":{\"@type\":\"EntryPoint\",\"urlTemplate\":\"https:\/\/vlantana.eu\/lt\/?s={search_term_string}\"},\"query-input\":{\"@type\":\"PropertyValueSpecification\",\"valueRequired\":true,\"valueName\":\"search_term_string\"}}],\"inLanguage\":\"lt-LT\"},{\"@type\":\"Organization\",\"@id\":\"https:\/\/vlantana.eu\/lt\/#organization\",\"name\":\"Vlantana\",\"url\":\"https:\/\/vlantana.eu\/lt\/\",\"logo\":{\"@type\":\"ImageObject\",\"inLanguage\":\"lt-LT\",\"@id\":\"https:\/\/vlantana.eu\/lt\/#\/schema\/logo\/image\/\",\"url\":\"https:\/\/vlantana.eu\/wp-content\/uploads\/2020\/05\/VL-logo-spal.svg\",\"contentUrl\":\"https:\/\/vlantana.eu\/wp-content\/uploads\/2020\/05\/VL-logo-spal.svg\",\"width\":\"1024\",\"height\":\"1024\",\"caption\":\"Vlantana\"},\"image\":{\"@id\":\"https:\/\/vlantana.eu\/lt\/#\/schema\/logo\/image\/\"},\"sameAs\":[\"https:\/\/www.facebook.com\/Vlantana\/\",\"https:\/\/www.linkedin.com\/company\/vlantana-uab\"]}]}<\/script>\n<!-- \/ Yoast SEO plugin. -->","yoast_head_json":{"title":"Degalin\u0117 | Sunkve\u017eimi\u0173 Plovyka Klaip\u0117doje - Vlantana","description":"\"Teikiame degalin\u0117s ir sunkve\u017eimi\u0173 plovyklos paslaugas vis\u0105 par\u0105. \u010cia rasite geriausi\u0105 degal\u0173 norm\u0105 Klaip\u0117doje, tod\u0117l Vlantanos degalin\u0117 gali b\u016bti pati pirmiausia pasirinkta stotel\u0117.\"","robots":{"index":"index","follow":"follow","max-snippet":"max-snippet:-1","max-image-preview":"max-image-preview:large","max-video-preview":"max-video-preview:-1"},"canonical":"https:\/\/vlantana.eu\/lt\/degaline-ir-sunkvezimiu-plovykla\/","og_locale":"lt_LT","og_type":"article","og_title":"Degalin\u0117 | Sunkve\u017eimi\u0173 Plovyka Klaip\u0117doje - Vlantana","og_description":"\"Teikiame degalin\u0117s ir sunkve\u017eimi\u0173 plovyklos paslaugas vis\u0105 par\u0105. \u010cia rasite geriausi\u0105 degal\u0173 norm\u0105 Klaip\u0117doje, tod\u0117l Vlantanos degalin\u0117 gali b\u016bti pati pirmiausia pasirinkta stotel\u0117.\"","og_url":"https:\/\/vlantana.eu\/lt\/degaline-ir-sunkvezimiu-plovykla\/","og_site_name":"Vlantana","article_publisher":"https:\/\/www.facebook.com\/Vlantana\/","article_modified_time":"2021-03-04T06:33:30+00:00","og_image":[{"width":1200,"height":627,"url":"https:\/\/vlantana.eu\/wp-content\/uploads\/2020\/06\/Vlantana-web.jpg","type":"image\/jpeg"}],"twitter_card":"summary_large_image","schema":{"@context":"https:\/\/schema.org","@graph":[{"@type":"WebPage","@id":"https:\/\/vlantana.eu\/lt\/degaline-ir-sunkvezimiu-plovykla\/","url":"https:\/\/vlantana.eu\/lt\/degaline-ir-sunkvezimiu-plovykla\/","name":"Degalin\u0117 | Sunkve\u017eimi\u0173 Plovyka Klaip\u0117doje - Vlantana","isPartOf":{"@id":"https:\/\/vlantana.eu\/lt\/#website"},"datePublished":"2020-05-14T18:54:16+00:00","dateModified":"2021-03-04T06:33:30+00:00","description":"\"Teikiame degalin\u0117s ir sunkve\u017eimi\u0173 plovyklos paslaugas vis\u0105 par\u0105. \u010cia rasite geriausi\u0105 degal\u0173 norm\u0105 Klaip\u0117doje, tod\u0117l Vlantanos degalin\u0117 gali b\u016bti pati pirmiausia pasirinkta stotel\u0117.\"","breadcrumb":{"@id":"https:\/\/vlantana.eu\/lt\/degaline-ir-sunkvezimiu-plovykla\/#breadcrumb"},"inLanguage":"lt-LT","potentialAction":[{"@type":"ReadAction","target":["https:\/\/vlantana.eu\/lt\/degaline-ir-sunkvezimiu-plovykla\/"]}]},{"@type":"BreadcrumbList","@id":"https:\/\/vlantana.eu\/lt\/degaline-ir-sunkvezimiu-plovykla\/#breadcrumb","itemListElement":[{"@type":"ListItem","position":1,"name":"Home","item":"https:\/\/vlantana.eu\/lt\/"},{"@type":"ListItem","position":2,"name":"Degalin\u0117 ir sunkve\u017eimi\u0173 plovykla"}]},{"@type":"WebSite","@id":"https:\/\/vlantana.eu\/lt\/#website","url":"https:\/\/vlantana.eu\/lt\/","name":"Vlantana","description":"","publisher":{"@id":"https:\/\/vlantana.eu\/lt\/#organization"},"potentialAction":[{"@type":"SearchAction","target":{"@type":"EntryPoint","urlTemplate":"https:\/\/vlantana.eu\/lt\/?s={search_term_string}"},"query-input":{"@type":"PropertyValueSpecification","valueRequired":true,"valueName":"search_term_string"}}],"inLanguage":"lt-LT"},{"@type":"Organization","@id":"https:\/\/vlantana.eu\/lt\/#organization","name":"Vlantana","url":"https:\/\/vlantana.eu\/lt\/","logo":{"@type":"ImageObject","inLanguage":"lt-LT","@id":"https:\/\/vlantana.eu\/lt\/#\/schema\/logo\/image\/","url":"https:\/\/vlantana.eu\/wp-content\/uploads\/2020\/05\/VL-logo-spal.svg","contentUrl":"https:\/\/vlantana.eu\/wp-content\/uploads\/2020\/05\/VL-logo-spal.svg","width":"1024","height":"1024","caption":"Vlantana"},"image":{"@id":"https:\/\/vlantana.eu\/lt\/#\/schema\/logo\/image\/"},"sameAs":["https:\/\/www.facebook.com\/Vlantana\/","https:\/\/www.linkedin.com\/company\/vlantana-uab"]}]}},"_links":{"self":[{"href":"https:\/\/vlantana.eu\/lt\/wp-json\/wp\/v2\/pages\/1284"}],"collection":[{"href":"https:\/\/vlantana.eu\/lt\/wp-json\/wp\/v2\/pages"}],"about":[{"href":"https:\/\/vlantana.eu\/lt\/wp-json\/wp\/v2\/types\/page"}],"author":[{"embeddable":true,"href":"https:\/\/vlantana.eu\/lt\/wp-json\/wp\/v2\/users\/1"}],"replies":[{"embeddable":true,"href":"https:\/\/vlantana.eu\/lt\/wp-json\/wp\/v2\/comments?post=1284"}],"version-history":[{"count":11,"href":"https:\/\/vlantana.eu\/lt\/wp-json\/wp\/v2\/pages\/1284\/revisions"}],"predecessor-version":[{"id":3054,"href":"https:\/\/vlantana.eu\/lt\/wp-json\/wp\/v2\/pages\/1284\/revisions\/3054"}],"wp:attachment":[{"href":"https:\/\/vlantana.eu\/lt\/wp-json\/wp\/v2\/media?parent=1284"}],"curies":[{"name":"wp","href":"https:\/\/api.w.org\/{rel}","templated":true}]}}