{"id":1289,"date":"2020-05-14T19:04:54","date_gmt":"2020-05-14T19:04:54","guid":{"rendered":"https:\/\/vlantana.eu\/vairuotoju-mokymo-centras\/"},"modified":"2023-02-21T10:00:05","modified_gmt":"2023-02-21T07:00:05","slug":"vairuotoju-mokymo-centras","status":"publish","type":"page","link":"https:\/\/vlantana.eu\/lt\/vairuotoju-mokymo-centras\/","title":{"rendered":"Vairuotoj\u0173 mokymo centras"},"content":{"rendered":"\n<section class=\"wp-block-adoras-title site-title undefined\"><div class=\"bgtitle container full-width\"><div class=\"background desktoponly bg-cover bg-center\" style=\"background-image:url('https:\/\/vlantana.eu\/wp-content\/uploads\/2020\/05\/VL-training1.jpg')\"><\/div><div class=\"background mobileonly bg-cover bg-center\" style=\"background-image:url('https:\/\/vlantana.eu\/wp-content\/uploads\/2020\/05\/Mobile.-Training-center.jpg')\"><\/div><svg class=\"absolute bottom-0 left-0 w-full pointer-events-none\" viewBox=\"0 0 2560 539\"><defs><mask id=\"title-clipping\"><rect x=\"-50%\" y=\"-50%\" width=\"200%\" height=\"200%\" fill=\"white\"><\/rect><path style=\"fill:#000000\" d=\"M 638.66667,542.08762 C 414.52136,539.42004 243.35976,524.95159 0,491.37831 V 3.4290919 H 2560.0097 C 2559.7842,121.83389 2559.5588,240.23868 2559.3333,358.64348 1993.9988,495.45778 1334.216,548.93684 638.66667,542.08762 Z\"><\/path><rect x=\"-50%\" y=\"-50%\" width=\"200%\" height=\"75%\" fill=\"black\"><\/rect><\/mask><\/defs><rect style=\"fill:rgba(255,255,255,1)\" width=\"100%\" height=\"100%\" mask=\"url(#title-clipping)\"><\/rect><rect style=\"fill:rgba(255,255,255,1)\" width=\"100%\" height=\"1%\" y=\"99.8%\"><\/rect><\/svg><div class=\"container mx-auto relative\"><h1 class=\"h1 purple\">Vairuotoj\u0173<br>mokymo centras<\/h1><\/div><\/div><\/section>\n\n\n<section  class='wp-block-adoras-snippet training-intro section first '><!DOCTYPE html PUBLIC \"-\/\/W3C\/\/DTD HTML 4.0 Transitional\/\/EN\" \"http:\/\/www.w3.org\/TR\/REC-html40\/loose.dtd\">\n<html><body><div class=\"container mx-auto md:flex flex-wrap relative\">\n            <div class=\"md:w-6-5\/12\">\n                <h3 class=\"h3 mb-6 md:mb-0 mt-8 max-w-md\"><span class=\"slot1\">Mokydami savo vairuotojus <br> siekiame padidinti saugum\u0105<br>keliuose<\/span><\/h3>\n            <\/div>\n            <div class=\"md:w-5-5\/12\"><img decoding=\"async\" class=\"relative md:-ml-17 rounded-1rem on3D\" src=\"https:\/\/vlantana.eu\/wp-content\/uploads\/2020\/04\/VL-training2.jpg\"><\/div>\n            <div class=\"w-full bg-light-gray2 extend-left rounded-r-1rem text-20x md:absolute bottom-0 mb-4 z-n1\">\n                <div class=\"md:w-6-5\/12 py-12 max-w-lg\">\n<span class=\"slot3\">Saugumas &#8211; tai svarbiausias m\u016bs\u0173 prioritetas ir viena i\u0161 keturi\u0173 pagrindini\u0173 vertybi\u0173, kuriomis grind\u017eiame savo versl\u0105. Vlantana dar 2012 m. \u012fk\u016br\u0117 Vairuotoj\u0173 mokymo centr\u0105. Pagrindin\u0117 vairuotoj\u0173 mokymo centro misija &#8211; i\u0161mokyti m\u016bs\u0173 vairuotojus saugaus ir ekologi\u0161ko vairavimo<\/span>\n<\/div>\n            <\/div>\n        <\/div>\n\n<!-- wp:paragraph -->\n<p><\/p>\n<!-- \/wp:paragraph --><\/body><\/html>\n<\/section>\n\n<section  class='wp-block-adoras-snippet training-text section '><!DOCTYPE html PUBLIC \"-\/\/W3C\/\/DTD HTML 4.0 Transitional\/\/EN\" \"http:\/\/www.w3.org\/TR\/REC-html40\/loose.dtd\">\n<html><body><div class=\"container mx-auto relative\">\n<div class=\"relative z-10\">\n<h3 class=\"h3 mb-6 md:mb-0 mt-8 max-w-3xl\"><span class=\"slot1\">Nuolatinis saugaus ir ekologi\u0161ko va\u017eiavimo skatinimas prisideda prie saugumo keliuose u\u017etikrinimo ir leid\u017eia suma\u017einti degal\u0173 s\u0105naudas<\/span><\/h3>\n<\/div>\n<div class=\" md:-mt-32 relative z-n1\">\n\n            <img decoding=\"async\" class=\"relative  rounded-1rem on3D\" src=\"https:\/\/vlantana.eu\/wp-content\/uploads\/2020\/04\/VL-training3.jpg\">\n<div class=\"w-full bg-light-gray2 extend-left extend-right  text-20x  z-n1 absolute bottom-0 top-0 mt-43 z-0\"><\/div>\n<\/div>\n<div class=\"w-full bg-light-gray2 extend-left extend-right  text-20x  \">\n<div class=\" py-12 max-full\">\n           <span class=\"slot3\">M\u016bs\u0173 darbuotojai \u012fgyja ir teorini\u0173 \u017eini\u0173, ir praktini\u0173 \u012fg\u016bd\u017ei\u0173, atsi\u017evelgiant \u012f tai, kurioje Europos dalyje darbuosis, kadangi oro s\u0105lygos \u0161iaur\u0117je ir pietuose nepalyginamos. Mes tikime, kad nuolatiniai mokymai m\u016bs\u0173 kasdien\u0117je veikloje prisideda prie saugaus ir tvaraus verslo vystymo.<\/span><\/div>\n<\/div>\n<\/div><\/body><\/html>\n<\/section>\n\n<section  class='wp-block-adoras-snippet public container mx-auto section last '><h3 class=\"h3 mb-6 md:mb-0 mt-8 max-w-5xl\"><span class=\"slot1\">M&#363;s&#371; mokymo centras atviras ir visuomenei. Mes kvie&#269;iame visus besidomin&#269;ius &#303; &scaron;iuos kursus:<\/span><\/h3>\n\n<div  class='wp-block-adoras-snippet relative mt-10 '><div class=\"flex flex-wrap text-purple text-center text-20x font-bold leading-none\">\n\n<div  class='wp-block-adoras-snippet w-1\/2 md:w-1\/4 '><!DOCTYPE html PUBLIC \"-\/\/W3C\/\/DTD HTML 4.0 Transitional\/\/EN\" \"http:\/\/www.w3.org\/TR\/REC-html40\/loose.dtd\">\n<html><body><div class=\"text-center -mb-16 relative h-32 flex justify-center\"><img decoding=\"async\" class=\"self-end inline-block\" src=\"https:\/\/vlantana.eu\/wp-content\/uploads\/2020\/04\/VL-training4.png\"><\/div>\n<div class=\" pb-12 pt-24 md:rounded-l-1rem bg-light-purple3\"><span class=\"slot2\">Kodas<\/span>\n<h3 class=\"text-40x lg:text-60x\"><span class=\"slot3\">95<\/span><\/h3>\n<\/div>\n\n<!-- wp:paragraph -->\n<p><\/p>\n<!-- \/wp:paragraph --><\/body><\/html>\n<\/div>\n\n<div  class='wp-block-adoras-snippet w-1\/2 md:w-1\/4 '><!DOCTYPE html PUBLIC \"-\/\/W3C\/\/DTD HTML 4.0 Transitional\/\/EN\" \"http:\/\/www.w3.org\/TR\/REC-html40\/loose.dtd\">\n<html><body><div class=\"text-center -mb-16 relative h-32 flex justify-center\"><img decoding=\"async\" class=\"self-end inline-block\" src=\"https:\/\/vlantana.eu\/wp-content\/uploads\/2020\/04\/VL-training5.png\"><\/div>\n<div class=\" pb-12 pt-24 bg-light-purple\">\n<h3 class=\"text-40x lg:text-60x\"><span class=\"slot3\">C <\/span><\/h3>\n<span class=\"slot2\">Kategorija<\/span>\n<\/div>\n\n\n<!-- wp:paragraph -->\n<p><\/p>\n<!-- \/wp:paragraph --><\/body><\/html>\n<\/div>\n\n<div  class='wp-block-adoras-snippet w-1\/2 md:w-1\/4 '><!DOCTYPE html PUBLIC \"-\/\/W3C\/\/DTD HTML 4.0 Transitional\/\/EN\" \"http:\/\/www.w3.org\/TR\/REC-html40\/loose.dtd\">\n<html><body><div class=\"text-center -mb-16 relative h-32 flex justify-center\"><img decoding=\"async\" class=\"self-end inline-block\" src=\"https:\/\/vlantana.eu\/wp-content\/uploads\/2020\/04\/VL-training6.png\"><\/div>\n<div class=\" pb-12 pt-24 bg-light-purple3\">\n<h3 class=\"text-40x lg:text-60x\"><span class=\"slot3\">CE<\/span><\/h3>\n<span class=\"slot2\">Kategorija<\/span><\/div><\/body><\/html>\n<\/div>\n\n<div  class='wp-block-adoras-snippet w-1\/2 md:w-1\/4 '><!DOCTYPE html PUBLIC \"-\/\/W3C\/\/DTD HTML 4.0 Transitional\/\/EN\" \"http:\/\/www.w3.org\/TR\/REC-html40\/loose.dtd\">\n<html><body><div class=\"text-center -mb-16 relative h-32 flex justify-center\"><img decoding=\"async\" class=\"self-end inline-block\" src=\"https:\/\/vlantana.eu\/wp-content\/uploads\/2020\/04\/VL-training7.png\"><\/div>\n<div class=\" pb-12 pt-24 md:rounded-r-1rem  bg-light-purple\">\n<h3 class=\"text-40x lg:text-60x\"><span class=\"slot3\">C + CE<\/span><\/h3>\n<span class=\"slot2\">Kategorija<\/span><\/div><\/body><\/html>\n<\/div>\n<\/div>\n<div class=\"w-full bg-light-gray2 extend-right absolute top-0 bottom-0 z-n1 mt-36 md:ml-29 rounded-lt-1rem\"><\/div><\/div>\n\n<div  class='wp-block-adoras-snippet '><div class=\"w-full bg-light-gray2 extend-right text-center md:ml-29 md:pr-29 rounded-lb-1rem py-10 text-purple\">\n\n<span class=\"wp-block-adoras-link\"><a class=\"font-semibold text-18x px-10 leading-relaxed border border-purple rounded-lg py-2 hover:bg-purple hover:text-white\" href=\"https:\/\/mc.vlantana.eu\" target=\"_blank\" rel=\"noreferrer noopener\">Skaityti daugiau<\/a><\/span>\n\n<\/div><\/div>\n<\/section>","protected":false},"excerpt":{"rendered":"","protected":false},"author":1,"featured_media":0,"parent":0,"menu_order":0,"comment_status":"closed","ping_status":"closed","template":"","meta":{"_acf_changed":false,"inline_featured_image":false,"footnotes":""},"class_list":["post-1289","page","type-page","status-publish","hentry"],"acf":[],"yoast_head":"<!-- This site is optimized with the Yoast SEO plugin v25.6 - https:\/\/yoast.com\/wordpress\/plugins\/seo\/ -->\n<title>Vairuotoj\u0173 Mokym\u0173 Centras | Vairavimo Kursai - Vlantana<\/title>\n<meta name=\"description\" content=\"Vlantana vairuotoj\u0173 mokym\u0173 centras, mokydami savo vairuotojus siekiame padidinti saugum\u0105 keliuose. Kvie\u010diame visus \u012f vairavimo kursus, apmokame 95 kodo, C, CE ir C+CE kategorijas.\" \/>\n<meta name=\"robots\" content=\"index, follow, max-snippet:-1, max-image-preview:large, max-video-preview:-1\" \/>\n<link rel=\"canonical\" href=\"https:\/\/vlantana.eu\/lt\/vairuotoju-mokymo-centras\/\" \/>\n<meta property=\"og:locale\" content=\"lt_LT\" \/>\n<meta property=\"og:type\" content=\"article\" \/>\n<meta property=\"og:title\" content=\"Vairuotoj\u0173 Mokym\u0173 Centras | Vairavimo Kursai - Vlantana\" \/>\n<meta property=\"og:description\" content=\"Vlantana vairuotoj\u0173 mokym\u0173 centras, mokydami savo vairuotojus siekiame padidinti saugum\u0105 keliuose. Kvie\u010diame visus \u012f vairavimo kursus, apmokame 95 kodo, C, CE ir C+CE kategorijas.\" \/>\n<meta property=\"og:url\" content=\"https:\/\/vlantana.eu\/lt\/vairuotoju-mokymo-centras\/\" \/>\n<meta property=\"og:site_name\" content=\"Vlantana\" \/>\n<meta property=\"article:publisher\" content=\"https:\/\/www.facebook.com\/Vlantana\/\" \/>\n<meta property=\"article:modified_time\" content=\"2023-02-21T07:00:05+00:00\" \/>\n<meta property=\"og:image\" content=\"https:\/\/vlantana.eu\/wp-content\/uploads\/2020\/06\/Vlantana-web.jpg\" \/>\n\t<meta property=\"og:image:width\" content=\"1200\" \/>\n\t<meta property=\"og:image:height\" content=\"627\" \/>\n\t<meta property=\"og:image:type\" content=\"image\/jpeg\" \/>\n<meta name=\"twitter:card\" content=\"summary_large_image\" \/>\n<meta name=\"twitter:label1\" content=\"Est. reading time\" \/>\n\t<meta name=\"twitter:data1\" content=\"1 minut\u0117\" \/>\n<script type=\"application\/ld+json\" class=\"yoast-schema-graph\">{\"@context\":\"https:\/\/schema.org\",\"@graph\":[{\"@type\":\"WebPage\",\"@id\":\"https:\/\/vlantana.eu\/lt\/vairuotoju-mokymo-centras\/\",\"url\":\"https:\/\/vlantana.eu\/lt\/vairuotoju-mokymo-centras\/\",\"name\":\"Vairuotoj\u0173 Mokym\u0173 Centras | Vairavimo Kursai - Vlantana\",\"isPartOf\":{\"@id\":\"https:\/\/vlantana.eu\/lt\/#website\"},\"datePublished\":\"2020-05-14T19:04:54+00:00\",\"dateModified\":\"2023-02-21T07:00:05+00:00\",\"description\":\"Vlantana vairuotoj\u0173 mokym\u0173 centras, mokydami savo vairuotojus siekiame padidinti saugum\u0105 keliuose. Kvie\u010diame visus \u012f vairavimo kursus, apmokame 95 kodo, C, CE ir C+CE kategorijas.\",\"breadcrumb\":{\"@id\":\"https:\/\/vlantana.eu\/lt\/vairuotoju-mokymo-centras\/#breadcrumb\"},\"inLanguage\":\"lt-LT\",\"potentialAction\":[{\"@type\":\"ReadAction\",\"target\":[\"https:\/\/vlantana.eu\/lt\/vairuotoju-mokymo-centras\/\"]}]},{\"@type\":\"BreadcrumbList\",\"@id\":\"https:\/\/vlantana.eu\/lt\/vairuotoju-mokymo-centras\/#breadcrumb\",\"itemListElement\":[{\"@type\":\"ListItem\",\"position\":1,\"name\":\"Home\",\"item\":\"https:\/\/vlantana.eu\/lt\/\"},{\"@type\":\"ListItem\",\"position\":2,\"name\":\"Vairuotoj\u0173 mokymo centras\"}]},{\"@type\":\"WebSite\",\"@id\":\"https:\/\/vlantana.eu\/lt\/#website\",\"url\":\"https:\/\/vlantana.eu\/lt\/\",\"name\":\"Vlantana\",\"description\":\"\",\"publisher\":{\"@id\":\"https:\/\/vlantana.eu\/lt\/#organization\"},\"potentialAction\":[{\"@type\":\"SearchAction\",\"target\":{\"@type\":\"EntryPoint\",\"urlTemplate\":\"https:\/\/vlantana.eu\/lt\/?s={search_term_string}\"},\"query-input\":{\"@type\":\"PropertyValueSpecification\",\"valueRequired\":true,\"valueName\":\"search_term_string\"}}],\"inLanguage\":\"lt-LT\"},{\"@type\":\"Organization\",\"@id\":\"https:\/\/vlantana.eu\/lt\/#organization\",\"name\":\"Vlantana\",\"url\":\"https:\/\/vlantana.eu\/lt\/\",\"logo\":{\"@type\":\"ImageObject\",\"inLanguage\":\"lt-LT\",\"@id\":\"https:\/\/vlantana.eu\/lt\/#\/schema\/logo\/image\/\",\"url\":\"https:\/\/vlantana.eu\/wp-content\/uploads\/2020\/05\/VL-logo-spal.svg\",\"contentUrl\":\"https:\/\/vlantana.eu\/wp-content\/uploads\/2020\/05\/VL-logo-spal.svg\",\"width\":\"1024\",\"height\":\"1024\",\"caption\":\"Vlantana\"},\"image\":{\"@id\":\"https:\/\/vlantana.eu\/lt\/#\/schema\/logo\/image\/\"},\"sameAs\":[\"https:\/\/www.facebook.com\/Vlantana\/\",\"https:\/\/www.linkedin.com\/company\/vlantana-uab\"]}]}<\/script>\n<!-- \/ Yoast SEO plugin. -->","yoast_head_json":{"title":"Vairuotoj\u0173 Mokym\u0173 Centras | Vairavimo Kursai - Vlantana","description":"Vlantana vairuotoj\u0173 mokym\u0173 centras, mokydami savo vairuotojus siekiame padidinti saugum\u0105 keliuose. Kvie\u010diame visus \u012f vairavimo kursus, apmokame 95 kodo, C, CE ir C+CE kategorijas.","robots":{"index":"index","follow":"follow","max-snippet":"max-snippet:-1","max-image-preview":"max-image-preview:large","max-video-preview":"max-video-preview:-1"},"canonical":"https:\/\/vlantana.eu\/lt\/vairuotoju-mokymo-centras\/","og_locale":"lt_LT","og_type":"article","og_title":"Vairuotoj\u0173 Mokym\u0173 Centras | Vairavimo Kursai - Vlantana","og_description":"Vlantana vairuotoj\u0173 mokym\u0173 centras, mokydami savo vairuotojus siekiame padidinti saugum\u0105 keliuose. Kvie\u010diame visus \u012f vairavimo kursus, apmokame 95 kodo, C, CE ir C+CE kategorijas.","og_url":"https:\/\/vlantana.eu\/lt\/vairuotoju-mokymo-centras\/","og_site_name":"Vlantana","article_publisher":"https:\/\/www.facebook.com\/Vlantana\/","article_modified_time":"2023-02-21T07:00:05+00:00","og_image":[{"width":1200,"height":627,"url":"https:\/\/vlantana.eu\/wp-content\/uploads\/2020\/06\/Vlantana-web.jpg","type":"image\/jpeg"}],"twitter_card":"summary_large_image","twitter_misc":{"Est. reading time":"1 minut\u0117"},"schema":{"@context":"https:\/\/schema.org","@graph":[{"@type":"WebPage","@id":"https:\/\/vlantana.eu\/lt\/vairuotoju-mokymo-centras\/","url":"https:\/\/vlantana.eu\/lt\/vairuotoju-mokymo-centras\/","name":"Vairuotoj\u0173 Mokym\u0173 Centras | Vairavimo Kursai - Vlantana","isPartOf":{"@id":"https:\/\/vlantana.eu\/lt\/#website"},"datePublished":"2020-05-14T19:04:54+00:00","dateModified":"2023-02-21T07:00:05+00:00","description":"Vlantana vairuotoj\u0173 mokym\u0173 centras, mokydami savo vairuotojus siekiame padidinti saugum\u0105 keliuose. Kvie\u010diame visus \u012f vairavimo kursus, apmokame 95 kodo, C, CE ir C+CE kategorijas.","breadcrumb":{"@id":"https:\/\/vlantana.eu\/lt\/vairuotoju-mokymo-centras\/#breadcrumb"},"inLanguage":"lt-LT","potentialAction":[{"@type":"ReadAction","target":["https:\/\/vlantana.eu\/lt\/vairuotoju-mokymo-centras\/"]}]},{"@type":"BreadcrumbList","@id":"https:\/\/vlantana.eu\/lt\/vairuotoju-mokymo-centras\/#breadcrumb","itemListElement":[{"@type":"ListItem","position":1,"name":"Home","item":"https:\/\/vlantana.eu\/lt\/"},{"@type":"ListItem","position":2,"name":"Vairuotoj\u0173 mokymo centras"}]},{"@type":"WebSite","@id":"https:\/\/vlantana.eu\/lt\/#website","url":"https:\/\/vlantana.eu\/lt\/","name":"Vlantana","description":"","publisher":{"@id":"https:\/\/vlantana.eu\/lt\/#organization"},"potentialAction":[{"@type":"SearchAction","target":{"@type":"EntryPoint","urlTemplate":"https:\/\/vlantana.eu\/lt\/?s={search_term_string}"},"query-input":{"@type":"PropertyValueSpecification","valueRequired":true,"valueName":"search_term_string"}}],"inLanguage":"lt-LT"},{"@type":"Organization","@id":"https:\/\/vlantana.eu\/lt\/#organization","name":"Vlantana","url":"https:\/\/vlantana.eu\/lt\/","logo":{"@type":"ImageObject","inLanguage":"lt-LT","@id":"https:\/\/vlantana.eu\/lt\/#\/schema\/logo\/image\/","url":"https:\/\/vlantana.eu\/wp-content\/uploads\/2020\/05\/VL-logo-spal.svg","contentUrl":"https:\/\/vlantana.eu\/wp-content\/uploads\/2020\/05\/VL-logo-spal.svg","width":"1024","height":"1024","caption":"Vlantana"},"image":{"@id":"https:\/\/vlantana.eu\/lt\/#\/schema\/logo\/image\/"},"sameAs":["https:\/\/www.facebook.com\/Vlantana\/","https:\/\/www.linkedin.com\/company\/vlantana-uab"]}]}},"_links":{"self":[{"href":"https:\/\/vlantana.eu\/lt\/wp-json\/wp\/v2\/pages\/1289"}],"collection":[{"href":"https:\/\/vlantana.eu\/lt\/wp-json\/wp\/v2\/pages"}],"about":[{"href":"https:\/\/vlantana.eu\/lt\/wp-json\/wp\/v2\/types\/page"}],"author":[{"embeddable":true,"href":"https:\/\/vlantana.eu\/lt\/wp-json\/wp\/v2\/users\/1"}],"replies":[{"embeddable":true,"href":"https:\/\/vlantana.eu\/lt\/wp-json\/wp\/v2\/comments?post=1289"}],"version-history":[{"count":16,"href":"https:\/\/vlantana.eu\/lt\/wp-json\/wp\/v2\/pages\/1289\/revisions"}],"predecessor-version":[{"id":6970,"href":"https:\/\/vlantana.eu\/lt\/wp-json\/wp\/v2\/pages\/1289\/revisions\/6970"}],"wp:attachment":[{"href":"https:\/\/vlantana.eu\/lt\/wp-json\/wp\/v2\/media?parent=1289"}],"curies":[{"name":"wp","href":"https:\/\/api.w.org\/{rel}","templated":true}]}}