{"id":1302,"date":"2020-05-14T19:15:52","date_gmt":"2020-05-14T19:15:52","guid":{"rendered":"https:\/\/vlantana.eu\/intermodalumas\/"},"modified":"2025-06-26T09:14:44","modified_gmt":"2025-06-26T06:14:44","slug":"intermodalumas","status":"publish","type":"page","link":"https:\/\/vlantana.eu\/lt\/intermodalumas\/","title":{"rendered":"Intermodaliniai perve\u017eimai"},"content":{"rendered":"\n<section class=\"wp-block-adoras-title site-title undefined\"><div class=\"bgtitle container full-width\"><div class=\"background desktoponly bg-cover bg-center\" style=\"background-image:url('https:\/\/vlantana.eu\/wp-content\/uploads\/2020\/05\/VL-intermodal.jpg')\"><\/div><div class=\"background mobileonly bg-cover bg-center\" style=\"background-image:url('https:\/\/vlantana.eu\/wp-content\/uploads\/2020\/05\/Mobile.-Intermodal.jpg')\"><\/div><svg class=\"absolute bottom-0 left-0 w-full pointer-events-none\" viewBox=\"0 0 2560 539\"><defs><mask id=\"title-clipping\"><rect x=\"-50%\" y=\"-50%\" width=\"200%\" height=\"200%\" fill=\"white\"><\/rect><path style=\"fill:#000000\" d=\"M 638.66667,542.08762 C 414.52136,539.42004 243.35976,524.95159 0,491.37831 V 3.4290919 H 2560.0097 C 2559.7842,121.83389 2559.5588,240.23868 2559.3333,358.64348 1993.9988,495.45778 1334.216,548.93684 638.66667,542.08762 Z\"><\/path><rect x=\"-50%\" y=\"-50%\" width=\"200%\" height=\"75%\" fill=\"black\"><\/rect><\/mask><\/defs><rect style=\"fill:rgba(255,255,255,1)\" width=\"100%\" height=\"100%\" mask=\"url(#title-clipping)\"><\/rect><rect style=\"fill:rgba(255,255,255,1)\" width=\"100%\" height=\"1%\" y=\"99.8%\"><\/rect><\/svg><div class=\"container mx-auto relative\"><h1 class=\"h1 purple\">Intermodaliniai perve\u017eimai<\/h1><\/div><\/div><\/section>\n\n\n<section  class='wp-block-adoras-snippet intermodal-intro section first '><!DOCTYPE html PUBLIC \"-\/\/W3C\/\/DTD HTML 4.0 Transitional\/\/EN\" \"http:\/\/www.w3.org\/TR\/REC-html40\/loose.dtd\">\n<html><body><div class=\"container mx-auto relative\">\n<div class=\"relative z-10\">\n<h3 class=\"h3 md:mb-0 mb-6 mt-8 md:w-10\/12 lg:pr-5\"><span class=\"slot1\">Vlantana yra viena pirm\u0173j\u0173 logistikos kompanij\u0173 i\u0161 Baltijos regiono nuosav\u0173 puspriekabi\u0173 transportavimui prad\u0117jusi naudoti intermodalines kelt\u0173 ir gele\u017einkeli\u0173 linijas daugiau kaip prie\u0161 de\u0161imtmet\u012f (2010 m.)<\/span><\/h3>\n<\/div>\n<div class=\"-mb-6 md:mb-0 relative z-10 md:z-n1\">\n<div class=\"relative justify-center items-end flex text-center md:mr-23 \">\n<div class=\"flex-1\"><img decoding=\"async\" class=\"inline-block\" src=\"https:\/\/vlantana.eu\/wp-content\/uploads\/2020\/05\/VL-intermodal3.png\"><\/div>\n<div class=\"flex-1\"><img decoding=\"async\" class=\"inline-block\" src=\"https:\/\/vlantana.eu\/wp-content\/uploads\/2020\/05\/VL-intermodal4.png\"><\/div>\n<div class=\"flex-1\"><img decoding=\"async\" class=\"inline-block\" src=\"https:\/\/vlantana.eu\/wp-content\/uploads\/2020\/05\/VL-intermodal5.png\"><\/div>\n<\/div>\n<div class=\"w-full bg-light-gray2 extend-left smo:extend-right rounded-tr-1rem text-20x  z-n1 absolute bottom-0 top-0 mt-42 z-n1\"><\/div>\n<\/div>\n<div class=\"relative w-full bg-light-gray2 extend-left  smo:extend-right text-20x  \">\n<div class=\" py-12 max-full md:pr-23 pb-20\">\n                  <span class=\"slot5\">Intermodaliniai perve\u017eimai didina logistin\u0117s grandin\u0117s efektyvum\u0105 ir tuo pa\u010diu leid\u017eia suma\u017einti i\u0161metamo anglies dioksido kiek\u012f.<\/span><\/div>\n<\/div>\n<div class=\"relative\">\n<div class=\"absolute top-0 extend-left rounded-br-1rem z-n1 pt-20 w-full bg-light-gray2\"><\/div>\n<img decoding=\"async\" src=\"https:\/\/vlantana.eu\/wp-content\/uploads\/2023\/01\/VL-intermodal2.png\" class=\"on3D rounded-1rem mr-22\">\n\n<\/div>\n<\/div><\/body><\/html>\n<\/section>\n\n<section  class='wp-block-adoras-snippet routes container mx-auto section '><!DOCTYPE html PUBLIC \"-\/\/W3C\/\/DTD HTML 4.0 Transitional\/\/EN\" \"http:\/\/www.w3.org\/TR\/REC-html40\/loose.dtd\">\n<html><body><h2 class=\"h2 max-w-md\"><span class=\"slot1\">Intermodalini\u0173 perve\u017eim\u0173 mar\u0161rutai:<\/span><\/h2>\n<div class=\"extend-right extend-left bg-light-gray2 py-15 md:py-30 md:pb-86 md:-mt-16 text-20x\"><span class=\"slot2\">M\u016bs\u0173 partneriai &#8211; patikimi gele\u017einkelio ir kelt\u0173 operatori\u0173 tinklai, tad turime galimyb\u0119 teikti paslaugas visoje Europoje.  Jeigu ie\u0161kote geriausio intermodalinio mar\u0161ruto savo kroviniams &#8211; nedvejodami susisiekite !<\/span><\/div>\n<div class=\"relative md:-mt-66\">\n<div class=\"hidden lg:block absolute rounded-l-1rem bottom-0 top-0 extend-right bg-light-gray2 z-n1 left-0 -mb-15  ml-75 w-full\"><\/div>\n<div class=\"lg:flex justify-center items-top mx-0 lg:-mx-7 md:-mt-15 relative z-10\">\n<div class=\"mt-6 md:mt-0 lg:w-6-6\/12 md:px-7\"><img decoding=\"async\" src=\"https:\/\/vlantana.eu\/wp-content\/uploads\/2022\/08\/VL.-Intermodal.-Keltai.jpg\" class=\"rounded-1rem on3D\"><\/div>\n<div class=\"lg:w-5-4\/12 py-14 lg:pt-0 md:px-7\">\n<div class=\"rounded-1rem text-white p-4 md:p-11 bg-dark-gray leading-10 pb-20 relative list-holder\">\n                    \n\n<p><strong>M\u016bs\u0173 naudojamos kelt\u0173 linijos<\/strong><\/p>\n<ul class=\"list-disc ml-7\">\n<li>Klaipeda-Karlshamn<\/li>\n<li>Klaipeda-Trelleborg<\/li>\n<li>Klaipeda-Kiel <\/li>\n<li>Klaipeda-Copenhagen\/Koge <\/li>\n<li>Esbjerg-Immingham<\/li>\n<li>Ventspils-Nynashamn <\/li>\n<li>Nynashamn-Hanko<\/li>\n<li>Stockholm-Turku <\/li>\n<li>Paldiski-Kapellskar<\/li>\n<li>Riga-Stockholm <\/li>\n<li>Tallinn-Helsinki <\/li>\n<li>Immingham-Gothenburg <\/li>\n<li>Calais-Dover <\/li>\n<li>Dunkerque-Dover<\/li>\n<li>Rosslare-Dunkerque<\/li>\n<li>Rosslare\u00a0&#8211; Cherbourg\u00a0<\/li>\n<li>Sheerness-Calais<\/li>\n<li>Travemunde-Trelleborg<\/li>\n<li>Rostock-Trelleborg<\/li>\n<li>Swinoujscie-Trelleborg<\/li>\n<li>Rostock-Klaipeda<\/li>\n<li>Travemunde-Klaipeda<\/li>\n<li>Oslo-Kiel <\/li>\n<li>Gdynia-Karlskrona<\/li>\n<li>Cherbourg-Rosslare<\/li>\n<li>Dublin-Holyhead<\/li>\n<li>Belfast-Liverpool<\/li>\n<li>Belfast- Cainryan\u00a0<\/li>\n<li>Rosslare\u00a0&#8211; Fishguard\u00a0<\/li>\n<li>Immingham-Rotterdam <\/li>\n<li>Patras-Bari <\/li>\n<li>Patras\u00a0\u2013 Ancona<\/li>\n<li>Igoumenitsa\u00a0\u2013 Bari<\/li>\n<li>Igoumenitsa\u00a0-Ancona<\/li>\n<li>Valencia &#8211; Livorno\u00a0\u00a0 <\/li>\n<li>Barcelona \u2013 Civitavecchia<\/li>\n<li>Barcelona-Savona<\/li>\n<li>Kiel &#8211; Gothenburg<\/li>\n<li>Umea &#8211; Vaasa<\/li>\n<li>Lubeck\/Rostock-Hanko<\/li>\n<li>Gdynia-Hanko<\/li>\n<li>Gdynia-Nynashamn <\/li>\n<li>Immingham-Cuxhaven <\/li>\n<\/ul>\n\n\n\n<p><\/p>\n\n<\/div>\n<\/div>\n<\/div>\n<\/div><\/body><\/html>\n<\/section>\n\n<section  class='wp-block-adoras-snippet routes container mx-auto section last '><!DOCTYPE html PUBLIC \"-\/\/W3C\/\/DTD HTML 4.0 Transitional\/\/EN\" \"http:\/\/www.w3.org\/TR\/REC-html40\/loose.dtd\">\n<html><body><div class=\"desktoponly extend-right extend-left bg-light-gray2 py-15 md:py-30 md:pb-86 md:mt-56 text-20x\"><span class=\"slot2\"><\/span><\/div>\n<div class=\"relative -mt-30 md:-mt-86\">\n<div class=\"hidden lg:block absolute rounded-l-1rem bottom-0 top-0 extend-right bg-light-gray2 z-n1 left-0 -mb-15  ml-75 w-full\"><\/div>\n<div class=\"flex flex-col lg:flex-row justify-center items-start mx-0 lg:-mx-7 md:-mt-15 relative z-10\">\n<div class=\"w-full lg:w-5-4\/12 py-14 md:px-7 order-2 lg:order-1\">\n<div class=\"rounded-1rem text-white p-4 md:p-11 bg-dark-gray leading-10 pb-20 relative list-holder\">\n                    \n\n<p><strong>M\u016bs\u0173 naudojamos traukini\u0173 linijos<\/strong><\/p>\n<ul class=\"list-disc ml-7\">\n<li>Domodossola-Kaldenkirchen<\/li>\n<li>Domodossola &#8211; Calais\/Ashford<\/li>\n<li>Perpignan &#8211; Calais\/Ashford<\/li>\n<li>Perpignan &#8211; Kaldenkirchen<\/li>\n<li>Duisburg-Poznan<\/li>\n<li>Verona-Lubeck<\/li>\n<li>Verona-Trelleborg<\/li>\n<li>Novara-Freiburg<\/li>\n<li>Kaunas-Duisburg<\/li>\n<li>Dusseldorf &#8211; Vienna<\/li>\n<li>Bettembourg &#8211; Le Boulou<\/li>\n<li>Calais &#8211; Le Boulou<\/li>\n<li>Bettembourg &#8211; Barcelona<\/li>\n<li>Duisburg &#8211; Lubeck<\/li>\n<li>Duisburg &#8211; Kiel<\/li>\n<li>Kiel &#8211; Verona<\/li>\n<li>Lubeck-Barcelona<\/li>\n<li>Lubeck &#8211; Milano<\/li>\n<li>Duisburg-Hamburg<\/li>\n<li>Duisburg-Trelleborg<\/li>\n<\/ul>\n\n\n\n<p><\/p>\n\n<\/div>\n<\/div>\n<div class=\"mt-6 md:mt-0 order-1 lg:order-1 lg:w-6-6\/12 md:px-7\"><img decoding=\"async\" src=\"https:\/\/vlantana.eu\/wp-content\/uploads\/2022\/08\/VL.-Intermodal.-Traukiniai.jpg\" class=\"rounded-1rem on3D\"><\/div>\n<\/div>\n<\/div><\/body><\/html>\n<\/section>\n\n\n<div class=\"wp-block-columns is-layout-flex wp-container-core-columns-is-layout-1 wp-block-columns-is-layout-flex\">\n<div class=\"wp-block-column is-layout-flow wp-block-column-is-layout-flow\"><\/div>\n<\/div>\n\n\n\n<p><\/p>\n","protected":false},"excerpt":{"rendered":"","protected":false},"author":1,"featured_media":0,"parent":0,"menu_order":0,"comment_status":"closed","ping_status":"closed","template":"","meta":{"_acf_changed":false,"inline_featured_image":false,"footnotes":""},"class_list":["post-1302","page","type-page","status-publish","hentry"],"acf":[],"yoast_head":"<!-- This site is optimized with the Yoast SEO plugin v25.6 - https:\/\/yoast.com\/wordpress\/plugins\/seo\/ -->\n<title>Intermodalumas | Intermodaliniai Perve\u017eimai - Vlantana<\/title>\n<meta name=\"description\" content=\"Vlantana intermodaliniai perve\u017eimai. Garantuojame, jog intermodaliniai perve\u017eimai padidins logistin\u0117s grandin\u0117s efektyvum\u0105 ir tuo pa\u010diu leis suma\u017einti i\u0161metamo anglies dioksido kiek\u012f.\" \/>\n<meta name=\"robots\" content=\"index, follow, max-snippet:-1, max-image-preview:large, max-video-preview:-1\" \/>\n<link rel=\"canonical\" href=\"https:\/\/vlantana.eu\/lt\/intermodalumas\/\" \/>\n<meta property=\"og:locale\" content=\"lt_LT\" \/>\n<meta property=\"og:type\" content=\"article\" \/>\n<meta property=\"og:title\" content=\"Intermodalumas | Intermodaliniai Perve\u017eimai - Vlantana\" \/>\n<meta property=\"og:description\" content=\"Vlantana intermodaliniai perve\u017eimai. Garantuojame, jog intermodaliniai perve\u017eimai padidins logistin\u0117s grandin\u0117s efektyvum\u0105 ir tuo pa\u010diu leis suma\u017einti i\u0161metamo anglies dioksido kiek\u012f.\" \/>\n<meta property=\"og:url\" content=\"https:\/\/vlantana.eu\/lt\/intermodalumas\/\" \/>\n<meta property=\"og:site_name\" content=\"Vlantana\" \/>\n<meta property=\"article:publisher\" content=\"https:\/\/www.facebook.com\/Vlantana\/\" \/>\n<meta property=\"article:modified_time\" content=\"2025-06-26T06:14:44+00:00\" \/>\n<meta property=\"og:image\" content=\"https:\/\/vlantana.eu\/wp-content\/uploads\/2020\/06\/Vlantana-web.jpg\" \/>\n\t<meta property=\"og:image:width\" content=\"1200\" \/>\n\t<meta property=\"og:image:height\" content=\"627\" \/>\n\t<meta property=\"og:image:type\" content=\"image\/jpeg\" \/>\n<meta name=\"twitter:card\" content=\"summary_large_image\" \/>\n<meta name=\"twitter:label1\" content=\"Est. reading time\" \/>\n\t<meta name=\"twitter:data1\" content=\"1 minut\u0117\" \/>\n<script type=\"application\/ld+json\" class=\"yoast-schema-graph\">{\"@context\":\"https:\/\/schema.org\",\"@graph\":[{\"@type\":\"WebPage\",\"@id\":\"https:\/\/vlantana.eu\/lt\/intermodalumas\/\",\"url\":\"https:\/\/vlantana.eu\/lt\/intermodalumas\/\",\"name\":\"Intermodalumas | Intermodaliniai Perve\u017eimai - Vlantana\",\"isPartOf\":{\"@id\":\"https:\/\/vlantana.eu\/lt\/#website\"},\"datePublished\":\"2020-05-14T19:15:52+00:00\",\"dateModified\":\"2025-06-26T06:14:44+00:00\",\"description\":\"Vlantana intermodaliniai perve\u017eimai. Garantuojame, jog intermodaliniai perve\u017eimai padidins logistin\u0117s grandin\u0117s efektyvum\u0105 ir tuo pa\u010diu leis suma\u017einti i\u0161metamo anglies dioksido kiek\u012f.\",\"breadcrumb\":{\"@id\":\"https:\/\/vlantana.eu\/lt\/intermodalumas\/#breadcrumb\"},\"inLanguage\":\"lt-LT\",\"potentialAction\":[{\"@type\":\"ReadAction\",\"target\":[\"https:\/\/vlantana.eu\/lt\/intermodalumas\/\"]}]},{\"@type\":\"BreadcrumbList\",\"@id\":\"https:\/\/vlantana.eu\/lt\/intermodalumas\/#breadcrumb\",\"itemListElement\":[{\"@type\":\"ListItem\",\"position\":1,\"name\":\"Home\",\"item\":\"https:\/\/vlantana.eu\/lt\/\"},{\"@type\":\"ListItem\",\"position\":2,\"name\":\"Intermodaliniai perve\u017eimai\"}]},{\"@type\":\"WebSite\",\"@id\":\"https:\/\/vlantana.eu\/lt\/#website\",\"url\":\"https:\/\/vlantana.eu\/lt\/\",\"name\":\"Vlantana\",\"description\":\"\",\"publisher\":{\"@id\":\"https:\/\/vlantana.eu\/lt\/#organization\"},\"potentialAction\":[{\"@type\":\"SearchAction\",\"target\":{\"@type\":\"EntryPoint\",\"urlTemplate\":\"https:\/\/vlantana.eu\/lt\/?s={search_term_string}\"},\"query-input\":{\"@type\":\"PropertyValueSpecification\",\"valueRequired\":true,\"valueName\":\"search_term_string\"}}],\"inLanguage\":\"lt-LT\"},{\"@type\":\"Organization\",\"@id\":\"https:\/\/vlantana.eu\/lt\/#organization\",\"name\":\"Vlantana\",\"url\":\"https:\/\/vlantana.eu\/lt\/\",\"logo\":{\"@type\":\"ImageObject\",\"inLanguage\":\"lt-LT\",\"@id\":\"https:\/\/vlantana.eu\/lt\/#\/schema\/logo\/image\/\",\"url\":\"https:\/\/vlantana.eu\/wp-content\/uploads\/2020\/05\/VL-logo-spal.svg\",\"contentUrl\":\"https:\/\/vlantana.eu\/wp-content\/uploads\/2020\/05\/VL-logo-spal.svg\",\"width\":\"1024\",\"height\":\"1024\",\"caption\":\"Vlantana\"},\"image\":{\"@id\":\"https:\/\/vlantana.eu\/lt\/#\/schema\/logo\/image\/\"},\"sameAs\":[\"https:\/\/www.facebook.com\/Vlantana\/\",\"https:\/\/www.linkedin.com\/company\/vlantana-uab\"]}]}<\/script>\n<!-- \/ Yoast SEO plugin. -->","yoast_head_json":{"title":"Intermodalumas | Intermodaliniai Perve\u017eimai - Vlantana","description":"Vlantana intermodaliniai perve\u017eimai. Garantuojame, jog intermodaliniai perve\u017eimai padidins logistin\u0117s grandin\u0117s efektyvum\u0105 ir tuo pa\u010diu leis suma\u017einti i\u0161metamo anglies dioksido kiek\u012f.","robots":{"index":"index","follow":"follow","max-snippet":"max-snippet:-1","max-image-preview":"max-image-preview:large","max-video-preview":"max-video-preview:-1"},"canonical":"https:\/\/vlantana.eu\/lt\/intermodalumas\/","og_locale":"lt_LT","og_type":"article","og_title":"Intermodalumas | Intermodaliniai Perve\u017eimai - Vlantana","og_description":"Vlantana intermodaliniai perve\u017eimai. Garantuojame, jog intermodaliniai perve\u017eimai padidins logistin\u0117s grandin\u0117s efektyvum\u0105 ir tuo pa\u010diu leis suma\u017einti i\u0161metamo anglies dioksido kiek\u012f.","og_url":"https:\/\/vlantana.eu\/lt\/intermodalumas\/","og_site_name":"Vlantana","article_publisher":"https:\/\/www.facebook.com\/Vlantana\/","article_modified_time":"2025-06-26T06:14:44+00:00","og_image":[{"width":1200,"height":627,"url":"https:\/\/vlantana.eu\/wp-content\/uploads\/2020\/06\/Vlantana-web.jpg","type":"image\/jpeg"}],"twitter_card":"summary_large_image","twitter_misc":{"Est. reading time":"1 minut\u0117"},"schema":{"@context":"https:\/\/schema.org","@graph":[{"@type":"WebPage","@id":"https:\/\/vlantana.eu\/lt\/intermodalumas\/","url":"https:\/\/vlantana.eu\/lt\/intermodalumas\/","name":"Intermodalumas | Intermodaliniai Perve\u017eimai - Vlantana","isPartOf":{"@id":"https:\/\/vlantana.eu\/lt\/#website"},"datePublished":"2020-05-14T19:15:52+00:00","dateModified":"2025-06-26T06:14:44+00:00","description":"Vlantana intermodaliniai perve\u017eimai. Garantuojame, jog intermodaliniai perve\u017eimai padidins logistin\u0117s grandin\u0117s efektyvum\u0105 ir tuo pa\u010diu leis suma\u017einti i\u0161metamo anglies dioksido kiek\u012f.","breadcrumb":{"@id":"https:\/\/vlantana.eu\/lt\/intermodalumas\/#breadcrumb"},"inLanguage":"lt-LT","potentialAction":[{"@type":"ReadAction","target":["https:\/\/vlantana.eu\/lt\/intermodalumas\/"]}]},{"@type":"BreadcrumbList","@id":"https:\/\/vlantana.eu\/lt\/intermodalumas\/#breadcrumb","itemListElement":[{"@type":"ListItem","position":1,"name":"Home","item":"https:\/\/vlantana.eu\/lt\/"},{"@type":"ListItem","position":2,"name":"Intermodaliniai perve\u017eimai"}]},{"@type":"WebSite","@id":"https:\/\/vlantana.eu\/lt\/#website","url":"https:\/\/vlantana.eu\/lt\/","name":"Vlantana","description":"","publisher":{"@id":"https:\/\/vlantana.eu\/lt\/#organization"},"potentialAction":[{"@type":"SearchAction","target":{"@type":"EntryPoint","urlTemplate":"https:\/\/vlantana.eu\/lt\/?s={search_term_string}"},"query-input":{"@type":"PropertyValueSpecification","valueRequired":true,"valueName":"search_term_string"}}],"inLanguage":"lt-LT"},{"@type":"Organization","@id":"https:\/\/vlantana.eu\/lt\/#organization","name":"Vlantana","url":"https:\/\/vlantana.eu\/lt\/","logo":{"@type":"ImageObject","inLanguage":"lt-LT","@id":"https:\/\/vlantana.eu\/lt\/#\/schema\/logo\/image\/","url":"https:\/\/vlantana.eu\/wp-content\/uploads\/2020\/05\/VL-logo-spal.svg","contentUrl":"https:\/\/vlantana.eu\/wp-content\/uploads\/2020\/05\/VL-logo-spal.svg","width":"1024","height":"1024","caption":"Vlantana"},"image":{"@id":"https:\/\/vlantana.eu\/lt\/#\/schema\/logo\/image\/"},"sameAs":["https:\/\/www.facebook.com\/Vlantana\/","https:\/\/www.linkedin.com\/company\/vlantana-uab"]}]}},"_links":{"self":[{"href":"https:\/\/vlantana.eu\/lt\/wp-json\/wp\/v2\/pages\/1302"}],"collection":[{"href":"https:\/\/vlantana.eu\/lt\/wp-json\/wp\/v2\/pages"}],"about":[{"href":"https:\/\/vlantana.eu\/lt\/wp-json\/wp\/v2\/types\/page"}],"author":[{"embeddable":true,"href":"https:\/\/vlantana.eu\/lt\/wp-json\/wp\/v2\/users\/1"}],"replies":[{"embeddable":true,"href":"https:\/\/vlantana.eu\/lt\/wp-json\/wp\/v2\/comments?post=1302"}],"version-history":[{"count":39,"href":"https:\/\/vlantana.eu\/lt\/wp-json\/wp\/v2\/pages\/1302\/revisions"}],"predecessor-version":[{"id":8939,"href":"https:\/\/vlantana.eu\/lt\/wp-json\/wp\/v2\/pages\/1302\/revisions\/8939"}],"wp:attachment":[{"href":"https:\/\/vlantana.eu\/lt\/wp-json\/wp\/v2\/media?parent=1302"}],"curies":[{"name":"wp","href":"https:\/\/api.w.org\/{rel}","templated":true}]}}