{"id":1312,"date":"2020-05-14T20:00:23","date_gmt":"2020-05-14T20:00:23","guid":{"rendered":"https:\/\/vlantana.eu\/naudoti-sunkvezimiai-ir-priekabos\/"},"modified":"2021-04-29T14:54:28","modified_gmt":"2021-04-29T11:54:28","slug":"naudoti-sunkvezimiai-ir-priekabos","status":"publish","type":"page","link":"https:\/\/vlantana.eu\/lt\/naudoti-sunkvezimiai-ir-priekabos\/","title":{"rendered":"Naudoti sunkve\u017eimiai ir priekabos"},"content":{"rendered":"\n<p>Naudoti sunkve\u017eimiai<br>ir priekabos<\/p>\n","protected":false},"excerpt":{"rendered":"<p>Naudoti sunkve\u017eimiaiir priekabos<\/p>\n","protected":false},"author":1,"featured_media":722,"parent":0,"menu_order":0,"comment_status":"closed","ping_status":"closed","template":"template-autoplius.php","meta":{"_acf_changed":false,"inline_featured_image":false,"footnotes":""},"class_list":["post-1312","page","type-page","status-publish","has-post-thumbnail","hentry"],"acf":[],"yoast_head":"<!-- This site is optimized with the Yoast SEO plugin v25.6 - https:\/\/yoast.com\/wordpress\/plugins\/seo\/ -->\n<title>Naudoti Sunkve\u017eimiai | Vilkikai Ir Priekabos - Vlantana<\/title>\n<meta name=\"description\" content=\"Vlantana naudoti sunkve\u017eimiai ir priekabos. Parduodame naudotus sunkve\u017eimius ir priekabas - \u201eScania\u201c, \u201eMercedes-Benz\u201c ir \u201eVolvo\u201c vilkikus. Mus rasite Dvaro g. 1, Gobergi\u0161k\u0117, Klaip\u0117da.\" \/>\n<meta name=\"robots\" content=\"index, follow, max-snippet:-1, max-image-preview:large, max-video-preview:-1\" \/>\n<link rel=\"canonical\" href=\"https:\/\/vlantana.eu\/lt\/naudoti-sunkvezimiai-ir-priekabos\/\" \/>\n<meta property=\"og:locale\" content=\"lt_LT\" \/>\n<meta property=\"og:type\" content=\"article\" \/>\n<meta property=\"og:title\" content=\"Naudoti Sunkve\u017eimiai | Vilkikai Ir Priekabos - Vlantana\" \/>\n<meta property=\"og:description\" content=\"Vlantana naudoti sunkve\u017eimiai ir priekabos. Parduodame naudotus sunkve\u017eimius ir priekabas - \u201eScania\u201c, \u201eMercedes-Benz\u201c ir \u201eVolvo\u201c vilkikus. Mus rasite Dvaro g. 1, Gobergi\u0161k\u0117, Klaip\u0117da.\" \/>\n<meta property=\"og:url\" content=\"https:\/\/vlantana.eu\/lt\/naudoti-sunkvezimiai-ir-priekabos\/\" \/>\n<meta property=\"og:site_name\" content=\"Vlantana\" \/>\n<meta property=\"article:publisher\" content=\"https:\/\/www.facebook.com\/Vlantana\/\" \/>\n<meta property=\"article:modified_time\" content=\"2021-04-29T11:54:28+00:00\" \/>\n<meta property=\"og:image\" content=\"https:\/\/vlantana.eu\/wp-content\/uploads\/2020\/05\/VL-used-trucks-1.jpg\" \/>\n\t<meta property=\"og:image:width\" content=\"1920\" \/>\n\t<meta property=\"og:image:height\" content=\"512\" \/>\n\t<meta property=\"og:image:type\" content=\"image\/jpeg\" \/>\n<meta name=\"twitter:card\" content=\"summary_large_image\" \/>\n<meta name=\"twitter:label1\" content=\"Est. reading time\" \/>\n\t<meta name=\"twitter:data1\" content=\"1 minut\u0117\" \/>\n<script type=\"application\/ld+json\" class=\"yoast-schema-graph\">{\"@context\":\"https:\/\/schema.org\",\"@graph\":[{\"@type\":\"WebPage\",\"@id\":\"https:\/\/vlantana.eu\/lt\/naudoti-sunkvezimiai-ir-priekabos\/\",\"url\":\"https:\/\/vlantana.eu\/lt\/naudoti-sunkvezimiai-ir-priekabos\/\",\"name\":\"Naudoti Sunkve\u017eimiai | Vilkikai Ir Priekabos - Vlantana\",\"isPartOf\":{\"@id\":\"https:\/\/vlantana.eu\/lt\/#website\"},\"primaryImageOfPage\":{\"@id\":\"https:\/\/vlantana.eu\/lt\/naudoti-sunkvezimiai-ir-priekabos\/#primaryimage\"},\"image\":{\"@id\":\"https:\/\/vlantana.eu\/lt\/naudoti-sunkvezimiai-ir-priekabos\/#primaryimage\"},\"thumbnailUrl\":\"https:\/\/vlantana.eu\/wp-content\/uploads\/2020\/05\/VL-used-trucks-1.jpg\",\"datePublished\":\"2020-05-14T20:00:23+00:00\",\"dateModified\":\"2021-04-29T11:54:28+00:00\",\"description\":\"Vlantana naudoti sunkve\u017eimiai ir priekabos. Parduodame naudotus sunkve\u017eimius ir priekabas - \u201eScania\u201c, \u201eMercedes-Benz\u201c ir \u201eVolvo\u201c vilkikus. Mus rasite Dvaro g. 1, Gobergi\u0161k\u0117, Klaip\u0117da.\",\"breadcrumb\":{\"@id\":\"https:\/\/vlantana.eu\/lt\/naudoti-sunkvezimiai-ir-priekabos\/#breadcrumb\"},\"inLanguage\":\"lt-LT\",\"potentialAction\":[{\"@type\":\"ReadAction\",\"target\":[\"https:\/\/vlantana.eu\/lt\/naudoti-sunkvezimiai-ir-priekabos\/\"]}]},{\"@type\":\"ImageObject\",\"inLanguage\":\"lt-LT\",\"@id\":\"https:\/\/vlantana.eu\/lt\/naudoti-sunkvezimiai-ir-priekabos\/#primaryimage\",\"url\":\"https:\/\/vlantana.eu\/wp-content\/uploads\/2020\/05\/VL-used-trucks-1.jpg\",\"contentUrl\":\"https:\/\/vlantana.eu\/wp-content\/uploads\/2020\/05\/VL-used-trucks-1.jpg\",\"width\":1920,\"height\":512,\"caption\":\"Used Trucks & Trailers\"},{\"@type\":\"BreadcrumbList\",\"@id\":\"https:\/\/vlantana.eu\/lt\/naudoti-sunkvezimiai-ir-priekabos\/#breadcrumb\",\"itemListElement\":[{\"@type\":\"ListItem\",\"position\":1,\"name\":\"Home\",\"item\":\"https:\/\/vlantana.eu\/lt\/\"},{\"@type\":\"ListItem\",\"position\":2,\"name\":\"Naudoti sunkve\u017eimiai ir priekabos\"}]},{\"@type\":\"WebSite\",\"@id\":\"https:\/\/vlantana.eu\/lt\/#website\",\"url\":\"https:\/\/vlantana.eu\/lt\/\",\"name\":\"Vlantana\",\"description\":\"\",\"publisher\":{\"@id\":\"https:\/\/vlantana.eu\/lt\/#organization\"},\"potentialAction\":[{\"@type\":\"SearchAction\",\"target\":{\"@type\":\"EntryPoint\",\"urlTemplate\":\"https:\/\/vlantana.eu\/lt\/?s={search_term_string}\"},\"query-input\":{\"@type\":\"PropertyValueSpecification\",\"valueRequired\":true,\"valueName\":\"search_term_string\"}}],\"inLanguage\":\"lt-LT\"},{\"@type\":\"Organization\",\"@id\":\"https:\/\/vlantana.eu\/lt\/#organization\",\"name\":\"Vlantana\",\"url\":\"https:\/\/vlantana.eu\/lt\/\",\"logo\":{\"@type\":\"ImageObject\",\"inLanguage\":\"lt-LT\",\"@id\":\"https:\/\/vlantana.eu\/lt\/#\/schema\/logo\/image\/\",\"url\":\"https:\/\/vlantana.eu\/wp-content\/uploads\/2020\/05\/VL-logo-spal.svg\",\"contentUrl\":\"https:\/\/vlantana.eu\/wp-content\/uploads\/2020\/05\/VL-logo-spal.svg\",\"width\":\"1024\",\"height\":\"1024\",\"caption\":\"Vlantana\"},\"image\":{\"@id\":\"https:\/\/vlantana.eu\/lt\/#\/schema\/logo\/image\/\"},\"sameAs\":[\"https:\/\/www.facebook.com\/Vlantana\/\",\"https:\/\/www.linkedin.com\/company\/vlantana-uab\"]}]}<\/script>\n<!-- \/ Yoast SEO plugin. -->","yoast_head_json":{"title":"Naudoti Sunkve\u017eimiai | Vilkikai Ir Priekabos - Vlantana","description":"Vlantana naudoti sunkve\u017eimiai ir priekabos. Parduodame naudotus sunkve\u017eimius ir priekabas - \u201eScania\u201c, \u201eMercedes-Benz\u201c ir \u201eVolvo\u201c vilkikus. Mus rasite Dvaro g. 1, Gobergi\u0161k\u0117, Klaip\u0117da.","robots":{"index":"index","follow":"follow","max-snippet":"max-snippet:-1","max-image-preview":"max-image-preview:large","max-video-preview":"max-video-preview:-1"},"canonical":"https:\/\/vlantana.eu\/lt\/naudoti-sunkvezimiai-ir-priekabos\/","og_locale":"lt_LT","og_type":"article","og_title":"Naudoti Sunkve\u017eimiai | Vilkikai Ir Priekabos - Vlantana","og_description":"Vlantana naudoti sunkve\u017eimiai ir priekabos. Parduodame naudotus sunkve\u017eimius ir priekabas - \u201eScania\u201c, \u201eMercedes-Benz\u201c ir \u201eVolvo\u201c vilkikus. Mus rasite Dvaro g. 1, Gobergi\u0161k\u0117, Klaip\u0117da.","og_url":"https:\/\/vlantana.eu\/lt\/naudoti-sunkvezimiai-ir-priekabos\/","og_site_name":"Vlantana","article_publisher":"https:\/\/www.facebook.com\/Vlantana\/","article_modified_time":"2021-04-29T11:54:28+00:00","og_image":[{"width":1920,"height":512,"url":"https:\/\/vlantana.eu\/wp-content\/uploads\/2020\/05\/VL-used-trucks-1.jpg","type":"image\/jpeg"}],"twitter_card":"summary_large_image","twitter_misc":{"Est. reading time":"1 minut\u0117"},"schema":{"@context":"https:\/\/schema.org","@graph":[{"@type":"WebPage","@id":"https:\/\/vlantana.eu\/lt\/naudoti-sunkvezimiai-ir-priekabos\/","url":"https:\/\/vlantana.eu\/lt\/naudoti-sunkvezimiai-ir-priekabos\/","name":"Naudoti Sunkve\u017eimiai | Vilkikai Ir Priekabos - Vlantana","isPartOf":{"@id":"https:\/\/vlantana.eu\/lt\/#website"},"primaryImageOfPage":{"@id":"https:\/\/vlantana.eu\/lt\/naudoti-sunkvezimiai-ir-priekabos\/#primaryimage"},"image":{"@id":"https:\/\/vlantana.eu\/lt\/naudoti-sunkvezimiai-ir-priekabos\/#primaryimage"},"thumbnailUrl":"https:\/\/vlantana.eu\/wp-content\/uploads\/2020\/05\/VL-used-trucks-1.jpg","datePublished":"2020-05-14T20:00:23+00:00","dateModified":"2021-04-29T11:54:28+00:00","description":"Vlantana naudoti sunkve\u017eimiai ir priekabos. Parduodame naudotus sunkve\u017eimius ir priekabas - \u201eScania\u201c, \u201eMercedes-Benz\u201c ir \u201eVolvo\u201c vilkikus. Mus rasite Dvaro g. 1, Gobergi\u0161k\u0117, Klaip\u0117da.","breadcrumb":{"@id":"https:\/\/vlantana.eu\/lt\/naudoti-sunkvezimiai-ir-priekabos\/#breadcrumb"},"inLanguage":"lt-LT","potentialAction":[{"@type":"ReadAction","target":["https:\/\/vlantana.eu\/lt\/naudoti-sunkvezimiai-ir-priekabos\/"]}]},{"@type":"ImageObject","inLanguage":"lt-LT","@id":"https:\/\/vlantana.eu\/lt\/naudoti-sunkvezimiai-ir-priekabos\/#primaryimage","url":"https:\/\/vlantana.eu\/wp-content\/uploads\/2020\/05\/VL-used-trucks-1.jpg","contentUrl":"https:\/\/vlantana.eu\/wp-content\/uploads\/2020\/05\/VL-used-trucks-1.jpg","width":1920,"height":512,"caption":"Used Trucks & Trailers"},{"@type":"BreadcrumbList","@id":"https:\/\/vlantana.eu\/lt\/naudoti-sunkvezimiai-ir-priekabos\/#breadcrumb","itemListElement":[{"@type":"ListItem","position":1,"name":"Home","item":"https:\/\/vlantana.eu\/lt\/"},{"@type":"ListItem","position":2,"name":"Naudoti sunkve\u017eimiai ir priekabos"}]},{"@type":"WebSite","@id":"https:\/\/vlantana.eu\/lt\/#website","url":"https:\/\/vlantana.eu\/lt\/","name":"Vlantana","description":"","publisher":{"@id":"https:\/\/vlantana.eu\/lt\/#organization"},"potentialAction":[{"@type":"SearchAction","target":{"@type":"EntryPoint","urlTemplate":"https:\/\/vlantana.eu\/lt\/?s={search_term_string}"},"query-input":{"@type":"PropertyValueSpecification","valueRequired":true,"valueName":"search_term_string"}}],"inLanguage":"lt-LT"},{"@type":"Organization","@id":"https:\/\/vlantana.eu\/lt\/#organization","name":"Vlantana","url":"https:\/\/vlantana.eu\/lt\/","logo":{"@type":"ImageObject","inLanguage":"lt-LT","@id":"https:\/\/vlantana.eu\/lt\/#\/schema\/logo\/image\/","url":"https:\/\/vlantana.eu\/wp-content\/uploads\/2020\/05\/VL-logo-spal.svg","contentUrl":"https:\/\/vlantana.eu\/wp-content\/uploads\/2020\/05\/VL-logo-spal.svg","width":"1024","height":"1024","caption":"Vlantana"},"image":{"@id":"https:\/\/vlantana.eu\/lt\/#\/schema\/logo\/image\/"},"sameAs":["https:\/\/www.facebook.com\/Vlantana\/","https:\/\/www.linkedin.com\/company\/vlantana-uab"]}]}},"_links":{"self":[{"href":"https:\/\/vlantana.eu\/lt\/wp-json\/wp\/v2\/pages\/1312"}],"collection":[{"href":"https:\/\/vlantana.eu\/lt\/wp-json\/wp\/v2\/pages"}],"about":[{"href":"https:\/\/vlantana.eu\/lt\/wp-json\/wp\/v2\/types\/page"}],"author":[{"embeddable":true,"href":"https:\/\/vlantana.eu\/lt\/wp-json\/wp\/v2\/users\/1"}],"replies":[{"embeddable":true,"href":"https:\/\/vlantana.eu\/lt\/wp-json\/wp\/v2\/comments?post=1312"}],"version-history":[{"count":4,"href":"https:\/\/vlantana.eu\/lt\/wp-json\/wp\/v2\/pages\/1312\/revisions"}],"predecessor-version":[{"id":4239,"href":"https:\/\/vlantana.eu\/lt\/wp-json\/wp\/v2\/pages\/1312\/revisions\/4239"}],"wp:featuredmedia":[{"embeddable":true,"href":"https:\/\/vlantana.eu\/lt\/wp-json\/wp\/v2\/media\/722"}],"wp:attachment":[{"href":"https:\/\/vlantana.eu\/lt\/wp-json\/wp\/v2\/media?parent=1312"}],"curies":[{"name":"wp","href":"https:\/\/api.w.org\/{rel}","templated":true}]}}