{"id":1411,"date":"2020-05-14T23:30:10","date_gmt":"2020-05-14T23:30:10","guid":{"rendered":"https:\/\/vlantana.eu\/kontaktai\/"},"modified":"2025-05-05T09:09:14","modified_gmt":"2025-05-05T06:09:14","slug":"kontaktai","status":"publish","type":"page","link":"https:\/\/vlantana.eu\/lt\/kontaktai\/","title":{"rendered":"Kontaktai"},"content":{"rendered":"\n<section class=\"wp-block-adoras-title site-title undefined\"><div class=\"bgtitle container full-width\"><div class=\"background desktoponly bg-cover bg-center\" style=\"background-image:url('https:\/\/vlantana.eu\/wp-content\/uploads\/2020\/05\/VL-contact1.jpg')\"><\/div><div class=\"background mobileonly bg-cover bg-center\" style=\"background-image:url('https:\/\/vlantana.eu\/wp-content\/uploads\/2020\/05\/Mobile.-Contact.jpg')\"><\/div><svg class=\"absolute bottom-0 left-0 w-full pointer-events-none\" viewBox=\"0 0 2560 539\"><defs><mask id=\"title-clipping\"><rect x=\"-50%\" y=\"-50%\" width=\"200%\" height=\"200%\" fill=\"white\"><\/rect><path style=\"fill:#000000\" d=\"M 638.66667,542.08762 C 414.52136,539.42004 243.35976,524.95159 0,491.37831 V 3.4290919 H 2560.0097 C 2559.7842,121.83389 2559.5588,240.23868 2559.3333,358.64348 1993.9988,495.45778 1334.216,548.93684 638.66667,542.08762 Z\"><\/path><rect x=\"-50%\" y=\"-50%\" width=\"200%\" height=\"75%\" fill=\"black\"><\/rect><\/mask><\/defs><rect style=\"fill:rgba(255,255,255,1)\" width=\"100%\" height=\"100%\" mask=\"url(#title-clipping)\"><\/rect><rect style=\"fill:rgba(255,255,255,1)\" width=\"100%\" height=\"1%\" y=\"99.8%\"><\/rect><\/svg><div class=\"container mx-auto relative\"><h1 class=\"h1 pink\">Kontaktai<\/h1><\/div><\/div><\/section>\n\n\n<section  class='wp-block-adoras-snippet headquarters section first lg:mt-22 '><div class=\"container mx-auto\">\n<h2 class=\"h2 spaced\"><span class=\"slot1\">B&#363;stin&#279;<\/span><\/h2>\n<\/div>\n<div class=\" limit-right full-width \">\n<div id=\"map\" class=\"map md:mr-20 bg-light-gray rounded-r-1rem bg-cover\" style=\"\"><\/div>\n<\/div>\n<div class=\"container pointer-events-none mx-auto relative z-10 -mt-12 md:-mt-48\">\n<div class=\"w-full md:w-1\/2 pointer-events-auto lg:w-5\/12 bg-light-gray2 ml-auto px-8 lg:px-24 py-6 lg:py-16 rounded-1rem text-purple text-20x\">\n\n\n<div  class='wp-block-adoras-snippet '><!DOCTYPE html PUBLIC \"-\/\/W3C\/\/DTD HTML 4.0 Transitional\/\/EN\" \"http:\/\/www.w3.org\/TR\/REC-html40\/loose.dtd\">\n<html><body><div class=\"map-info\" data-coords=\"55.7200824,21.290588\" data-icon=\"https:\/\/vlantana.eu\/wp-content\/uploads\/2020\/05\/VL-map.svg\">\n<h3 class=\"font-bold text-28x\"><span class=\"slot1\">Lietuva<\/span><\/h3>\n\n\n<ul class=\"my-8\">\n<li class=\"flex items-start pb-5\"><img decoding=\"async\" class=\"w-8 h-8 mr-4\" src=\"https:\/\/vlantana.eu\/wp-content\/uploads\/\/2020\/05\/VL-adress.svg\">Dvaro 1, Gobergi&scaron;k&#279;, LT-96173 Lietuva<\/li>\n<li class=\"flex items-center pb-5\"><img decoding=\"async\" class=\"w-8 h-8 mr-4\" src=\"https:\/\/vlantana.eu\/wp-content\/uploads\/\/2020\/05\/VL-Phone.svg\"> <a href=\"tel:+37046416505\">+370 46 416505<\/a><\/li>\n<li class=\"flex items-center pb-5\"><img decoding=\"async\" class=\"w-8 h-8 mr-4\" src=\"https:\/\/vlantana.eu\/wp-content\/uploads\/\/2020\/05\/VL-email.svg\"> <a href=\"mailto:office@vlantana.eu\">office@vlantana.eu<\/a><\/li>\n<\/ul>\n\n\n<a href=\"#\" class=\"text-black location\">&#381;i&#363;r&#279;ti keli&#261; <img decoding=\"async\" src=\"https:\/\/vlantana.eu\/wp-content\/uploads\/\/2020\/05\/VL-arrow.svg\" class=\"w-6 ml-3 align-middle inline-block\"> <\/a>\n\n<\/div><\/body><\/html>\n<\/div>\n\n<div  class='wp-block-adoras-snippet '><!DOCTYPE html PUBLIC \"-\/\/W3C\/\/DTD HTML 4.0 Transitional\/\/EN\" \"http:\/\/www.w3.org\/TR\/REC-html40\/loose.dtd\">\n<html><body><div class=\"map-info\" data-coords=\"52.422758844950046,16.786324100229603\" data-icon=\"https:\/\/vlantana.eu\/wp-content\/uploads\/2020\/05\/VL-map.svg\">\n<h3 class=\"font-bold text-28x\"><span class=\"slot1\">Lenkija<\/span><\/h3>\n\n\n<ul class=\"my-8\">\n<li class=\"flex items-start pb-5\"><img decoding=\"async\" class=\"w-8 h-8 mr-4\" src=\"https:\/\/vlantana.eu\/wp-content\/uploads\/\/2020\/05\/VL-adress.svg\">Rynkowa 132, 62-081&nbsp;Prze&#378;mierowo<\/li>\n<\/ul>\n\n\n\n<p><\/p>\n\n\n<a href=\"#\" class=\"text-black location\">&#381;i&#363;r&#279;ti keli&#261; <img decoding=\"async\" src=\"https:\/\/vlantana.eu\/wp-content\/uploads\/\/2020\/05\/VL-arrow.svg\" class=\"w-6 ml-3 align-middle inline-block\"> <\/a>\n\n<\/div><\/body><\/html>\n<\/div>\n\n<div  class='wp-block-adoras-snippet '><!DOCTYPE html PUBLIC \"-\/\/W3C\/\/DTD HTML 4.0 Transitional\/\/EN\" \"http:\/\/www.w3.org\/TR\/REC-html40\/loose.dtd\">\n<html><body><div class=\"map-info\" data-coords=\"54.90390773858686,23.98449313395704\" data-icon=\"https:\/\/vlantana.eu\/wp-content\/uploads\/2020\/05\/VL-map.svg\">\n<h3 class=\"font-bold text-28x\"><span class=\"slot1\">Lietuva<\/span><\/h3>\n\n\n<ul class=\"my-8\">\n<li class=\"flex items-start pb-5\"><img decoding=\"async\" class=\"w-8 h-8 mr-4\" src=\"https:\/\/vlantana.eu\/wp-content\/uploads\/\/2020\/05\/VL-adress.svg\">Betygalos g. 4a, Kaunas LT-47183<\/li>\n<\/ul>\n\n\n\n<p><\/p>\n\n\n<a href=\"#\" class=\"text-black location\">&#381;i&#363;r&#279;ti keli&#261; <img decoding=\"async\" src=\"https:\/\/vlantana.eu\/wp-content\/uploads\/\/2020\/05\/VL-arrow.svg\" class=\"w-6 ml-3 align-middle inline-block\"> <\/a>\n\n<\/div><\/body><\/html>\n<\/div>\n\n<div  class='wp-block-adoras-snippet '><!DOCTYPE html PUBLIC \"-\/\/W3C\/\/DTD HTML 4.0 Transitional\/\/EN\" \"http:\/\/www.w3.org\/TR\/REC-html40\/loose.dtd\">\n<html><body><div class=\"map-info\" data-coords=\"54.64543549778328,25.19823453417009\" data-icon=\"https:\/\/vlantana.eu\/wp-content\/uploads\/2020\/05\/VL-map.svg\">\n<h3 class=\"font-bold text-28x\"><span class=\"slot1\">Lietuva<\/span><\/h3>\n\n\n<ul class=\"my-8\">\n<li class=\"flex items-start pb-5\"><img decoding=\"async\" class=\"w-8 h-8 mr-4\" src=\"https:\/\/vlantana.eu\/wp-content\/uploads\/\/2020\/05\/VL-adress.svg\">Eitmin&#371; g. 3, Vilnius LT-12113<\/li>\n<\/ul>\n\n\n\n<p><\/p>\n\n\n<a href=\"#\" class=\"text-black location\">&#381;i&#363;r&#279;ti keli&#261; <img decoding=\"async\" src=\"https:\/\/vlantana.eu\/wp-content\/uploads\/\/2020\/05\/VL-arrow.svg\" class=\"w-6 ml-3 align-middle inline-block\"> <\/a>\n\n<\/div><\/body><\/html>\n<\/div>\n\n<div  class='wp-block-adoras-snippet '><!DOCTYPE html PUBLIC \"-\/\/W3C\/\/DTD HTML 4.0 Transitional\/\/EN\" \"http:\/\/www.w3.org\/TR\/REC-html40\/loose.dtd\">\n<html><body><div class=\"map-info\" data-coords=\"54.333465,10.176032\" data-icon=\"https:\/\/vlantana.eu\/wp-content\/uploads\/2020\/05\/VL-map.svg\">\n<h3 class=\"font-bold text-28x\"><span class=\"slot1\"><strong>Vokietija<\/strong><\/span><\/h3>\n\n\n<ul class=\"my-8\">\n<li class=\"flex items-start pb-5\"><img decoding=\"async\" class=\"w-8 h-8 mr-4\" src=\"https:\/\/vlantana.eu\/wp-content\/uploads\/\/2020\/05\/VL-adress.svg\">\n<div class=\"widget-reveal-card-address-line widget-reveal-card-bold\">Ostuferhafen 15, 24149 Kiel<\/div>\n<\/li>\n<\/ul>\n\n\n<a href=\"#\" class=\"text-black location\">&#381;i&#363;r&#279;ti keli&#261; <img decoding=\"async\" src=\"https:\/\/vlantana.eu\/wp-content\/uploads\/\/2020\/05\/VL-arrow.svg\" class=\"w-6 ml-3 align-middle inline-block\"> <\/a>\n\n<\/div><\/body><\/html>\n<\/div>\n\n\n\n<div  class='wp-block-adoras-snippet '><!DOCTYPE html PUBLIC \"-\/\/W3C\/\/DTD HTML 4.0 Transitional\/\/EN\" \"http:\/\/www.w3.org\/TR\/REC-html40\/loose.dtd\">\n<html><body><div class=\"map-info\" data-coords=\"55.910139, 23.314813\" data-icon=\"https:\/\/vlantana.eu\/wp-content\/uploads\/2020\/05\/VL-map.svg\">\n<h3 class=\"font-bold text-28x\"><span class=\"slot1\">Lietuva<\/span><\/h3>\n\n\n<ul class=\"my-8\">\n<li class=\"flex items-start pb-5\"><img decoding=\"async\" class=\"w-8 h-8 mr-4\" src=\"https:\/\/vlantana.eu\/wp-content\/uploads\/\/2020\/05\/VL-adress.svg\">Pramon&#279;s g. 12A, &Scaron;iauliai LT-78150<\/li>\n<\/ul>\n\n\n\n<p><\/p>\n\n\n<a href=\"#\" class=\"text-black location\">&#381;i&#363;r&#279;ti keli&#261; <img decoding=\"async\" src=\"https:\/\/vlantana.eu\/wp-content\/uploads\/\/2020\/05\/VL-arrow.svg\" class=\"w-6 ml-3 align-middle inline-block\"> <\/a>\n\n<\/div><\/body><\/html>\n<\/div>\n\n\n<\/div>\n<\/div><\/section>\n\n\n<section class=\"wp-block-adoras-section section contact-list text-purple container mx-auto extend-left rounded-r-1rem bg-light-gray2 py-15 lg:py-25 pr-10 lg:pr-25 xl:pr-45\">\n<div class=\"wp-block-adoras-div md:flex flex-col\">\n<div class=\"row md:flex\">\n<div class=\"md:w-1\/3 pb-10\">\n<h3 class=\"text-26x font-bold mb-4 leading-none mh314\">Personalo <br \/>departamentas<\/h3>\n<p>Tel. <a href=\"tel:+37046416540\">+370 46 416540<\/a><br \/>Mob. <a href=\"tel:+37064011608\">+370 640 11785<\/a><br \/>El. p. <a href=\"mailto: personalas@vlantana.lt\">personalas@vlantana.lt<\/a><\/p>\n<\/div>\n<div class=\"md:w-1\/3 pb-10\">\n<h3 class=\"text-26x font-bold mb-4 leading-none mh314\">Keli\u0173 <br \/>transportas<\/h3>\n<p>Tel. <a href=\"tel:+37064011013\">+370 640 11013<\/a><br \/>Faksas <a href=\"tel:+37046416541\">+370 46 416541<\/a><br \/>El. p. <a href=\"mailto:rfq@vlantana.lt\">rfq@vlantana.lt<\/a><\/p>\n<\/div>\n<div class=\"md:w-1\/3 pb-10\">\n<h3 class=\"text-26x font-bold mb-4 leading-none mh314\">Sand\u0117liavimas 3PL<\/h3>\n<p>Tel. <a href=\"tel:+37046296613\">+370 46 296613<\/a><br \/>Mob. <a href=\"tel:+37064011127\">+370 640 11127<\/a><br \/>El. p. <a href=\"mailto: warehouse@vlantana.lt\">warehouse@vlantana.lt<\/a><\/p>\n<\/div>\n<\/div>\n<div class=\"row md:flex\">\n<div class=\"md:w-1\/3 py-10\">\n<h3 class=\"text-26x font-bold mb-4 leading-none mh314\">Muitin\u0117s tarpininkavimo<br \/>paslaugos<\/h3>\n<p>Mob. <a href=\"tel:+37064011467\">+370 640 11467<\/a><br \/>El. p. <a href=\"mailto: julius.simaitis@vlantana.lt\">julius.simaitis@vlantana.lt<\/a><\/p>\n<\/div>\n<div class=\"md:w-1\/3 py-10\">\n<h3 class=\"text-26x font-bold mb-4 leading-none mh314\">Motelis<\/h3>\n<p>Tel. <a href=\"tel:+37046416550\">+370 46 416550<\/a><br \/>Mob. <a href=\"tel:+37064011186\">+370 640 11186<\/a><br \/>El. p. <a href=\"mailto: motel@vlantana.lt\">motel@vlantana.lt<\/a><\/p>\n<\/div>\n<div class=\"md:w-1\/3 py-10\">\n<h3 class=\"text-26x font-bold mb-4 leading-none mh314\">Degalin\u0117 <br \/>ir plovykla<\/h3>\n<p>Degalin\u0117 mob. <a href=\"tel:+37064011186\">+370 640 11186<\/a><br \/>Plovykla mob. <a href=\"tel:+37064011599\">+370 640 11599<\/a><br \/>El. p. <a href=\"mailto: degaline@vlantana.lt\">degaline@vlantana.lt<\/a><\/p>\n<\/div>\n<\/div>\n<\/div>\n<\/section>\n\n\n<section id='get-in-touch' class='wp-block-adoras-snippet contact section last nofooterspace '><!DOCTYPE html PUBLIC \"-\/\/W3C\/\/DTD HTML 4.0 Transitional\/\/EN\" \"http:\/\/www.w3.org\/TR\/REC-html40\/loose.dtd\">\n<html><body><h2 class=\"text-center h2 spaced\"><span class=\"slot1\">Susisiekite su <span style=\"color:#d21d4a\" class=\"has-inline-color\">mumis<\/span><\/span><\/h2>\r\n<div style=\"background-image:url(https:\/\/vlantana.eu\/wp-content\/uploads\/2022\/06\/mKP6A4584-e1661176428506.jpg)\" class=\"bg-cover mt-20 relative pb-30\">\r\n<div class=\"container mx-auto bg-light-gray2 rounded-1rem py-15 px-18 pt-0 text-purple text-20x -t-20 relative\">\r\n<div class=\"px-0 md-px-9 p-9\"><span class=\"slot3\">Kreipkit\u0117s \u012f mus pateikdami bet kokiu klausimu, komentarais ar mintimis.  <\/span><\/div>\r\n\n\n<div class=\"wpcf7 no-js\" id=\"wpcf7-f1601-o1\" lang=\"lt-LT\" dir=\"ltr\">\n<div class=\"screen-reader-response\"><p role=\"status\" aria-live=\"polite\" aria-atomic=\"true\"><\/p> <ul><\/ul><\/div>\n<form action=\"\/lt\/wp-json\/wp\/v2\/pages\/1411#wpcf7-f1601-o1\" method=\"post\" class=\"wpcf7-form init\" aria-label=\"Kontakt\u0173 forma\" novalidate=\"novalidate\" data-status=\"init\">\n<div style=\"display: none;\">\n<input type=\"hidden\" name=\"_wpcf7\" value=\"1601\" \/>\n<input type=\"hidden\" name=\"_wpcf7_version\" value=\"5.9.8\" \/>\n<input type=\"hidden\" name=\"_wpcf7_locale\" value=\"lt_LT\" \/>\n<input type=\"hidden\" name=\"_wpcf7_unit_tag\" value=\"wpcf7-f1601-o1\" \/>\n<input type=\"hidden\" name=\"_wpcf7_container_post\" value=\"0\" \/>\n<input type=\"hidden\" name=\"_wpcf7_posted_data_hash\" value=\"\" \/>\n<input type=\"hidden\" name=\"_wpcf7_recaptcha_response\" value=\"\" \/>\n<\/div>\n<div class=\"md:flex flex-wrap -m-5\">\n\t<div class=\" w-full p-5\">\n\t\t<div class=\"px-8 text-18x leading-12 rounded-lg bg-white w-full placeholder-purple flex\">\n\t\t\t<p><span>Paslauga:<\/span><span class=\"wpcf7-form-control-wrap\" data-name=\"service\"><select class=\"wpcf7-form-control wpcf7-select bg-white w-full font-bold\" aria-invalid=\"false\" name=\"service\"><option value=\"Personalo departmentas\">Personalo departmentas<\/option><option value=\"Susisiekimo forma\">Susisiekimo forma<\/option><option value=\"3 PL, Sand\u0117liavimas\">3 PL, Sand\u0117liavimas<\/option><option value=\"Muitin\u0117s tarpininkavimo paslaugos\">Muitin\u0117s tarpininkavimo paslaugos<\/option><\/select><\/span>\n\t\t\t<\/p>\n\t\t<\/div>\n\t<\/div>\n\t<div class=\" md:w-1\/2 p-5\">\n\t\t<p><span class=\"wpcf7-form-control-wrap\" data-name=\"your-name\"><input size=\"40\" maxlength=\"400\" class=\"wpcf7-form-control wpcf7-text wpcf7-validates-as-required px-8 text-18x leading-12 rounded-lg bg-white w-full placeholder-purple\" aria-required=\"true\" aria-invalid=\"false\" placeholder=\"Vardas\" value=\"\" type=\"text\" name=\"your-name\" \/><\/span>\n\t\t<\/p>\n\t<\/div>\n\t<div class=\" md:w-1\/2 p-5\">\n\t\t<p><span class=\"wpcf7-form-control-wrap\" data-name=\"your-email\"><input size=\"40\" maxlength=\"400\" class=\"wpcf7-form-control wpcf7-email wpcf7-validates-as-required wpcf7-text wpcf7-validates-as-email px-8 text-18x leading-12 rounded-lg bg-white w-full placeholder-purple\" aria-required=\"true\" aria-invalid=\"false\" placeholder=\"El. pa\u0161tas\" value=\"\" type=\"email\" name=\"your-email\" \/><\/span>\n\t\t<\/p>\n\t<\/div>\n\t<div class=\" w-full p-5\"<span class=\"wpcf7-form-control-wrap\" data-name=\"your-message\"><textarea cols=\"40\" rows=\"10\" maxlength=\"2000\" class=\"wpcf7-form-control wpcf7-textarea wpcf7-validates-as-required leading-tight py-8 px-8 text-18x leading-12 rounded-lg bg-white w-full placeholder-purple\" aria-required=\"true\" aria-invalid=\"false\" placeholder=\"\u017dinut\u0117\" name=\"your-message\"><\/textarea><\/span>\n\t<\/div>\n\t<div class=\"md:w-1\/2 md:p-5\">\n\t<\/div>\n\t<div class=\" md:w-1\/2 p-5 text-right flex justify-end flex-col\">\n\t\t<div>\n\t\t\t<p><input class=\"wpcf7-form-control wpcf7-submit has-spinner w-full mdw-auto border-2 border-pink hoverbg-pink hovertext-white rounded-lg leading-12 font-semibold text-18x px-8 text-center bg-transparent cursor-pointer\" type=\"submit\" value=\"Si\u0173sti\" \/>\n\t\t\t<\/p>\n\t\t<\/div>\n\t<\/div>\n<\/div><div class=\"wpcf7-response-output\" aria-hidden=\"true\"><\/div>\n<\/form>\n<\/div>\n\n\n\n\n<p><\/p>\n\n\r\n\r\n<\/div>\r\n<\/div><\/body><\/html>\n<\/section>","protected":false},"excerpt":{"rendered":"","protected":false},"author":1,"featured_media":0,"parent":0,"menu_order":0,"comment_status":"closed","ping_status":"closed","template":"template-contacts.php","meta":{"_acf_changed":false,"inline_featured_image":false,"footnotes":""},"class_list":["post-1411","page","type-page","status-publish","hentry"],"acf":[],"yoast_head":"<!-- This site is optimized with the Yoast SEO plugin v25.6 - https:\/\/yoast.com\/wordpress\/plugins\/seo\/ -->\n<title>Kontaktai | Klient\u0173 Aptarnavimo Centras - Vlantana<\/title>\n<meta name=\"description\" content=\"Vlantana kontaktai - klient\u0173 aptarnvimas. Kreipkit\u0117s \u012f mus pateikdami bet kokiu klausimu, komentarais ar mintimis. Mus rasite Dvaro str. 1, Gobergi\u0161k\u0117, Klaip\u0117da.\" \/>\n<meta name=\"robots\" content=\"index, follow, max-snippet:-1, max-image-preview:large, max-video-preview:-1\" \/>\n<link rel=\"canonical\" href=\"https:\/\/vlantana.eu\/lt\/kontaktai\/\" \/>\n<meta property=\"og:locale\" content=\"lt_LT\" \/>\n<meta property=\"og:type\" content=\"article\" \/>\n<meta property=\"og:title\" content=\"Kontaktai | Klient\u0173 Aptarnavimo Centras - Vlantana\" \/>\n<meta property=\"og:description\" content=\"Vlantana kontaktai - klient\u0173 aptarnvimas. Kreipkit\u0117s \u012f mus pateikdami bet kokiu klausimu, komentarais ar mintimis. Mus rasite Dvaro str. 1, Gobergi\u0161k\u0117, Klaip\u0117da.\" \/>\n<meta property=\"og:url\" content=\"https:\/\/vlantana.eu\/lt\/kontaktai\/\" \/>\n<meta property=\"og:site_name\" content=\"Vlantana\" \/>\n<meta property=\"article:publisher\" content=\"https:\/\/www.facebook.com\/Vlantana\/\" \/>\n<meta property=\"article:modified_time\" content=\"2025-05-05T06:09:14+00:00\" \/>\n<meta property=\"og:image\" content=\"https:\/\/vlantana.eu\/wp-content\/uploads\/\/2020\/05\/VL-adress.svg\" \/>\n<meta name=\"twitter:card\" content=\"summary_large_image\" \/>\n<meta name=\"twitter:label1\" content=\"Est. reading time\" \/>\n\t<meta name=\"twitter:data1\" content=\"3 minut\u0117s\" \/>\n<script type=\"application\/ld+json\" class=\"yoast-schema-graph\">{\"@context\":\"https:\/\/schema.org\",\"@graph\":[{\"@type\":\"WebPage\",\"@id\":\"https:\/\/vlantana.eu\/lt\/kontaktai\/\",\"url\":\"https:\/\/vlantana.eu\/lt\/kontaktai\/\",\"name\":\"Kontaktai | Klient\u0173 Aptarnavimo Centras - Vlantana\",\"isPartOf\":{\"@id\":\"https:\/\/vlantana.eu\/lt\/#website\"},\"primaryImageOfPage\":{\"@id\":\"https:\/\/vlantana.eu\/lt\/kontaktai\/#primaryimage\"},\"image\":{\"@id\":\"https:\/\/vlantana.eu\/lt\/kontaktai\/#primaryimage\"},\"thumbnailUrl\":\"https:\/\/vlantana.eu\/wp-content\/uploads\/\/2020\/05\/VL-adress.svg\",\"datePublished\":\"2020-05-14T23:30:10+00:00\",\"dateModified\":\"2025-05-05T06:09:14+00:00\",\"description\":\"Vlantana kontaktai - klient\u0173 aptarnvimas. Kreipkit\u0117s \u012f mus pateikdami bet kokiu klausimu, komentarais ar mintimis. Mus rasite Dvaro str. 1, Gobergi\u0161k\u0117, Klaip\u0117da.\",\"breadcrumb\":{\"@id\":\"https:\/\/vlantana.eu\/lt\/kontaktai\/#breadcrumb\"},\"inLanguage\":\"lt-LT\",\"potentialAction\":[{\"@type\":\"ReadAction\",\"target\":[\"https:\/\/vlantana.eu\/lt\/kontaktai\/\"]}]},{\"@type\":\"ImageObject\",\"inLanguage\":\"lt-LT\",\"@id\":\"https:\/\/vlantana.eu\/lt\/kontaktai\/#primaryimage\",\"url\":\"https:\/\/vlantana.eu\/wp-content\/uploads\/\/2020\/05\/VL-adress.svg\",\"contentUrl\":\"https:\/\/vlantana.eu\/wp-content\/uploads\/\/2020\/05\/VL-adress.svg\"},{\"@type\":\"BreadcrumbList\",\"@id\":\"https:\/\/vlantana.eu\/lt\/kontaktai\/#breadcrumb\",\"itemListElement\":[{\"@type\":\"ListItem\",\"position\":1,\"name\":\"Home\",\"item\":\"https:\/\/vlantana.eu\/lt\/\"},{\"@type\":\"ListItem\",\"position\":2,\"name\":\"Kontaktai\"}]},{\"@type\":\"WebSite\",\"@id\":\"https:\/\/vlantana.eu\/lt\/#website\",\"url\":\"https:\/\/vlantana.eu\/lt\/\",\"name\":\"Vlantana\",\"description\":\"\",\"publisher\":{\"@id\":\"https:\/\/vlantana.eu\/lt\/#organization\"},\"potentialAction\":[{\"@type\":\"SearchAction\",\"target\":{\"@type\":\"EntryPoint\",\"urlTemplate\":\"https:\/\/vlantana.eu\/lt\/?s={search_term_string}\"},\"query-input\":{\"@type\":\"PropertyValueSpecification\",\"valueRequired\":true,\"valueName\":\"search_term_string\"}}],\"inLanguage\":\"lt-LT\"},{\"@type\":\"Organization\",\"@id\":\"https:\/\/vlantana.eu\/lt\/#organization\",\"name\":\"Vlantana\",\"url\":\"https:\/\/vlantana.eu\/lt\/\",\"logo\":{\"@type\":\"ImageObject\",\"inLanguage\":\"lt-LT\",\"@id\":\"https:\/\/vlantana.eu\/lt\/#\/schema\/logo\/image\/\",\"url\":\"https:\/\/vlantana.eu\/wp-content\/uploads\/2020\/05\/VL-logo-spal.svg\",\"contentUrl\":\"https:\/\/vlantana.eu\/wp-content\/uploads\/2020\/05\/VL-logo-spal.svg\",\"width\":\"1024\",\"height\":\"1024\",\"caption\":\"Vlantana\"},\"image\":{\"@id\":\"https:\/\/vlantana.eu\/lt\/#\/schema\/logo\/image\/\"},\"sameAs\":[\"https:\/\/www.facebook.com\/Vlantana\/\",\"https:\/\/www.linkedin.com\/company\/vlantana-uab\"]}]}<\/script>\n<!-- \/ Yoast SEO plugin. -->","yoast_head_json":{"title":"Kontaktai | Klient\u0173 Aptarnavimo Centras - Vlantana","description":"Vlantana kontaktai - klient\u0173 aptarnvimas. Kreipkit\u0117s \u012f mus pateikdami bet kokiu klausimu, komentarais ar mintimis. Mus rasite Dvaro str. 1, Gobergi\u0161k\u0117, Klaip\u0117da.","robots":{"index":"index","follow":"follow","max-snippet":"max-snippet:-1","max-image-preview":"max-image-preview:large","max-video-preview":"max-video-preview:-1"},"canonical":"https:\/\/vlantana.eu\/lt\/kontaktai\/","og_locale":"lt_LT","og_type":"article","og_title":"Kontaktai | Klient\u0173 Aptarnavimo Centras - Vlantana","og_description":"Vlantana kontaktai - klient\u0173 aptarnvimas. Kreipkit\u0117s \u012f mus pateikdami bet kokiu klausimu, komentarais ar mintimis. Mus rasite Dvaro str. 1, Gobergi\u0161k\u0117, Klaip\u0117da.","og_url":"https:\/\/vlantana.eu\/lt\/kontaktai\/","og_site_name":"Vlantana","article_publisher":"https:\/\/www.facebook.com\/Vlantana\/","article_modified_time":"2025-05-05T06:09:14+00:00","og_image":[{"url":"https:\/\/vlantana.eu\/wp-content\/uploads\/\/2020\/05\/VL-adress.svg","type":"","width":"","height":""}],"twitter_card":"summary_large_image","twitter_misc":{"Est. reading time":"3 minut\u0117s"},"schema":{"@context":"https:\/\/schema.org","@graph":[{"@type":"WebPage","@id":"https:\/\/vlantana.eu\/lt\/kontaktai\/","url":"https:\/\/vlantana.eu\/lt\/kontaktai\/","name":"Kontaktai | Klient\u0173 Aptarnavimo Centras - Vlantana","isPartOf":{"@id":"https:\/\/vlantana.eu\/lt\/#website"},"primaryImageOfPage":{"@id":"https:\/\/vlantana.eu\/lt\/kontaktai\/#primaryimage"},"image":{"@id":"https:\/\/vlantana.eu\/lt\/kontaktai\/#primaryimage"},"thumbnailUrl":"https:\/\/vlantana.eu\/wp-content\/uploads\/\/2020\/05\/VL-adress.svg","datePublished":"2020-05-14T23:30:10+00:00","dateModified":"2025-05-05T06:09:14+00:00","description":"Vlantana kontaktai - klient\u0173 aptarnvimas. Kreipkit\u0117s \u012f mus pateikdami bet kokiu klausimu, komentarais ar mintimis. Mus rasite Dvaro str. 1, Gobergi\u0161k\u0117, Klaip\u0117da.","breadcrumb":{"@id":"https:\/\/vlantana.eu\/lt\/kontaktai\/#breadcrumb"},"inLanguage":"lt-LT","potentialAction":[{"@type":"ReadAction","target":["https:\/\/vlantana.eu\/lt\/kontaktai\/"]}]},{"@type":"ImageObject","inLanguage":"lt-LT","@id":"https:\/\/vlantana.eu\/lt\/kontaktai\/#primaryimage","url":"https:\/\/vlantana.eu\/wp-content\/uploads\/\/2020\/05\/VL-adress.svg","contentUrl":"https:\/\/vlantana.eu\/wp-content\/uploads\/\/2020\/05\/VL-adress.svg"},{"@type":"BreadcrumbList","@id":"https:\/\/vlantana.eu\/lt\/kontaktai\/#breadcrumb","itemListElement":[{"@type":"ListItem","position":1,"name":"Home","item":"https:\/\/vlantana.eu\/lt\/"},{"@type":"ListItem","position":2,"name":"Kontaktai"}]},{"@type":"WebSite","@id":"https:\/\/vlantana.eu\/lt\/#website","url":"https:\/\/vlantana.eu\/lt\/","name":"Vlantana","description":"","publisher":{"@id":"https:\/\/vlantana.eu\/lt\/#organization"},"potentialAction":[{"@type":"SearchAction","target":{"@type":"EntryPoint","urlTemplate":"https:\/\/vlantana.eu\/lt\/?s={search_term_string}"},"query-input":{"@type":"PropertyValueSpecification","valueRequired":true,"valueName":"search_term_string"}}],"inLanguage":"lt-LT"},{"@type":"Organization","@id":"https:\/\/vlantana.eu\/lt\/#organization","name":"Vlantana","url":"https:\/\/vlantana.eu\/lt\/","logo":{"@type":"ImageObject","inLanguage":"lt-LT","@id":"https:\/\/vlantana.eu\/lt\/#\/schema\/logo\/image\/","url":"https:\/\/vlantana.eu\/wp-content\/uploads\/2020\/05\/VL-logo-spal.svg","contentUrl":"https:\/\/vlantana.eu\/wp-content\/uploads\/2020\/05\/VL-logo-spal.svg","width":"1024","height":"1024","caption":"Vlantana"},"image":{"@id":"https:\/\/vlantana.eu\/lt\/#\/schema\/logo\/image\/"},"sameAs":["https:\/\/www.facebook.com\/Vlantana\/","https:\/\/www.linkedin.com\/company\/vlantana-uab"]}]}},"_links":{"self":[{"href":"https:\/\/vlantana.eu\/lt\/wp-json\/wp\/v2\/pages\/1411"}],"collection":[{"href":"https:\/\/vlantana.eu\/lt\/wp-json\/wp\/v2\/pages"}],"about":[{"href":"https:\/\/vlantana.eu\/lt\/wp-json\/wp\/v2\/types\/page"}],"author":[{"embeddable":true,"href":"https:\/\/vlantana.eu\/lt\/wp-json\/wp\/v2\/users\/1"}],"replies":[{"embeddable":true,"href":"https:\/\/vlantana.eu\/lt\/wp-json\/wp\/v2\/comments?post=1411"}],"version-history":[{"count":54,"href":"https:\/\/vlantana.eu\/lt\/wp-json\/wp\/v2\/pages\/1411\/revisions"}],"predecessor-version":[{"id":8868,"href":"https:\/\/vlantana.eu\/lt\/wp-json\/wp\/v2\/pages\/1411\/revisions\/8868"}],"wp:attachment":[{"href":"https:\/\/vlantana.eu\/lt\/wp-json\/wp\/v2\/media?parent=1411"}],"curies":[{"name":"wp","href":"https:\/\/api.w.org\/{rel}","templated":true}]}}