{"id":1434,"date":"2020-05-15T00:14:24","date_gmt":"2020-05-15T00:14:24","guid":{"rendered":"https:\/\/vlantana.eu\/pagrindinis\/"},"modified":"2025-05-22T09:37:33","modified_gmt":"2025-05-22T06:37:33","slug":"pagrindinis","status":"publish","type":"page","link":"https:\/\/vlantana.eu\/lt\/","title":{"rendered":"Pagrindinis"},"content":{"rendered":"\n\n    <section class=\"site-title -mb-20 md:-mb-15 lg:-mb-20 wp-block-adoras-title-slides site-title -mb-20 md:-mb-15 lg:-mb-20 testas\">\n\n\n    <ul class=\"slick vertical-slide container full-width\">\n        \n        <li>\n            <div class=\"background bg-cover bg-center\"\n                 style=\"background-image:url('https:\/\/vlantana.eu\/wp-content\/uploads\/2021\/08\/MicrosoftTeams-image-scaled.jpg')\">\n            <\/div>\n            <div class=\"container mx-auto\">\n                <h1 class=\"text-40x lg:text-60x leading-none p-4 lg:p-10 lg:p-17 max-w-xs md:max-w-lg\">\n                    Dedicated to deliver                <\/h1>\n            <\/div>\n        <\/li>\n\n        \n        <li>\n            <div class=\"background bg-cover bg-center\"\n                 style=\"background-image:url('https:\/\/vlantana.eu\/wp-content\/uploads\/2022\/08\/AKU_6605.jpg')\">\n            <\/div>\n            <div class=\"container mx-auto\">\n                <h1 class=\"text-40x lg:text-60x leading-none p-4 lg:p-10 lg:p-17 max-w-xs md:max-w-lg\">\n                    <mark style=\"background-color:rgba(0, 0, 0, 0)\" class=\"has-inline-color has-white-color\">Inovatyvumas<\/mark>                <\/h1>\n            <\/div>\n        <\/li>\n\n        \n        <li>\n            <div class=\"background bg-cover bg-center\"\n                 style=\"background-image:url('https:\/\/vlantana.eu\/wp-content\/uploads\/2020\/05\/re_0006_DJI_0905.jpg')\">\n            <\/div>\n            <div class=\"container mx-auto\">\n                <h1 class=\"text-40x lg:text-60x leading-none p-4 lg:p-10 lg:p-17 max-w-xs md:max-w-lg\">\n                    Lyderyst\u0117                <\/h1>\n            <\/div>\n        <\/li>\n\n        \n        <li>\n            <div class=\"background bg-cover bg-center\"\n                 style=\"background-image:url('https:\/\/vlantana.eu\/wp-content\/uploads\/2022\/06\/1P4A2307-scaled.jpg')\">\n            <\/div>\n            <div class=\"container mx-auto\">\n                <h1 class=\"text-40x lg:text-60x leading-none p-4 lg:p-10 lg:p-17 max-w-xs md:max-w-lg\">\n                    Atsakingumas                <\/h1>\n            <\/div>\n        <\/li>\n\n        \n        <li>\n            <div class=\"background bg-cover bg-center\"\n                 style=\"background-image:url('https:\/\/vlantana.eu\/wp-content\/uploads\/2022\/10\/MicrosoftTeams-image-10.jpg')\">\n            <\/div>\n            <div class=\"container mx-auto\">\n                <h1 class=\"text-40x lg:text-60x leading-none p-4 lg:p-10 lg:p-17 max-w-xs md:max-w-lg\">\n                    Pagarba                <\/h1>\n            <\/div>\n        <\/li>\n\n        \n        <li>\n            <div class=\"background bg-cover bg-center\"\n                 style=\"background-image:url('https:\/\/vlantana.eu\/wp-content\/uploads\/2022\/08\/AKU_6748-1.jpg')\">\n            <\/div>\n            <div class=\"container mx-auto\">\n                <h1 class=\"text-40x lg:text-60x leading-none p-4 lg:p-10 lg:p-17 max-w-xs md:max-w-lg\">\n                    Gyvybingumas                <\/h1>\n            <\/div>\n        <\/li>\n\n        \n\n    <\/ul>\n    <svg class=\"absolute top-0 bottom-0 left-0 w-full h-full pointer-events-none\">\n\n        <defs>\n\n            <mask id=\"title-clipping\" maskContentUnits=\"objectBoundingBox\">\n\n                <rect x=\"-0.5\" y=\"-0.5\" width=\"2\" height=\"2\" fill=\"white\"\/>\n                <rect\n\n                    width=\"1\"\n                    height=\"0.915\"\n                    fill=\"black\"\n                \/>\n                <ellipse\n\n                    cx=\"0.50\"\n                    cy=\"0.50\"\n                    rx=\"0.89\"\n                    ry=\"0.50\"\n                    fill=\"black\"\n                \/>\n\n            <\/mask>\n        <\/defs>\n\n        <rect style=\"fill:rgba(255,255,255,1)\"\n              width=\"100%\"\n              height=\"100%\"\n              mask=\"url(#title-clipping)\"\n\n\n        \/>\n        <rect style=\"fill:rgba(255,255,255,1)\" width=\"100%\" height=\"2%\" y=\"98%\"\/>\n    <\/svg>\n\n    <\/section>\n    \n    \n\n\n    \n\n<section  class='wp-block-adoras-snippet stats container mx-auto mb-10 md:mb-20 '><ul class=\"flex-wrap lg:flex-no-wrap flex py-0 lg:py-4 bg-white rounded-1rem\">\n\n<li  class='wp-block-adoras-snippet w-1\/2 px-5 py-2 lg:px-7 lg:py-3 my-3 lg:my-0 lg:w-auto lg:flex-1 flex items-center md:justify-center '><!DOCTYPE html PUBLIC \"-\/\/W3C\/\/DTD HTML 4.0 Transitional\/\/EN\" \"http:\/\/www.w3.org\/TR\/REC-html40\/loose.dtd\">\n<!-- wp:html --><html><body><div class=\"flex justify-center items-center\">\n<figure><img decoding=\"async\" class=\"w-10 lg:w-16 lg:h-14 xl:w-20 xl:h-18\" src=\"https:\/\/vlantana.eu\/wp-content\/uploads\/2020\/05\/VL-employees.svg\"><\/figure><div class=\"icon  employees\"><\/div>\n<div class=\"info flex-grow leading-none md:leading-normal\">\n<h3 class=\"rcounter text-20x lg:text-30x xl:text-39x leading-none\"><span class=\"slot2\">2605<\/span><\/h3>\n<p><span class=\"text-06 md:text-base lg:text-xl leading-none\"><span class=\"slot3\">darbuotojai<\/span><\/span><\/p>\n<\/div>\n<\/div>\n<!-- \/wp:html --><\/body><\/html>\n<\/li>\n\n<li  class='wp-block-adoras-snippet w-1\/2 px-5 py-2 lg:px-7 lg:py-3 my-3 lg:my-0 lg:w-auto lg:flex-1 flex items-center md:justify-center '><!DOCTYPE html PUBLIC \"-\/\/W3C\/\/DTD HTML 4.0 Transitional\/\/EN\" \"http:\/\/www.w3.org\/TR\/REC-html40\/loose.dtd\">\n<!-- wp:html --><html><body><div class=\"flex justify-center items-center\">\n<figure><img decoding=\"async\" class=\"w-10 lg:w-16 lg:h-14 xl:w-20 xl:h-18\" src=\"https:\/\/vlantana.eu\/wp-content\/uploads\/2020\/05\/VL-trucks.svg\"><\/figure><div class=\"icon  employees\"><\/div>\n<div class=\"info flex-grow leading-none md:leading-normal\">\n<h3 class=\"rcounter text-20x lg:text-30x xl:text-39x leading-none\"><span class=\"slot2\">1700<\/span><\/h3>\n<p><span class=\"text-06 md:text-base lg:text-xl leading-none\"><span class=\"slot3\">vilkikai<\/span><\/span><\/p>\n<\/div>\n<\/div>\n<!-- \/wp:html --><\/body><\/html>\n<\/li>\n\n<li  class='wp-block-adoras-snippet w-1\/2 px-5 py-2 lg:px-7 lg:py-3 my-3 lg:my-0 lg:w-auto lg:flex-1 flex items-center md:justify-center '><!DOCTYPE html PUBLIC \"-\/\/W3C\/\/DTD HTML 4.0 Transitional\/\/EN\" \"http:\/\/www.w3.org\/TR\/REC-html40\/loose.dtd\">\n<!-- wp:html --><html><body><div class=\"flex justify-center items-center\">\n<figure><img decoding=\"async\" class=\"w-10 lg:w-16 lg:h-14 xl:w-20 xl:h-18\" src=\"https:\/\/vlantana.eu\/wp-content\/uploads\/2020\/05\/VL-trailers.svg\"><\/figure><div class=\"icon  employees\"><\/div>\n<div class=\"info flex-grow leading-none md:leading-normal\">\n<h3 class=\"rcounter text-20x lg:text-30x xl:text-39x leading-none\"><span class=\"slot2\">2200<\/span><\/h3>\n<p><span class=\"text-06 md:text-base lg:text-xl leading-none\"><span class=\"slot3\">priekabos<\/span><\/span><\/p>\n<\/div>\n<\/div>\n<!-- \/wp:html --><\/body><\/html>\n<\/li>\n\n<li  class='wp-block-adoras-snippet w-1\/2 px-5 py-2 lg:px-7 lg:py-3 my-3 lg:my-0 lg:w-auto lg:flex-1 flex items-center md:justify-center '><!DOCTYPE html PUBLIC \"-\/\/W3C\/\/DTD HTML 4.0 Transitional\/\/EN\" \"http:\/\/www.w3.org\/TR\/REC-html40\/loose.dtd\">\n<!-- wp:html --><html><body><div class=\"flex justify-center items-center\">\n<figure><img decoding=\"async\" class=\"w-10 lg:w-16 lg:h-14 xl:w-20 xl:h-18\" src=\"https:\/\/vlantana.eu\/wp-content\/uploads\/2020\/05\/VL-ftl.svg\"><\/figure><div class=\"icon  employees\"><\/div>\n<div class=\"info flex-grow leading-none md:leading-normal\">\n<h3 class=\"rcounter text-20x lg:text-30x xl:text-39x leading-none\"><span class=\"slot2\">150000<\/span><\/h3>\n<p><span class=\"text-06 md:text-base lg:text-xl leading-none\"><span class=\"slot3\">FTL per metus<\/span><\/span><\/p>\n<\/div>\n<\/div>\n<!-- \/wp:html --><\/body><\/html>\n<\/li>\n<\/ul><\/section>\n\n<section  class='wp-block-adoras-snippet menu-slider my-5 md:my-10 '><ul class=\"slick menu container grid lg:grid-cols-2 grid-cols-1 gap-8 mx-auto\">\n<li  class='w-full lg:row-span-2 '><!DOCTYPE html PUBLIC \"-\/\/W3C\/\/DTD HTML 4.0 Transitional\/\/EN\" \"http:\/\/www.w3.org\/TR\/REC-html40\/loose.dtd\">\n<html><body><div class=\"h-full\">\n<div class=\"h-full slide-inline  rounded-1rem \" style=\"background-image:url(https:\/\/vlantana.eu\/wp-content\/uploads\/2022\/08\/Untitled-1-01-2.png)\">\n                        <a href=\"https:\/\/vlantana.eu\/lt\/keliu-transportas\/\" class=\"block p-5 md:p-10 h-full\" target=\"\">\n<span class=\"title block font-semibold text-30x md:text-40x leading-none\"><span class=\"slot3\">Keli&#371; transportas<\/span><\/span>\n<span class=\"read-more font-semibold leading-15 inline-block\">Skaityti daugiau<\/span>\n<\/a><\/div>\n<\/div><\/body><\/html>\n<\/li>\n\n<li  class='wp-block-adoras-snippet '><!DOCTYPE html PUBLIC \"-\/\/W3C\/\/DTD HTML 4.0 Transitional\/\/EN\" \"http:\/\/www.w3.org\/TR\/REC-html40\/loose.dtd\">\n<html><body><div class=\"h-full\">\n<div class=\"h-full slide-inline  rounded-1rem \" style=\"background-image:url(https:\/\/vlantana.eu\/wp-content\/uploads\/2022\/06\/Vlan2.jpg)\">\n                        <a href=\"https:\/\/vlantana.eu\/lt\/intermodalumas\/\" class=\"block p-5 md:p-10 h-full\" target=\"\">\n<span class=\"title block font-semibold text-30x md:text-40x leading-none\"><span class=\"slot3\">Intermodaliniai perve&#382;imai<\/span><\/span>\n<span class=\"read-more font-semibold leading-15 inline-block\">Skaityti daugiau<\/span>\n<\/a><\/div>\n<\/div><\/body><\/html>\n<\/li>\n\n<li  class='wp-block-adoras-snippet '><!DOCTYPE html PUBLIC \"-\/\/W3C\/\/DTD HTML 4.0 Transitional\/\/EN\" \"http:\/\/www.w3.org\/TR\/REC-html40\/loose.dtd\">\n<html><body><div class=\"h-full\">\n<div class=\"h-full slide-inline  rounded-1rem \" style=\"background-image:url(https:\/\/vlantana.eu\/wp-content\/uploads\/2022\/06\/Vlan4.jpg)\">\n                        <a href=\"https:\/\/vlantana.eu\/lt\/sandeliavimas\/\" class=\"block p-5 md:p-10 h-full\" target=\"\">\n<span class=\"title block font-semibold text-30x md:text-40x leading-none\"><span class=\"slot3\">Sand&#279;liavimas<\/span><\/span>\n<span class=\"read-more font-semibold leading-15 inline-block\">Skaityti daugiau<\/span>\n<\/a><\/div>\n<\/div><\/body><\/html>\n<\/li>\n\n<li  class='wp-block-adoras-snippet '><!DOCTYPE html PUBLIC \"-\/\/W3C\/\/DTD HTML 4.0 Transitional\/\/EN\" \"http:\/\/www.w3.org\/TR\/REC-html40\/loose.dtd\">\n<html><body><div class=\"h-full\">\n<div class=\"h-full slide-inline  rounded-1rem \" style=\"background-image:url(https:\/\/vlantana.eu\/wp-content\/uploads\/2022\/06\/Vlan3.jpg)\">\n                        <a href=\"https:\/\/vlantana.eu\/lt\/vairuotoju-mokymo-centras\/\" class=\"block p-5 md:p-10 h-full\" target=\"\">\n<span class=\"title block font-semibold text-30x md:text-40x leading-none\"><span class=\"slot3\">Vairuotoj&#371; mokymai<\/span><\/span>\n<span class=\"read-more font-semibold leading-15 inline-block\">Skaityti daugiau<\/span>\n<\/a><\/div>\n<\/div><\/body><\/html>\n<\/li>\n\n<li  class='wp-block-adoras-snippet '><!DOCTYPE html PUBLIC \"-\/\/W3C\/\/DTD HTML 4.0 Transitional\/\/EN\" \"http:\/\/www.w3.org\/TR\/REC-html40\/loose.dtd\">\n<html><body><div class=\"h-full\">\n<div class=\"h-full slide-inline  rounded-1rem \" style=\"background-image:url(https:\/\/vlantana.eu\/wp-content\/uploads\/2022\/06\/Vlan5.jpg)\">\n                        <a href=\"https:\/\/vlantana.eu\/lt\/degaline-ir-sunkvezimiu-plovykla\/\" class=\"block p-5 md:p-10 h-full\" target=\"\">\n<span class=\"title block font-semibold text-30x md:text-40x leading-none\"><span class=\"slot3\">Degalin&#279; ir sunkve&#382;imi&#371; plovykla<\/span><\/span>\n<span class=\"read-more font-semibold leading-15 inline-block\">Skaityti daugiau<\/span>\n<\/a><\/div>\n<\/div><\/body><\/html>\n<\/li>\n\n<li  class='w-full lg:col-span-2 '><!DOCTYPE html PUBLIC \"-\/\/W3C\/\/DTD HTML 4.0 Transitional\/\/EN\" \"http:\/\/www.w3.org\/TR\/REC-html40\/loose.dtd\">\n<html><body><div class=\"h-full\">\n<div class=\"h-full slide-inline  rounded-1rem \" style=\"background-image:url(https:\/\/vlantana.eu\/wp-content\/uploads\/2022\/06\/Vlan6.jpg)\">\n                        <a href=\"https:\/\/vlantana.eu\/lt\/naudoti-sunkvezimiai-ir-priekabos\/\" class=\"block p-5 md:p-10 h-full\" target=\"\">\n<span class=\"title block font-semibold text-30x md:text-40x leading-none\"><span class=\"slot3\">Naudoti sunkve&#382;imiai ir priekabos<\/span><\/span>\n<span class=\"read-more font-semibold leading-15 inline-block\">Skaityti daugiau<\/span>\n<\/a><\/div>\n<\/div><\/body><\/html>\n<\/li>\n\n<li  class='w-full lg:col-span-2 '><!DOCTYPE html PUBLIC \"-\/\/W3C\/\/DTD HTML 4.0 Transitional\/\/EN\" \"http:\/\/www.w3.org\/TR\/REC-html40\/loose.dtd\">\n<html><body><div class=\"h-full\">\n<div class=\"h-full slide-inline  rounded-1rem \" style=\"background-image:url(https:\/\/vlantana.eu\/wp-content\/uploads\/2023\/02\/AdobeStock_436547295-Converted-01b.png)\">\n                        <a href=\"https:\/\/vlantana.eu\/lt\/muitines-tarpininkavimo-paslaugos\/\" class=\"block p-5 md:p-10 h-full\" target=\"\">\n<span class=\"title block font-semibold text-30x md:text-40x leading-none\"><span class=\"slot3\">Muitin&#279;s tarpininkavimo paslaugos<\/span><\/span>\n<span class=\"read-more font-semibold leading-15 inline-block\">Skaityti daugiau<\/span>\n<\/a><\/div>\n<\/div><\/body><\/html>\n<\/li>\n<\/ul><\/section>","protected":false},"excerpt":{"rendered":"","protected":false},"author":1,"featured_media":0,"parent":0,"menu_order":0,"comment_status":"closed","ping_status":"closed","template":"","meta":{"_acf_changed":false,"inline_featured_image":false,"footnotes":""},"class_list":["post-1434","page","type-page","status-publish","hentry"],"acf":[],"yoast_head":"<!-- This site is optimized with the Yoast SEO plugin v25.6 - https:\/\/yoast.com\/wordpress\/plugins\/seo\/ -->\n<title>Logistikos Paslaugos | Transporto Logistikos \u012emon\u0117 - Vlantana<\/title>\n<meta name=\"description\" content=\"Esame viena did\u017eiausi\u0173 logistikos transporto kompanij\u0173 Europoje. Teikiame transportavimo, intermodalini\u0173 krovini\u0173 perve\u017eimo, sand\u0117liavimo ir vairuotoj\u0173 apmokymo paslaugas.\" \/>\n<meta name=\"robots\" content=\"index, follow, max-snippet:-1, max-image-preview:large, max-video-preview:-1\" \/>\n<link rel=\"canonical\" href=\"https:\/\/vlantana.eu\/lt\/\" \/>\n<meta property=\"og:locale\" content=\"lt_LT\" \/>\n<meta property=\"og:type\" content=\"article\" \/>\n<meta property=\"og:title\" content=\"Logistikos Paslaugos | Transporto Logistikos \u012emon\u0117 - Vlantana\" \/>\n<meta property=\"og:description\" content=\"Esame viena did\u017eiausi\u0173 logistikos transporto kompanij\u0173 Europoje. Teikiame transportavimo, intermodalini\u0173 krovini\u0173 perve\u017eimo, sand\u0117liavimo ir vairuotoj\u0173 apmokymo paslaugas.\" \/>\n<meta property=\"og:url\" content=\"https:\/\/vlantana.eu\/lt\/\" \/>\n<meta property=\"og:site_name\" content=\"Vlantana\" \/>\n<meta property=\"article:publisher\" content=\"https:\/\/www.facebook.com\/Vlantana\/\" \/>\n<meta property=\"article:modified_time\" content=\"2025-05-22T06:37:33+00:00\" \/>\n<meta property=\"og:image\" content=\"https:\/\/vlantana.eu\/wp-content\/uploads\/2020\/06\/Vlantana-web.jpg\" \/>\n\t<meta property=\"og:image:width\" content=\"1200\" \/>\n\t<meta property=\"og:image:height\" content=\"627\" \/>\n\t<meta property=\"og:image:type\" content=\"image\/jpeg\" \/>\n<meta name=\"twitter:card\" content=\"summary_large_image\" \/>\n<script type=\"application\/ld+json\" class=\"yoast-schema-graph\">{\"@context\":\"https:\/\/schema.org\",\"@graph\":[{\"@type\":\"WebPage\",\"@id\":\"https:\/\/vlantana.eu\/lt\/\",\"url\":\"https:\/\/vlantana.eu\/lt\/\",\"name\":\"Logistikos Paslaugos | Transporto Logistikos \u012emon\u0117 - Vlantana\",\"isPartOf\":{\"@id\":\"https:\/\/vlantana.eu\/lt\/#website\"},\"datePublished\":\"2020-05-15T00:14:24+00:00\",\"dateModified\":\"2025-05-22T06:37:33+00:00\",\"description\":\"Esame viena did\u017eiausi\u0173 logistikos transporto kompanij\u0173 Europoje. Teikiame transportavimo, intermodalini\u0173 krovini\u0173 perve\u017eimo, sand\u0117liavimo ir vairuotoj\u0173 apmokymo paslaugas.\",\"breadcrumb\":{\"@id\":\"https:\/\/vlantana.eu\/lt\/#breadcrumb\"},\"inLanguage\":\"lt-LT\",\"potentialAction\":[{\"@type\":\"ReadAction\",\"target\":[\"https:\/\/vlantana.eu\/lt\/\"]}]},{\"@type\":\"BreadcrumbList\",\"@id\":\"https:\/\/vlantana.eu\/lt\/#breadcrumb\",\"itemListElement\":[{\"@type\":\"ListItem\",\"position\":1,\"name\":\"Home\",\"item\":\"https:\/\/vlantana.eu\/lt\/\"},{\"@type\":\"ListItem\",\"position\":2,\"name\":\"Pagrindinis\"}]},{\"@type\":\"WebSite\",\"@id\":\"https:\/\/vlantana.eu\/lt\/#website\",\"url\":\"https:\/\/vlantana.eu\/lt\/\",\"name\":\"Vlantana\",\"description\":\"\",\"publisher\":{\"@id\":\"https:\/\/vlantana.eu\/lt\/#organization\"},\"potentialAction\":[{\"@type\":\"SearchAction\",\"target\":{\"@type\":\"EntryPoint\",\"urlTemplate\":\"https:\/\/vlantana.eu\/lt\/?s={search_term_string}\"},\"query-input\":{\"@type\":\"PropertyValueSpecification\",\"valueRequired\":true,\"valueName\":\"search_term_string\"}}],\"inLanguage\":\"lt-LT\"},{\"@type\":\"Organization\",\"@id\":\"https:\/\/vlantana.eu\/lt\/#organization\",\"name\":\"Vlantana\",\"url\":\"https:\/\/vlantana.eu\/lt\/\",\"logo\":{\"@type\":\"ImageObject\",\"inLanguage\":\"lt-LT\",\"@id\":\"https:\/\/vlantana.eu\/lt\/#\/schema\/logo\/image\/\",\"url\":\"https:\/\/vlantana.eu\/wp-content\/uploads\/2020\/05\/VL-logo-spal.svg\",\"contentUrl\":\"https:\/\/vlantana.eu\/wp-content\/uploads\/2020\/05\/VL-logo-spal.svg\",\"width\":\"1024\",\"height\":\"1024\",\"caption\":\"Vlantana\"},\"image\":{\"@id\":\"https:\/\/vlantana.eu\/lt\/#\/schema\/logo\/image\/\"},\"sameAs\":[\"https:\/\/www.facebook.com\/Vlantana\/\",\"https:\/\/www.linkedin.com\/company\/vlantana-uab\"]}]}<\/script>\n<!-- \/ Yoast SEO plugin. -->","yoast_head_json":{"title":"Logistikos Paslaugos | Transporto Logistikos \u012emon\u0117 - Vlantana","description":"Esame viena did\u017eiausi\u0173 logistikos transporto kompanij\u0173 Europoje. Teikiame transportavimo, intermodalini\u0173 krovini\u0173 perve\u017eimo, sand\u0117liavimo ir vairuotoj\u0173 apmokymo paslaugas.","robots":{"index":"index","follow":"follow","max-snippet":"max-snippet:-1","max-image-preview":"max-image-preview:large","max-video-preview":"max-video-preview:-1"},"canonical":"https:\/\/vlantana.eu\/lt\/","og_locale":"lt_LT","og_type":"article","og_title":"Logistikos Paslaugos | Transporto Logistikos \u012emon\u0117 - Vlantana","og_description":"Esame viena did\u017eiausi\u0173 logistikos transporto kompanij\u0173 Europoje. Teikiame transportavimo, intermodalini\u0173 krovini\u0173 perve\u017eimo, sand\u0117liavimo ir vairuotoj\u0173 apmokymo paslaugas.","og_url":"https:\/\/vlantana.eu\/lt\/","og_site_name":"Vlantana","article_publisher":"https:\/\/www.facebook.com\/Vlantana\/","article_modified_time":"2025-05-22T06:37:33+00:00","og_image":[{"width":1200,"height":627,"url":"https:\/\/vlantana.eu\/wp-content\/uploads\/2020\/06\/Vlantana-web.jpg","type":"image\/jpeg"}],"twitter_card":"summary_large_image","schema":{"@context":"https:\/\/schema.org","@graph":[{"@type":"WebPage","@id":"https:\/\/vlantana.eu\/lt\/","url":"https:\/\/vlantana.eu\/lt\/","name":"Logistikos Paslaugos | Transporto Logistikos \u012emon\u0117 - Vlantana","isPartOf":{"@id":"https:\/\/vlantana.eu\/lt\/#website"},"datePublished":"2020-05-15T00:14:24+00:00","dateModified":"2025-05-22T06:37:33+00:00","description":"Esame viena did\u017eiausi\u0173 logistikos transporto kompanij\u0173 Europoje. Teikiame transportavimo, intermodalini\u0173 krovini\u0173 perve\u017eimo, sand\u0117liavimo ir vairuotoj\u0173 apmokymo paslaugas.","breadcrumb":{"@id":"https:\/\/vlantana.eu\/lt\/#breadcrumb"},"inLanguage":"lt-LT","potentialAction":[{"@type":"ReadAction","target":["https:\/\/vlantana.eu\/lt\/"]}]},{"@type":"BreadcrumbList","@id":"https:\/\/vlantana.eu\/lt\/#breadcrumb","itemListElement":[{"@type":"ListItem","position":1,"name":"Home","item":"https:\/\/vlantana.eu\/lt\/"},{"@type":"ListItem","position":2,"name":"Pagrindinis"}]},{"@type":"WebSite","@id":"https:\/\/vlantana.eu\/lt\/#website","url":"https:\/\/vlantana.eu\/lt\/","name":"Vlantana","description":"","publisher":{"@id":"https:\/\/vlantana.eu\/lt\/#organization"},"potentialAction":[{"@type":"SearchAction","target":{"@type":"EntryPoint","urlTemplate":"https:\/\/vlantana.eu\/lt\/?s={search_term_string}"},"query-input":{"@type":"PropertyValueSpecification","valueRequired":true,"valueName":"search_term_string"}}],"inLanguage":"lt-LT"},{"@type":"Organization","@id":"https:\/\/vlantana.eu\/lt\/#organization","name":"Vlantana","url":"https:\/\/vlantana.eu\/lt\/","logo":{"@type":"ImageObject","inLanguage":"lt-LT","@id":"https:\/\/vlantana.eu\/lt\/#\/schema\/logo\/image\/","url":"https:\/\/vlantana.eu\/wp-content\/uploads\/2020\/05\/VL-logo-spal.svg","contentUrl":"https:\/\/vlantana.eu\/wp-content\/uploads\/2020\/05\/VL-logo-spal.svg","width":"1024","height":"1024","caption":"Vlantana"},"image":{"@id":"https:\/\/vlantana.eu\/lt\/#\/schema\/logo\/image\/"},"sameAs":["https:\/\/www.facebook.com\/Vlantana\/","https:\/\/www.linkedin.com\/company\/vlantana-uab"]}]}},"_links":{"self":[{"href":"https:\/\/vlantana.eu\/lt\/wp-json\/wp\/v2\/pages\/1434"}],"collection":[{"href":"https:\/\/vlantana.eu\/lt\/wp-json\/wp\/v2\/pages"}],"about":[{"href":"https:\/\/vlantana.eu\/lt\/wp-json\/wp\/v2\/types\/page"}],"author":[{"embeddable":true,"href":"https:\/\/vlantana.eu\/lt\/wp-json\/wp\/v2\/users\/1"}],"replies":[{"embeddable":true,"href":"https:\/\/vlantana.eu\/lt\/wp-json\/wp\/v2\/comments?post=1434"}],"version-history":[{"count":101,"href":"https:\/\/vlantana.eu\/lt\/wp-json\/wp\/v2\/pages\/1434\/revisions"}],"predecessor-version":[{"id":8913,"href":"https:\/\/vlantana.eu\/lt\/wp-json\/wp\/v2\/pages\/1434\/revisions\/8913"}],"wp:attachment":[{"href":"https:\/\/vlantana.eu\/lt\/wp-json\/wp\/v2\/media?parent=1434"}],"curies":[{"name":"wp","href":"https:\/\/api.w.org\/{rel}","templated":true}]}}