{"id":1763,"date":"2020-05-18T05:41:17","date_gmt":"2020-05-18T05:41:17","guid":{"rendered":"https:\/\/vlantana.eu\/cookie-policy-for-vlantana\/"},"modified":"2021-01-11T18:34:25","modified_gmt":"2021-01-11T15:34:25","slug":"cookie-policy-for-vlantana","status":"publish","type":"page","link":"https:\/\/vlantana.eu\/lt\/cookie-policy-for-vlantana\/","title":{"rendered":"UAB \u201cVlantana\u201d slapuk\u0173 politika"},"content":{"rendered":"\n<h3 class=\"wp-block-heading\"><\/h3>\n\n\n\n<section class=\"wp-block-adoras-title site-title undefined\"><div class=\"bgtitle container full-width\"><div class=\"background desktoponly bg-cover bg-center\" style=\"background-image:url('https:\/\/vlantana.eu\/wp-content\/uploads\/2020\/05\/VL-used-trucks.jpg')\"><\/div><div class=\"background mobileonly bg-cover bg-center\" style=\"background-image:url('https:\/\/vlantana.eu\/wp-content\/uploads\/2020\/05\/VL-used-trucks.jpg')\"><\/div><svg class=\"absolute bottom-0 left-0 w-full pointer-events-none\" viewbox=\"0 0 2560 539\"><defs><mask id=\"title-clipping\"><rect x=\"-50%\" y=\"-50%\" width=\"200%\" height=\"200%\" fill=\"white\"><\/rect><path style=\"fill:#000000\" d=\"M 638.66667,542.08762 C 414.52136,539.42004 243.35976,524.95159 0,491.37831 V 3.4290919 H 2560.0097 C 2559.7842,121.83389 2559.5588,240.23868 2559.3333,358.64348 1993.9988,495.45778 1334.216,548.93684 638.66667,542.08762 Z\"><\/path><rect x=\"-50%\" y=\"-50%\" width=\"200%\" height=\"75%\" fill=\"black\"><\/rect><\/mask><\/defs><rect style=\"fill:rgba(255,255,255,1)\" width=\"100%\" height=\"100%\" mask=\"url(#title-clipping)\"><\/rect><rect style=\"fill:rgba(255,255,255,1)\" width=\"100%\" height=\"1%\" y=\"99.8%\"><\/rect><\/svg><div class=\"container mx-auto relative\"><h1 class=\"h1 purple\">UAB \u201cVlantana\u201d <br>slapuk\u0173 politika<\/h1><\/div><\/div><\/section>\n\n\n<div  class='section container mx-auto first '><h3 class=\"h3\"><span class=\"slot1\">Tai slapuk&#371; naudojimo politika UAB &ldquo;Vlantana&rdquo; svetain&#279;je, kuri pasiekiamas adresu <a>https:\/\/vlantana.eu<\/a><\/span><\/h3>\n<p>\n<div  class=' '><div class=\"text-24x font-extrabold mt-10 mb-2\"><span class=\"slot1\"><strong><strong>Kas yra slapukai?<\/strong><\/strong><\/span><\/div>\n<div><span class=\"slot2\">Kaip ir visos profesionalios svetain&#279;s, &scaron;i svetain&#279; naudoja &bdquo;slapukus&ldquo; &#8211; ma&#382;us failus, kurie yra atsisiun&#269;iami &#303; j&#363;s&#371; kompiuter&#303;, siekiant pagerinti j&#363;s&#371; nar&scaron;ym&#261;. &Scaron;iame puslapyje apra&scaron;oma, koki&#261; informacij&#261; jie renka, kaip mes j&#261; naudojame ir kod&#279;l kartais turime j&#261; saugoti. Mes taip pat apra&scaron;ysime, kaip galite u&#382;kirsti keli&#261; &scaron;i&#371; &bdquo;slapuk&#371;&ldquo; saugojimui, nepaisant to, kad tokie veiksmai gali pabloginti apsilankymo patirt&#303; ir\/ar padaryti kai kuriuos &scaron;ios svetain&#279;s elementus negalimais naudoti.<br>Nor&#279;dami gauti daugiau informacijos apie slapukus, skaitykite &ldquo;Wikipedia&rdquo; straipsn&#303; apie HTTP Slapukus.<\/span><\/div><\/div>\n\n<div  class=' '><div class=\"text-24x font-extrabold mt-10 mb-2\"><span class=\"slot1\"><strong><strong>Kaip mes naudojame slapukus?<\/strong><\/strong><\/span><\/div>\n<div><span class=\"slot2\">Mes slapukus naudojami daugeliui tiksl&#371;, kuriuos apra&scaron;ome toliau. Deja, daugeliu atvej&#371; n&#279;ra bendro standarto, leid&#382;ian&#269;io atjungti slapuk&#371; naudojim&#261; visi&scaron;kai neprarandant &scaron;ios svetain&#279;s funkcionalumo ir funkcij&#371;. Rekomenduojama nei&scaron;jungti slapuk&#371;, jei nesate visi&scaron;kai tikri, kad j&#371; naudojimas n&#279;ra raktas &#303; j&#363;s&#371; naudojamas paslaugas ir\/ar &scaron;ios svetain&#279;s funkcionalum&#261;..<\/span><\/div><\/div>\n\n<div  class=' '><div class=\"text-24x font-extrabold mt-10 mb-2\"><span class=\"slot1\"><strong><strong>Slapuk&#371; i&scaron;jungimas<\/strong><\/strong><\/span><\/div>\n<div><span class=\"slot2\">J&#363;s galite u&#382;drausti slapuk&#371; naudojim&#261; ir saugojim&#261; savo interneto nar&scaron;ykl&#279;s nustatymuose (i&scaron;samios informacijos ie&scaron;kokite &#382;iniatinklio nar&scaron;ykl&#279;s instrukcijose). Nepamir&scaron;kite, kad slapuk&#371; i&scaron;jungimas tur&#279;s &#303;takos &scaron;ios ir daugelio kit&#371; svetaini&#371; funkcionalumui. Tod&#279;l rekomenduojama nei&scaron;jungti slapuk&#371;.<\/span><\/div><\/div>\n\n<div  class=' '><div class=\"text-24x font-extrabold mt-10 mb-2\"><span class=\"slot1\"><strong><strong>Kokius slapukus saugome?<\/strong><\/strong><\/span><\/div>\n<div><span class=\"slot2\">&bdquo;Slapukai&ldquo;, susieti su formomis svetain&#279;je<br>Kai J&#363;s &#303;vedate ir siun&#269;iate duomenis naudodamiesi svetain&#279;s forma, pavyzd&#382;iui, atsiliepim&#371; forma, Slapukai gali b&#363;ti naudojami j&#363;s&#371; duomenims i&scaron;saugoti, kad ateityje grei&#269;iau u&#382;pildyt&#371; form&#261;.<\/span><\/div><\/div>\n\n<div  class=' '><div class=\"text-24x font-extrabold mt-10 mb-2\"><span class=\"slot1\"><strong><strong>Tre&#269;i&#371;j&#371; &scaron;ali&#371; slapukai<\/strong><\/strong><\/span><\/div>\n<div><span class=\"slot2\">Kai kuriais atv&#279;jais UAB &ldquo;Vlantana&rdquo; svetain&#279;je yra naudojami patikimi slapukai kuriuos teikia tre&#269;iosios &scaron;alys. &Scaron;iame skyriuje pateikiama informacija apie tre&#269;i&#371;j&#371; &scaron;ali&#371; slapukus, su kuriais galite susidurti svetain&#279;je.<br>&Scaron;ioje svetain&#279;je naudojama &bdquo;Google Analytics&ldquo;, kuri yra viena i&scaron; labiausiai paplitusi&#371; ir patikimiausi&#371; analiz&#279;s paslaug&#371; internete, norint gauti informacijos apie &scaron;ios svetain&#279;s naudojim&#261; jos tolesniam tobulinimui. Slapuk&#371; duomenys gali sekti j&#363;s&#371; laik&#261;, praleist&#261; &scaron;ios svetain&#279;s puslapiuose, siekiant pateikti informacij&#261;, kaip pagerinti svetain&#279;s turin&#303;.<br>Nor&#279;dami gauti daugiau informacijos apie &ldquo;Google Analytics&rdquo; slapukus skaitykite oficialiame &ldquo;Google Analytics&rdquo; puslapyje.<\/span><\/div><\/div>\n\n<div  class=' '><div class=\"text-24x font-extrabold mt-10 mb-2\"><span class=\"slot1\"><strong><strong>Papildoma informacija<\/strong><\/strong><\/span><\/div>\n<div><span class=\"slot2\">Tikim&#279;s, kad auk&scaron;&#269;iau pateikta informacija pakankamai i&scaron;ai&scaron;kino slapuk&#371; naudojimo esm&#281;. Kaip ne kart&#261; buvo pa&#382;ym&#279;ta, jei nesate tikri d&#279;l b&#363;tinyb&#279;s naudoti slapukus, rekomenduojama j&#371; nei&scaron;jungti, kad b&#363;t&#371; i&scaron;vengta netik&#279;t&#371; &scaron;ios svetain&#279;s naudojimo ir jos funkcionalumo.<br>Jeigu kyla papildom&#371; klausim&#371; galite susisiekti su mumis naudodami vien&#261; i&scaron; m&#363;s&#371; pageidaujim&#371; susisiekimo b&#363;d&#371;:<br><br><strong>El.pa&scaron;to adresas: info@vlantana.lt<\/strong><br><strong>Telefono numeris: +370 46 416505<\/strong><\/span><\/div><\/div>\n\n\n<p><\/p>\n\n<\/p>\n\n<!-- wp:paragraph -->\n<p><\/p>\n<!-- \/wp:paragraph --><\/div>","protected":false},"excerpt":{"rendered":"","protected":false},"author":1,"featured_media":0,"parent":0,"menu_order":0,"comment_status":"closed","ping_status":"closed","template":"","meta":{"_acf_changed":false,"inline_featured_image":false,"footnotes":""},"class_list":["post-1763","page","type-page","status-publish","hentry"],"acf":[],"yoast_head":"<!-- This site is optimized with the Yoast SEO plugin v25.6 - https:\/\/yoast.com\/wordpress\/plugins\/seo\/ -->\n<title>UAB Vlantana Privatumo Ir Slapuk\u0173 Politika - Vlantana<\/title>\n<meta name=\"description\" content=\"Vlantana kaip ir visos profesionalios svetain\u0117s, naudoja \u201eslapukus\u201c \u2013 ma\u017eus failus, kurie yra atsisiun\u010diami \u012f j\u016bs\u0173 kompiuter\u012f, siekiant pagerinti j\u016bs\u0173 nar\u0161ym\u0105.\" \/>\n<meta name=\"robots\" content=\"index, follow, max-snippet:-1, max-image-preview:large, max-video-preview:-1\" \/>\n<link rel=\"canonical\" href=\"https:\/\/vlantana.eu\/lt\/cookie-policy-for-vlantana\/\" \/>\n<meta property=\"og:locale\" content=\"lt_LT\" \/>\n<meta property=\"og:type\" content=\"article\" \/>\n<meta property=\"og:title\" content=\"UAB Vlantana Privatumo Ir Slapuk\u0173 Politika - Vlantana\" \/>\n<meta property=\"og:description\" content=\"Vlantana kaip ir visos profesionalios svetain\u0117s, naudoja \u201eslapukus\u201c \u2013 ma\u017eus failus, kurie yra atsisiun\u010diami \u012f j\u016bs\u0173 kompiuter\u012f, siekiant pagerinti j\u016bs\u0173 nar\u0161ym\u0105.\" \/>\n<meta property=\"og:url\" content=\"https:\/\/vlantana.eu\/lt\/cookie-policy-for-vlantana\/\" \/>\n<meta property=\"og:site_name\" content=\"Vlantana\" \/>\n<meta property=\"article:publisher\" content=\"https:\/\/www.facebook.com\/Vlantana\/\" \/>\n<meta property=\"article:modified_time\" content=\"2021-01-11T15:34:25+00:00\" \/>\n<meta property=\"og:image\" content=\"https:\/\/vlantana.eu\/wp-content\/uploads\/2020\/06\/Vlantana-web.jpg\" \/>\n\t<meta property=\"og:image:width\" content=\"1200\" \/>\n\t<meta property=\"og:image:height\" content=\"627\" \/>\n\t<meta property=\"og:image:type\" content=\"image\/jpeg\" \/>\n<meta name=\"twitter:card\" content=\"summary_large_image\" \/>\n<script type=\"application\/ld+json\" class=\"yoast-schema-graph\">{\"@context\":\"https:\/\/schema.org\",\"@graph\":[{\"@type\":\"WebPage\",\"@id\":\"https:\/\/vlantana.eu\/lt\/cookie-policy-for-vlantana\/\",\"url\":\"https:\/\/vlantana.eu\/lt\/cookie-policy-for-vlantana\/\",\"name\":\"UAB Vlantana Privatumo Ir Slapuk\u0173 Politika - Vlantana\",\"isPartOf\":{\"@id\":\"https:\/\/vlantana.eu\/lt\/#website\"},\"datePublished\":\"2020-05-18T05:41:17+00:00\",\"dateModified\":\"2021-01-11T15:34:25+00:00\",\"description\":\"Vlantana kaip ir visos profesionalios svetain\u0117s, naudoja \u201eslapukus\u201c \u2013 ma\u017eus failus, kurie yra atsisiun\u010diami \u012f j\u016bs\u0173 kompiuter\u012f, siekiant pagerinti j\u016bs\u0173 nar\u0161ym\u0105.\",\"breadcrumb\":{\"@id\":\"https:\/\/vlantana.eu\/lt\/cookie-policy-for-vlantana\/#breadcrumb\"},\"inLanguage\":\"lt-LT\",\"potentialAction\":[{\"@type\":\"ReadAction\",\"target\":[\"https:\/\/vlantana.eu\/lt\/cookie-policy-for-vlantana\/\"]}]},{\"@type\":\"BreadcrumbList\",\"@id\":\"https:\/\/vlantana.eu\/lt\/cookie-policy-for-vlantana\/#breadcrumb\",\"itemListElement\":[{\"@type\":\"ListItem\",\"position\":1,\"name\":\"Home\",\"item\":\"https:\/\/vlantana.eu\/lt\/\"},{\"@type\":\"ListItem\",\"position\":2,\"name\":\"UAB \u201cVlantana\u201d slapuk\u0173 politika\"}]},{\"@type\":\"WebSite\",\"@id\":\"https:\/\/vlantana.eu\/lt\/#website\",\"url\":\"https:\/\/vlantana.eu\/lt\/\",\"name\":\"Vlantana\",\"description\":\"\",\"publisher\":{\"@id\":\"https:\/\/vlantana.eu\/lt\/#organization\"},\"potentialAction\":[{\"@type\":\"SearchAction\",\"target\":{\"@type\":\"EntryPoint\",\"urlTemplate\":\"https:\/\/vlantana.eu\/lt\/?s={search_term_string}\"},\"query-input\":{\"@type\":\"PropertyValueSpecification\",\"valueRequired\":true,\"valueName\":\"search_term_string\"}}],\"inLanguage\":\"lt-LT\"},{\"@type\":\"Organization\",\"@id\":\"https:\/\/vlantana.eu\/lt\/#organization\",\"name\":\"Vlantana\",\"url\":\"https:\/\/vlantana.eu\/lt\/\",\"logo\":{\"@type\":\"ImageObject\",\"inLanguage\":\"lt-LT\",\"@id\":\"https:\/\/vlantana.eu\/lt\/#\/schema\/logo\/image\/\",\"url\":\"https:\/\/vlantana.eu\/wp-content\/uploads\/2020\/05\/VL-logo-spal.svg\",\"contentUrl\":\"https:\/\/vlantana.eu\/wp-content\/uploads\/2020\/05\/VL-logo-spal.svg\",\"width\":\"1024\",\"height\":\"1024\",\"caption\":\"Vlantana\"},\"image\":{\"@id\":\"https:\/\/vlantana.eu\/lt\/#\/schema\/logo\/image\/\"},\"sameAs\":[\"https:\/\/www.facebook.com\/Vlantana\/\",\"https:\/\/www.linkedin.com\/company\/vlantana-uab\"]}]}<\/script>\n<!-- \/ Yoast SEO plugin. -->","yoast_head_json":{"title":"UAB Vlantana Privatumo Ir Slapuk\u0173 Politika - Vlantana","description":"Vlantana kaip ir visos profesionalios svetain\u0117s, naudoja \u201eslapukus\u201c \u2013 ma\u017eus failus, kurie yra atsisiun\u010diami \u012f j\u016bs\u0173 kompiuter\u012f, siekiant pagerinti j\u016bs\u0173 nar\u0161ym\u0105.","robots":{"index":"index","follow":"follow","max-snippet":"max-snippet:-1","max-image-preview":"max-image-preview:large","max-video-preview":"max-video-preview:-1"},"canonical":"https:\/\/vlantana.eu\/lt\/cookie-policy-for-vlantana\/","og_locale":"lt_LT","og_type":"article","og_title":"UAB Vlantana Privatumo Ir Slapuk\u0173 Politika - Vlantana","og_description":"Vlantana kaip ir visos profesionalios svetain\u0117s, naudoja \u201eslapukus\u201c \u2013 ma\u017eus failus, kurie yra atsisiun\u010diami \u012f j\u016bs\u0173 kompiuter\u012f, siekiant pagerinti j\u016bs\u0173 nar\u0161ym\u0105.","og_url":"https:\/\/vlantana.eu\/lt\/cookie-policy-for-vlantana\/","og_site_name":"Vlantana","article_publisher":"https:\/\/www.facebook.com\/Vlantana\/","article_modified_time":"2021-01-11T15:34:25+00:00","og_image":[{"width":1200,"height":627,"url":"https:\/\/vlantana.eu\/wp-content\/uploads\/2020\/06\/Vlantana-web.jpg","type":"image\/jpeg"}],"twitter_card":"summary_large_image","schema":{"@context":"https:\/\/schema.org","@graph":[{"@type":"WebPage","@id":"https:\/\/vlantana.eu\/lt\/cookie-policy-for-vlantana\/","url":"https:\/\/vlantana.eu\/lt\/cookie-policy-for-vlantana\/","name":"UAB Vlantana Privatumo Ir Slapuk\u0173 Politika - Vlantana","isPartOf":{"@id":"https:\/\/vlantana.eu\/lt\/#website"},"datePublished":"2020-05-18T05:41:17+00:00","dateModified":"2021-01-11T15:34:25+00:00","description":"Vlantana kaip ir visos profesionalios svetain\u0117s, naudoja \u201eslapukus\u201c \u2013 ma\u017eus failus, kurie yra atsisiun\u010diami \u012f j\u016bs\u0173 kompiuter\u012f, siekiant pagerinti j\u016bs\u0173 nar\u0161ym\u0105.","breadcrumb":{"@id":"https:\/\/vlantana.eu\/lt\/cookie-policy-for-vlantana\/#breadcrumb"},"inLanguage":"lt-LT","potentialAction":[{"@type":"ReadAction","target":["https:\/\/vlantana.eu\/lt\/cookie-policy-for-vlantana\/"]}]},{"@type":"BreadcrumbList","@id":"https:\/\/vlantana.eu\/lt\/cookie-policy-for-vlantana\/#breadcrumb","itemListElement":[{"@type":"ListItem","position":1,"name":"Home","item":"https:\/\/vlantana.eu\/lt\/"},{"@type":"ListItem","position":2,"name":"UAB \u201cVlantana\u201d slapuk\u0173 politika"}]},{"@type":"WebSite","@id":"https:\/\/vlantana.eu\/lt\/#website","url":"https:\/\/vlantana.eu\/lt\/","name":"Vlantana","description":"","publisher":{"@id":"https:\/\/vlantana.eu\/lt\/#organization"},"potentialAction":[{"@type":"SearchAction","target":{"@type":"EntryPoint","urlTemplate":"https:\/\/vlantana.eu\/lt\/?s={search_term_string}"},"query-input":{"@type":"PropertyValueSpecification","valueRequired":true,"valueName":"search_term_string"}}],"inLanguage":"lt-LT"},{"@type":"Organization","@id":"https:\/\/vlantana.eu\/lt\/#organization","name":"Vlantana","url":"https:\/\/vlantana.eu\/lt\/","logo":{"@type":"ImageObject","inLanguage":"lt-LT","@id":"https:\/\/vlantana.eu\/lt\/#\/schema\/logo\/image\/","url":"https:\/\/vlantana.eu\/wp-content\/uploads\/2020\/05\/VL-logo-spal.svg","contentUrl":"https:\/\/vlantana.eu\/wp-content\/uploads\/2020\/05\/VL-logo-spal.svg","width":"1024","height":"1024","caption":"Vlantana"},"image":{"@id":"https:\/\/vlantana.eu\/lt\/#\/schema\/logo\/image\/"},"sameAs":["https:\/\/www.facebook.com\/Vlantana\/","https:\/\/www.linkedin.com\/company\/vlantana-uab"]}]}},"_links":{"self":[{"href":"https:\/\/vlantana.eu\/lt\/wp-json\/wp\/v2\/pages\/1763"}],"collection":[{"href":"https:\/\/vlantana.eu\/lt\/wp-json\/wp\/v2\/pages"}],"about":[{"href":"https:\/\/vlantana.eu\/lt\/wp-json\/wp\/v2\/types\/page"}],"author":[{"embeddable":true,"href":"https:\/\/vlantana.eu\/lt\/wp-json\/wp\/v2\/users\/1"}],"replies":[{"embeddable":true,"href":"https:\/\/vlantana.eu\/lt\/wp-json\/wp\/v2\/comments?post=1763"}],"version-history":[{"count":3,"href":"https:\/\/vlantana.eu\/lt\/wp-json\/wp\/v2\/pages\/1763\/revisions"}],"predecessor-version":[{"id":1767,"href":"https:\/\/vlantana.eu\/lt\/wp-json\/wp\/v2\/pages\/1763\/revisions\/1767"}],"wp:attachment":[{"href":"https:\/\/vlantana.eu\/lt\/wp-json\/wp\/v2\/media?parent=1763"}],"curies":[{"name":"wp","href":"https:\/\/api.w.org\/{rel}","templated":true}]}}