{"id":4876,"date":"2021-06-09T16:58:01","date_gmt":"2021-06-09T13:58:01","guid":{"rendered":"https:\/\/vlantana.eu\/privacy-policy\/"},"modified":"2021-06-22T09:54:55","modified_gmt":"2021-06-22T06:54:55","slug":"pazeidimu-teikimo-ir-nagrinejimo-procedura","status":"publish","type":"page","link":"https:\/\/vlantana.eu\/lt\/pazeidimu-teikimo-ir-nagrinejimo-procedura\/","title":{"rendered":"PA\u017dEIDIM\u0172 TEIKIMO IR NAGRIN\u0116JIMO PROCED\u016aRA"},"content":{"rendered":"\n<section class=\"wp-block-adoras-title site-title undefined\"><div class=\"bgtitle container full-width\"><div class=\"background desktoponly bg-cover bg-center\" style=\"background-image:url('https:\/\/vlantana.eu\/wp-content\/uploads\/2020\/05\/VL-social-responsibility.jpg')\"><\/div><div class=\"background mobileonly bg-cover bg-center\" style=\"background-image:url('https:\/\/vlantana.eu\/wp-content\/uploads\/2020\/05\/VL-social-responsibility.jpg')\"><\/div><svg class=\"absolute bottom-0 left-0 w-full pointer-events-none\" viewbox=\"0 0 2560 539\"><defs><mask id=\"title-clipping\"><rect x=\"-50%\" y=\"-50%\" width=\"200%\" height=\"200%\" fill=\"white\"><\/rect><path style=\"fill:#000000\" d=\"M 638.66667,542.08762 C 414.52136,539.42004 243.35976,524.95159 0,491.37831 V 3.4290919 H 2560.0097 C 2559.7842,121.83389 2559.5588,240.23868 2559.3333,358.64348 1993.9988,495.45778 1334.216,548.93684 638.66667,542.08762 Z\"><\/path><rect x=\"-50%\" y=\"-50%\" width=\"200%\" height=\"75%\" fill=\"black\"><\/rect><\/mask><\/defs><rect style=\"fill:rgba(255,255,255,1)\" width=\"100%\" height=\"100%\" mask=\"url(#title-clipping)\"><\/rect><rect style=\"fill:rgba(255,255,255,1)\" width=\"100%\" height=\"1%\" y=\"99.8%\"><\/rect><\/svg><div class=\"container mx-auto relative\"><h1 class=\"h1 purple\"><strong><a><strong>PA\u017dEIDIM\u0172 TEIKIMO IR NAGRIN\u0116JIMO PROCED\u016aRA<\/strong><\/a><\/strong><\/h1><\/div><\/div><\/section>\n\n\n\n<p><\/p>\n\n\n<section  class='wp-block-adoras-snippet section container mx-auto margin-bottom-0 '><h3 class=\"h3\"><span class=\"slot1\"><br>Vadovaujantis Lietuvos Respublikos Vyriausyb&#279;s 2018 m. lapkri&#269;io 14 d. nutarimu Nr. 1133 &bdquo;D&#279;l Lietuvos Respublikos prane&scaron;&#279;j&#371; apsaugos &#303;statymo &#303;gyvendinimo&ldquo; patvirtinta Vidini&#371; informacijos apie pa&#382;eidimus teikimo kanal&#371; &#303;diegimo ir j&#371; funkcionavimo u&#382;tikrinimo tvarkos apra&scaron;o 12 punktu, Bendrov&#279; vie&scaron;ai pateikia informacij&#261; susijusi&#261; su informacijos apie padarytus, daromus arba ketinamus daryti pa&#382;eidimus pateikimu, informacijos apie pa&#382;eidimus nagrin&#279;jim&#261;, bei kompetenting&#261; asmen&#303; bei kompetentingo asmens kontaktus.&nbsp;<br><br>I&scaron;kilus bet kokiems klausimams susijusiems su &scaron;ios proced&#363;ros veikimu ar &#303;gyvendinimu, maloniai pra&scaron;ome, susisiekti.&nbsp;<\/span><\/h3>\n<div class=\"text-purple mt-4\">\n <span class=\"slot2\"><\/span><\/div>\n<div class=\"accordion\">\n        \n<div  class='wp-block-adoras-snippet '><div class=\"part\">\n            <a class=\"expander\" href=\"#\"><span class=\"slot1\">Kanalas<\/span><\/a>\n<div class=\"text\">\n             <span class=\"slot2\">Bendrov&#279;je yra veikiantis vidinis informacijos apie pa&#382;eidimus teikimo kanalas &ndash; el. pa&scaron;tas&nbsp;<a href=\"mailto:pranesk@vlantana.lt\">pranesk@vlantana.lt<\/a>&nbsp;(toliau vadinama &ndash; Kanalu).<\/span><\/div>\n<\/div><\/div>\n\n\n<p><\/p>\n\n\n<div  class='wp-block-adoras-snippet '><div class=\"part\">\n            <a class=\"expander\" href=\"#\"><span class=\"slot1\">Kompetentingas asmuo<\/span><\/a>\n<div class=\"text\">\n             <span class=\"slot2\"><br>Bendrov&#279;s generalinio direktoriaus &#303;sakymu kompetentingu asmeniu paskirtas &ndash; Bendrov&#279;s Jurist&#279; Aurelija Rulevi&#269;&#279;, j&#261; pavaduojantis asmuo Bendrov&#279;s prevencijos specialistas Tomas Kazlauskas (toliau vadinama Kompetentingu asmeniu).&nbsp;<br><br>Bendrov&#279; u&#382;tikrina, kad paskirto Kompetentingo asmens reputacija ir kvalifikacija nekelia abejoni&#371;. Kompetentingas asmuo vykdydamas jam priskirtas funkcijas veikia nepriklausomai, jam n&#279;ra daromas joks poveikis.&nbsp;<br><br>Kompetentingas asmuo administruoja Kanal&#261;, analizuoja ir tiria Kanalu gaut&#261; informacij&#261; apie pa&#382;eidimus, u&#382;tikrina Kanalu gautos informacijos ir asmens duomen&#371; konfidencialum&#261;, bendrauja su Bendrov&#279;s darbuotojais ar\/ir kompetentingomis institucijomis teikdamas ir gaudamas informacij&#261;, renka ir kaupia nuasmenintus statistinius duomenis susijusius su gautais prane&scaron;imais ir vykdo kitas Kompetentingo asmens funkcijas.&nbsp;<\/span><\/div>\n<\/div><\/div>\n\n<div  class='wp-block-adoras-snippet '><div class=\"part\">\n            <a class=\"expander\" href=\"#\"><span class=\"slot1\">Subjektai galintys teikti informacij&#261; kanale apie pa&#382;eidimus, pa&#382;eidimo samprata <\/span><\/a>\n<div class=\"text\">\n             <span class=\"slot2\">Bet kuris asmuo, kur&#303; su Bendrove sieja darbo, tarnybos ar komerciniai santykiai turi galimyb&#281; Kanalu prane&scaron;ti apie pa&#382;eidim&#261;. Kanale taip pat gali b&#363;ti teikiama informacija apie pa&#382;eidimus, susijusi su pagrindine Bendrov&#279;s vykdoma veikla &ndash; logistika bei krovini&#371; perve&#382;imais, o taip pat Bendrov&#279;s valdomo motelio, degalin&#279;s, transporto priemoni&#371; plovyklos ir kitomis teikiamomis paslaugomis. Subjekt&#371; galin&#269;i&#371; teikti informacij&#261; Kanale ratas n&#279;ra jokiu b&#363;du ribojamas.&nbsp;<br><br>Prane&scaron;tina laikoma bet kokia informacija leid&#382;ianti pagr&#303;stai manyti, kad Bendrov&#279;je yra rengiama, daroma ar padaryta nusikalstama veika, administracinis nusi&#382;engimas arba kitas pa&#382;eidimas, kuris gali kelti gr&#279;sm&#281; arba pa&#382;eisti vie&scaron;&#261;j&#303; interes&#261;, sukelti pavoj&#371; visuomen&#279;s\/asmens saugumui ir\/arba sveikatai, pavoj&#371; aplinkai, kliudyti ar daryti neteis&#279;t&#261; poveik&#303; teis&#279;saugos institucij&#371; atliekamiems tyrimams, kitu b&#363;du pa&#382;eisti galiojant&#303; teisin&#303; reglamentavim&#261; (toliau vadinama &#8211; Pa&#382;eidimu).<br><br>Pagrindu teikti informacij&#261; apie pa&#382;eidim&#261; laikomas j&#261; teikian&#269;io asmens &#382;inojimas, ta&#269;iau asmuo neprivalo b&#363;ti visi&scaron;kai &#303;sitikin&#281;s apie prane&scaron;am&#371; fakt&#371; tikrum&#261;, neprivalo vertinti ar pa&#382;eidimas atitinka nusikalstam&#371; veik&#371; po&#382;ymius, pa&#382;eid&#382;ia teis&#279;s aktus ar vidines Bendrov&#279;s tvarkas.&nbsp;<br><br>Kanalu draud&#382;iama teikti informacij&#261;, kuri yra akivaizd&#382;iai neatitinkanti tikrov&#279;s, melaginga, arba grind&#382;iama melagingais ir tikrov&#279;s neatitinkan&#269;iais teiginiais. Tokiu atveju, kai nustatoma, kad asmuo pateik&#281;s prane&scaron;im&#261; ty&#269;ia &#303;skund&#279; nekalt&#261; asmen&#303; kaip padarius&#303; nusikalstam&#261; veik&#261; gali b&#363;ti traukiamas baud&#382;iamojon atsakomyb&#279;n. Ai&scaron;kumo d&#279;lei nurodoma, kad melagingas &#303;skundimas ar prane&scaron;imas apie neb&#363;t&#261; nusikaltim&#261; u&#382;traukia baud&#382;iam&#261;j&#261; atsakomyb&#281;, nustatyt&#261; Lietuvos Respublikos baud&#382;iamojo kodekso 236 str.&nbsp;<\/span><\/div>\n<\/div><\/div>\n\n<div  class='wp-block-adoras-snippet '><div class=\"part\">\n            <a class=\"expander\" href=\"#\"><span class=\"slot1\">Pa&#382;eidim&#371; teikimo ir nagrin&#279;jimo tvarka<\/span><\/a>\n<div class=\"text\">\n             <span class=\"slot2\">Asmuo teikiantis informacij&#261; apie Pa&#382;eidim&#261;  turi teis&#281; informacij&#261; teikti u&#382;pildant nustatytos formos prane&scaron;im&#261; apie Pa&#382;eidim&#261; (aktyvi nuoroda pridedama) arba apie Pa&#382;eidim&#261; prane&scaron;ti laisvos formos prane&scaron;imus. Informacija teikiama Kanalu. <br><br>Prane&scaron;imo formoje pra&scaron;omi pateikti asmens duomenys reikalingi identifikuoti asmen&#303; sprend&#382;iant klausim&#261; d&#279;l prane&scaron;&#279;jo statuso jam suteikimo ir yra saugomi trejus metus nuo j&#371; gavimo. Bendrov&#279; u&#382;tikrin&#261; saugom&#371; asmens duomen&#371; saugum&#261; ir konfidencialum&#261;. Asmens duomenys gali b&#363;ti atskleisti tik ikiteisminio tyrimo ar kitoms Pa&#382;eidim&#261; tirian&#269;ioms kompetentingoms institucijoms, neatskleid&#382;iant &scaron;i&#371; duomen&#371; Bendrov&#279;je.<br><br> Prane&scaron;ime apie Pa&#382;eidim&#261; privaloma nurodyti:<br><ol class=\"block list-disc\" style=\"padding-left: 40px; list-style-type:decimal\"><li>Kas, kada, kokiu b&#363;du ir kok&#303; pa&#382;eidim&#261; padar&#279;, daro ar rengiasi padaryti ir pan.;<\/li><li>Su&#382;inojimo apie Pa&#382;eidim&#261; dat&#261; ir aplinkybes;<\/li><li>Savo vard&#261;, pavard&#281;, asmens kod&#261;, darboviet&#281;, kitus kontaktinius duomenis;<\/li><li>4Jei &#303;manoma, pateikia bet kokius turimus dokumentus, duomenis ar kit&#261; informacij&#261;, atskleid&#382;ian&#269;i&#261; pa&#382;eidimo po&#382;ymius;<\/li><li>Informacij&#261; apie tai ar apie Pa&#382;eidim&#261; jau yra kam nors prane&scaron;ta ir ar yra gautas atsakymas;<\/li><li>Patvirtinti, kad teikiama informacija yra teisinga ir kad prane&scaron;&#279;jas yra susipa&#382;in&#281;s su teisin&#279;mis pasekm&#279;mis u&#382; melagingos informacijos teikim&#261;.<\/li><\/ol><br>Kompetentingas asmuo gav&#281;s informacij&#261;, kuri leid&#382;ia pagr&#303;stai manyti, kad yra rengiamas, daromas ar ketinamas daryti Pa&#382;eidimas, nedelsdamas, bet ne v&#279;liau nei per dvi darbo dienas persiun&#269;ia gaut&#261; informacij&#261; &#303;galiotai tirti institucijai ir apie tai informuoja informacij&#261; pateikus&#303; asmen&#303;.<br><br>Ne v&#279;liau nei per penkias darbo dienas nuo visos informacijos apie Pa&#382;eidim&#261; gavimo dienos informuoja informacij&#261; pateikus&#303; asmen&#303; apie sprendim&#261; d&#279;l informacijos nagrin&#279;jimo, arba i&scaron;d&#279;sto motyvus d&#279;l sprendimo nenagrin&#279;ti informacijos apie Pa&#382;eidim&#261;.<br><br>Kompetentingam asmeniui pri&#279;mus sprendim&#261; d&#279;l Pa&#382;eidimo nagrin&#279;jimo, nagrin&#279;jimas vyksta sekan&#269;ia tvarka:<br><ol class=\"block list-disc\" style=\"padding-left: 40px; list-style-type:decimal\"><li>Esant poreikiui, Kompetentingas asmuo kreipiasi &#303; informacij&#261; pateikus&#303; asmen&#303; ar Bendrov&#279;s darbuotojus d&#279;l papildomos informacijos, duomen&#371;, dokument&#371; ar kit&#371; &#303;rodym&#371;, reik&scaron;ming&#371; vykdomam tyrimui, pateikimo. Kompetentingas asmuo yra atsakingas u&#382; konfidencialios informacijos u&#382;tikrinim&#261;, bei pa&#269;io tyrimu konfidencialum&#261;, kiek tai yra objektyviai &#303;manoma atsi&#382;velgiant &#303; konkre&#269;ias aplinkybes.<\/li><li>Tuo atveju jeigu atsi&#382;velgiant &#303; konkre&#269;ias Pa&#382;eidimo aplinkybes Kompetentingas asmuo objektyviai negali vienas i&scaron;tirti Pa&#382;eidimo, Kompetentingas asmuo gali kreiptis d&#279;l pagalbos &#303; savo pavaduotoj&#261;, o taip pat sudaryti darbo grup&#281;, u&#382;tikrinant darbo ir duomen&#371; konfidencialum&#261;.<\/li><li>Kompetentingas asmuo, baig&#281;s nagrin&#279;ti informacij&#261; apie Pa&#382;eidim&#261;, nedelsdamas ra&scaron;tu informuoja informacij&#261; apie Pa&#382;eidim&#261; pateikus&#303; asmen&#303; apie priimt&#261; sprendim&#261;, nagrin&#279;jimo rezultatus ir veiksmus, kuri&#371; buvo imtasi ar planuojama imtis, nurodo  priimto sprendimo apskundimo tvark&#261;. Nusta&#269;ius Pa&#382;eidimo padarymo fakt&#261; &ndash; informuojama apie taikyt&#261; atsakomyb&#281;.<\/li><\/ol><br><br>Tuo atveju jeigu asmuo, pateik&#281;s prane&scaron;im&#261; apie Pa&#382;eidim&#261;, nurodytais terminais negauna atsakymo i&scaron; Kompetentingo asmens apie Prane&scaron;imo nagrin&#279;jim&#261;, bei n&#279;ra imamasi veiksm&#371;, susijusi&#371; su prane&scaron;imo nagrin&#279;jimu, vadovaujantis Lietuvos Respublikos Prane&scaron;&#279;j&#371; apsaugos &#303;statymo 4 str. 3 d. 4 p., asmuo turi teis&#281; kreiptis tiesiogiai &#303; kompetenting&#261; institucij&#261; &ndash; Lietuvos Respublikos prokurat&#363;r&#261;, pateikiant patvirtintos formos prane&scaron;im&#261;. <\/span><\/div>\n<\/div><\/div>\n\n<div  class='wp-block-adoras-snippet '><div class=\"part\">\n            <a class=\"expander\" href=\"#\"><span class=\"slot1\">Pirmininko sprendimo apskundimo tvarka<\/span><\/a>\n<div class=\"text\">\n             <span class=\"slot2\">Informacij&#261; apie Pa&#382;eidim&#261; pateik&#281;s asmuo, gav&#281;s Kompetentingo asmens pateikt&#261; informacij&#261; apie Pa&#382;eidimo tyrimo rezultatus, turi teis&#281; per penkias darbo dienas apsk&#371;sti Kompetentingo asmens sprendim&#261; Bendrov&#279;s vadovui, kuris gav&#281;s motyvuot&#261; skund&#261; nedelsiant, bet ne v&#279;liau nei per tris darbo dienas sudaro Komisij&#261; i&scaron; trij&#371; asmen&#371;, kuri per&#382;i&#363;ri Kompetentingo asmens sprendim&#261; ir pateikia savo i&scaron;vadas.<br><br>Komisija yra nepriklausoma, tai yra Komisijos sprendimui negali b&#363;ti daroma jokia &#303;taka.<br><br>Komisij&#261; savo i&scaron;vadas d&#279;l skund&#382;iamo Kompetentingo asmens sprendimo&nbsp;&nbsp;priima ne v&#279;liau nei per penkiolika kalendorini&#371; din&#371; nuo Komisijos sudarymo dienos.<\/span><\/div>\n<\/div><\/div>\n\n<div  class='wp-block-adoras-snippet '><div class=\"part\">\n            <a class=\"expander\" href=\"#\"><span class=\"slot1\">Baigiamosios nuostatos<\/span><\/a>\n<div class=\"text\">\n             <span class=\"slot2\">Bendrov&#279; garantuoja informacijos konfidencialum&#261;. Su prane&scaron;tu Pa&#382;eidimu susijusi informacija gali b&#363;ti naudojama i&scaron;skirtinai tyrimo tikslais ir gali b&#363;ti atskleid&#382;iama tik tais atvejais, kai tai yra objektyviai b&#363;tina tyrimui arba kai to ra&scaron;tu pra&scaron;o informacij&#261; apie Pa&#382;eidim&#261; atskleid&#281;s asmuo, ta&#269;iau tik ta apimtimi kiek tai neprie&scaron;tarauja galiojan&#269;iam teisniam reglamentavimui.<br><br>Asmens duomenys yra tvarkomi vadovaujantis bendruoju asmens duomen&#371; apsaugos reglamentu.&nbsp;<br><br>Bendrov&#279;s darbuotojams draud&#382;iama daryti bet kok&#303; neigiam&#261; poveik&#303; asmen&#371; pateikusi&#371; prane&scaron;im&#261; apie pa&#382;eidim&#261; at&#382;vilgiu.<br><br>&Scaron;i proced&#363;ra yra taikoma taip pat ir visoms UAB &bdquo;STONUS Group&ldquo; &#303;moni&#371; grup&#279;s &#303;mon&#279;ms, &#303;skaitant, bet neapsiribojant UAB &bdquo;STONUS Invest&ldquo;, UAB &bdquo;Vlantanos Logistika&ldquo;, UAB &bdquo;Vlantanos Ekspedicija&ldquo;, UAB &bdquo;VAS Transport&ldquo;.&nbsp;<\/span><\/div>\n<\/div><\/div>\n<\/div><\/section>\n\n\n<p class=\"wp-block-adoras-snippet section container mx-auto margin-bottom-0\" style=\"margin-top: 20px\"><image style=\"float:left; margin-right: 10px\" width=\"30\" src=\"https:\/\/vlantana.eu\/wp-content\/uploads\/pdf.png\"><a style=\"float:left; padding-top: 5px\" href=\"http:\/\/vlantana.eu\/wp-content\/uploads\/%C4%AEsakymas_d%C4%97l_Prane%C5%A1%C4%97j%C5%B3_apsaugos_%C4%AFstatymo_%C4%AFgyvendinimo_priemoni%C5%B3.pdf\">\u012esakymas d\u0117l Prane\u0161\u0117j\u0173 apsaugos \u012fstatymo \u012fgyvendinimo priemoni\u0173<\/a><\/p>\n","protected":false},"excerpt":{"rendered":"<p>\u012esakymas d\u0117l Prane\u0161\u0117j\u0173 apsaugos \u012fstatymo \u012fgyvendinimo priemoni\u0173<\/p>\n","protected":false},"author":1,"featured_media":0,"parent":0,"menu_order":0,"comment_status":"closed","ping_status":"closed","template":"","meta":{"_acf_changed":false,"inline_featured_image":false,"footnotes":""},"class_list":["post-4876","page","type-page","status-publish","hentry"],"acf":[],"yoast_head":"<!-- This site is optimized with the Yoast SEO plugin v25.6 - https:\/\/yoast.com\/wordpress\/plugins\/seo\/ -->\n<title>Social Responsibility | Safety And Ecology - Vlantana<\/title>\n<meta name=\"description\" content=\"Vlantana pursuing sustainable, socially responsible and innovative business development by being committed to safe and eco driving and green lifstyle.\" \/>\n<meta name=\"robots\" content=\"index, follow, max-snippet:-1, max-image-preview:large, max-video-preview:-1\" \/>\n<link rel=\"canonical\" href=\"https:\/\/vlantana.eu\/lt\/pazeidimu-teikimo-ir-nagrinejimo-procedura\/\" \/>\n<meta property=\"og:locale\" content=\"lt_LT\" \/>\n<meta property=\"og:type\" content=\"article\" \/>\n<meta property=\"og:title\" content=\"Social Responsibility | Safety And Ecology - Vlantana\" \/>\n<meta property=\"og:description\" content=\"Vlantana pursuing sustainable, socially responsible and innovative business development by being committed to safe and eco driving and green lifstyle.\" \/>\n<meta property=\"og:url\" content=\"https:\/\/vlantana.eu\/lt\/pazeidimu-teikimo-ir-nagrinejimo-procedura\/\" \/>\n<meta property=\"og:site_name\" content=\"Vlantana\" \/>\n<meta property=\"article:publisher\" content=\"https:\/\/www.facebook.com\/Vlantana\/\" \/>\n<meta property=\"article:modified_time\" content=\"2021-06-22T06:54:55+00:00\" \/>\n<meta property=\"og:image\" content=\"https:\/\/vlantana.eu\/wp-content\/uploads\/2020\/06\/Vlantana-web.jpg\" \/>\n\t<meta property=\"og:image:width\" content=\"1200\" \/>\n\t<meta property=\"og:image:height\" content=\"627\" \/>\n\t<meta property=\"og:image:type\" content=\"image\/jpeg\" \/>\n<meta name=\"twitter:card\" content=\"summary_large_image\" \/>\n<meta name=\"twitter:label1\" content=\"Est. reading time\" \/>\n\t<meta name=\"twitter:data1\" content=\"1 minut\u0117\" \/>\n<script type=\"application\/ld+json\" class=\"yoast-schema-graph\">{\"@context\":\"https:\/\/schema.org\",\"@graph\":[{\"@type\":\"WebPage\",\"@id\":\"https:\/\/vlantana.eu\/lt\/pazeidimu-teikimo-ir-nagrinejimo-procedura\/\",\"url\":\"https:\/\/vlantana.eu\/lt\/pazeidimu-teikimo-ir-nagrinejimo-procedura\/\",\"name\":\"Social Responsibility | Safety And Ecology - Vlantana\",\"isPartOf\":{\"@id\":\"https:\/\/vlantana.eu\/lt\/#website\"},\"datePublished\":\"2021-06-09T13:58:01+00:00\",\"dateModified\":\"2021-06-22T06:54:55+00:00\",\"description\":\"Vlantana pursuing sustainable, socially responsible and innovative business development by being committed to safe and eco driving and green lifstyle.\",\"breadcrumb\":{\"@id\":\"https:\/\/vlantana.eu\/lt\/pazeidimu-teikimo-ir-nagrinejimo-procedura\/#breadcrumb\"},\"inLanguage\":\"lt-LT\",\"potentialAction\":[{\"@type\":\"ReadAction\",\"target\":[\"https:\/\/vlantana.eu\/lt\/pazeidimu-teikimo-ir-nagrinejimo-procedura\/\"]}]},{\"@type\":\"BreadcrumbList\",\"@id\":\"https:\/\/vlantana.eu\/lt\/pazeidimu-teikimo-ir-nagrinejimo-procedura\/#breadcrumb\",\"itemListElement\":[{\"@type\":\"ListItem\",\"position\":1,\"name\":\"Home\",\"item\":\"https:\/\/vlantana.eu\/lt\/\"},{\"@type\":\"ListItem\",\"position\":2,\"name\":\"PA\u017dEIDIM\u0172 TEIKIMO IR NAGRIN\u0116JIMO PROCED\u016aRA\"}]},{\"@type\":\"WebSite\",\"@id\":\"https:\/\/vlantana.eu\/lt\/#website\",\"url\":\"https:\/\/vlantana.eu\/lt\/\",\"name\":\"Vlantana\",\"description\":\"\",\"publisher\":{\"@id\":\"https:\/\/vlantana.eu\/lt\/#organization\"},\"potentialAction\":[{\"@type\":\"SearchAction\",\"target\":{\"@type\":\"EntryPoint\",\"urlTemplate\":\"https:\/\/vlantana.eu\/lt\/?s={search_term_string}\"},\"query-input\":{\"@type\":\"PropertyValueSpecification\",\"valueRequired\":true,\"valueName\":\"search_term_string\"}}],\"inLanguage\":\"lt-LT\"},{\"@type\":\"Organization\",\"@id\":\"https:\/\/vlantana.eu\/lt\/#organization\",\"name\":\"Vlantana\",\"url\":\"https:\/\/vlantana.eu\/lt\/\",\"logo\":{\"@type\":\"ImageObject\",\"inLanguage\":\"lt-LT\",\"@id\":\"https:\/\/vlantana.eu\/lt\/#\/schema\/logo\/image\/\",\"url\":\"https:\/\/vlantana.eu\/wp-content\/uploads\/2020\/05\/VL-logo-spal.svg\",\"contentUrl\":\"https:\/\/vlantana.eu\/wp-content\/uploads\/2020\/05\/VL-logo-spal.svg\",\"width\":\"1024\",\"height\":\"1024\",\"caption\":\"Vlantana\"},\"image\":{\"@id\":\"https:\/\/vlantana.eu\/lt\/#\/schema\/logo\/image\/\"},\"sameAs\":[\"https:\/\/www.facebook.com\/Vlantana\/\",\"https:\/\/www.linkedin.com\/company\/vlantana-uab\"]}]}<\/script>\n<!-- \/ Yoast SEO plugin. -->","yoast_head_json":{"title":"Social Responsibility | Safety And Ecology - Vlantana","description":"Vlantana pursuing sustainable, socially responsible and innovative business development by being committed to safe and eco driving and green lifstyle.","robots":{"index":"index","follow":"follow","max-snippet":"max-snippet:-1","max-image-preview":"max-image-preview:large","max-video-preview":"max-video-preview:-1"},"canonical":"https:\/\/vlantana.eu\/lt\/pazeidimu-teikimo-ir-nagrinejimo-procedura\/","og_locale":"lt_LT","og_type":"article","og_title":"Social Responsibility | Safety And Ecology - Vlantana","og_description":"Vlantana pursuing sustainable, socially responsible and innovative business development by being committed to safe and eco driving and green lifstyle.","og_url":"https:\/\/vlantana.eu\/lt\/pazeidimu-teikimo-ir-nagrinejimo-procedura\/","og_site_name":"Vlantana","article_publisher":"https:\/\/www.facebook.com\/Vlantana\/","article_modified_time":"2021-06-22T06:54:55+00:00","og_image":[{"width":1200,"height":627,"url":"https:\/\/vlantana.eu\/wp-content\/uploads\/2020\/06\/Vlantana-web.jpg","type":"image\/jpeg"}],"twitter_card":"summary_large_image","twitter_misc":{"Est. reading time":"1 minut\u0117"},"schema":{"@context":"https:\/\/schema.org","@graph":[{"@type":"WebPage","@id":"https:\/\/vlantana.eu\/lt\/pazeidimu-teikimo-ir-nagrinejimo-procedura\/","url":"https:\/\/vlantana.eu\/lt\/pazeidimu-teikimo-ir-nagrinejimo-procedura\/","name":"Social Responsibility | Safety And Ecology - Vlantana","isPartOf":{"@id":"https:\/\/vlantana.eu\/lt\/#website"},"datePublished":"2021-06-09T13:58:01+00:00","dateModified":"2021-06-22T06:54:55+00:00","description":"Vlantana pursuing sustainable, socially responsible and innovative business development by being committed to safe and eco driving and green lifstyle.","breadcrumb":{"@id":"https:\/\/vlantana.eu\/lt\/pazeidimu-teikimo-ir-nagrinejimo-procedura\/#breadcrumb"},"inLanguage":"lt-LT","potentialAction":[{"@type":"ReadAction","target":["https:\/\/vlantana.eu\/lt\/pazeidimu-teikimo-ir-nagrinejimo-procedura\/"]}]},{"@type":"BreadcrumbList","@id":"https:\/\/vlantana.eu\/lt\/pazeidimu-teikimo-ir-nagrinejimo-procedura\/#breadcrumb","itemListElement":[{"@type":"ListItem","position":1,"name":"Home","item":"https:\/\/vlantana.eu\/lt\/"},{"@type":"ListItem","position":2,"name":"PA\u017dEIDIM\u0172 TEIKIMO IR NAGRIN\u0116JIMO PROCED\u016aRA"}]},{"@type":"WebSite","@id":"https:\/\/vlantana.eu\/lt\/#website","url":"https:\/\/vlantana.eu\/lt\/","name":"Vlantana","description":"","publisher":{"@id":"https:\/\/vlantana.eu\/lt\/#organization"},"potentialAction":[{"@type":"SearchAction","target":{"@type":"EntryPoint","urlTemplate":"https:\/\/vlantana.eu\/lt\/?s={search_term_string}"},"query-input":{"@type":"PropertyValueSpecification","valueRequired":true,"valueName":"search_term_string"}}],"inLanguage":"lt-LT"},{"@type":"Organization","@id":"https:\/\/vlantana.eu\/lt\/#organization","name":"Vlantana","url":"https:\/\/vlantana.eu\/lt\/","logo":{"@type":"ImageObject","inLanguage":"lt-LT","@id":"https:\/\/vlantana.eu\/lt\/#\/schema\/logo\/image\/","url":"https:\/\/vlantana.eu\/wp-content\/uploads\/2020\/05\/VL-logo-spal.svg","contentUrl":"https:\/\/vlantana.eu\/wp-content\/uploads\/2020\/05\/VL-logo-spal.svg","width":"1024","height":"1024","caption":"Vlantana"},"image":{"@id":"https:\/\/vlantana.eu\/lt\/#\/schema\/logo\/image\/"},"sameAs":["https:\/\/www.facebook.com\/Vlantana\/","https:\/\/www.linkedin.com\/company\/vlantana-uab"]}]}},"_links":{"self":[{"href":"https:\/\/vlantana.eu\/lt\/wp-json\/wp\/v2\/pages\/4876"}],"collection":[{"href":"https:\/\/vlantana.eu\/lt\/wp-json\/wp\/v2\/pages"}],"about":[{"href":"https:\/\/vlantana.eu\/lt\/wp-json\/wp\/v2\/types\/page"}],"author":[{"embeddable":true,"href":"https:\/\/vlantana.eu\/lt\/wp-json\/wp\/v2\/users\/1"}],"replies":[{"embeddable":true,"href":"https:\/\/vlantana.eu\/lt\/wp-json\/wp\/v2\/comments?post=4876"}],"version-history":[{"count":35,"href":"https:\/\/vlantana.eu\/lt\/wp-json\/wp\/v2\/pages\/4876\/revisions"}],"predecessor-version":[{"id":5137,"href":"https:\/\/vlantana.eu\/lt\/wp-json\/wp\/v2\/pages\/4876\/revisions\/5137"}],"wp:attachment":[{"href":"https:\/\/vlantana.eu\/lt\/wp-json\/wp\/v2\/media?parent=4876"}],"curies":[{"name":"wp","href":"https:\/\/api.w.org\/{rel}","templated":true}]}}