{"id":6151,"date":"2022-07-22T04:55:49","date_gmt":"2022-07-22T01:55:49","guid":{"rendered":"https:\/\/vlantana.eu\/muitines-tarpininkavimo-paslaugos\/"},"modified":"2022-07-22T05:08:27","modified_gmt":"2022-07-22T02:08:27","slug":"muitines-tarpininkavimo-paslaugos","status":"publish","type":"page","link":"https:\/\/vlantana.eu\/lt\/muitines-tarpininkavimo-paslaugos\/","title":{"rendered":"Muitin\u0117s tarpininkavimo paslaugos"},"content":{"rendered":"\n<section class=\"wp-block-adoras-title site-title undefined\"><div class=\"bgtitle container full-width\"><div class=\"background desktoponly bg-cover bg-center\" style=\"background-image:url('https:\/\/vlantana.eu\/wp-content\/uploads\/2022\/07\/VL-Customs-services1.jpg')\"><\/div><div class=\"background mobileonly bg-cover bg-center\" style=\"background-image:url('https:\/\/vlantana.eu\/wp-content\/uploads\/2022\/07\/VL-Customs-services1.jpg')\"><\/div><svg class=\"absolute bottom-0 left-0 w-full pointer-events-none\" viewbox=\"0 0 2560 539\"><defs><mask id=\"title-clipping\"><rect x=\"-50%\" y=\"-50%\" width=\"200%\" height=\"200%\" fill=\"white\"><\/rect><path style=\"fill:#000000\" d=\"M 638.66667,542.08762 C 414.52136,539.42004 243.35976,524.95159 0,491.37831 V 3.4290919 H 2560.0097 C 2559.7842,121.83389 2559.5588,240.23868 2559.3333,358.64348 1993.9988,495.45778 1334.216,548.93684 638.66667,542.08762 Z\"><\/path><rect x=\"-50%\" y=\"-50%\" width=\"200%\" height=\"75%\" fill=\"black\"><\/rect><\/mask><\/defs><rect style=\"fill:rgba(255,255,255,1)\" width=\"100%\" height=\"100%\" mask=\"url(#title-clipping)\"><\/rect><rect style=\"fill:rgba(255,255,255,1)\" width=\"100%\" height=\"1%\" y=\"99.8%\"><\/rect><\/svg><div class=\"container mx-auto relative\"><h1 class=\"h1 purple\">Muitin\u0117s tarpininkavimo paslaugos<\/h1><\/div><\/div><\/section>\n\n\n<section  class='customs-intro section first '><!DOCTYPE html PUBLIC \"-\/\/W3C\/\/DTD HTML 4.0 Transitional\/\/EN\" \"http:\/\/www.w3.org\/TR\/REC-html40\/loose.dtd\">\n<html><body><div class=\"container mx-auto relative\">\n<h3 class=\"h3 mb-6 md:mb-0 mt-8 lg:pr-55\"><span class=\"slot1\">Pagal Muitin\u0117s tarpininko paslaug\u0173 sutart\u012f \u2013 atstovaujame klient\u0105 muitin\u0117je, <strong>atliekame \u012fvairias muitin\u0117s proced\u016bras<\/strong>, teikiame<br>ra\u0161ymus, imame preki\u0173 pavyzd\u017eius (m\u0117ginius), ruo\u0161iame ir gauname preki\u0173 kilm\u0117s sertifikatus<\/span><\/h3>\n<div class=\"md:flex flex-wrap relative lg:mt-25\">\n<div class=\"md:w-4-2\/12\">\n<div class=\"bg-light-gray2 extend-left extend-right rounded-r-1rem text-20x bottom-0 my-4 lg:pr-16 z-n1 limit-right py-12 max-w-screen-sm\">\n\n<p>Taip pat atstovaujame klientus Maisto ir veterinarijos tarnyboje, gaunant<br>veterinarinius sertifikatus Augal\u0173 karantino inspekcijoje, padedame<br>gauti fito sertifikatus<\/p>\n\n<\/div>\n<\/div>\n<div class=\"md:w-7-8\/12\"><img decoding=\"async\" class=\"relative md:ml-6 lg:-mt-8 rounded-1rem on3D\" src=\"https:\/\/vlantana.eu\/wp-content\/uploads\/2022\/07\/VL-Customs-services2.png\"><\/div>\n<\/div>\n<\/div><\/body><\/html>\n<\/section>\n\n<section  class='custom-services container mx-auto section '><!DOCTYPE html PUBLIC \"-\/\/W3C\/\/DTD HTML 4.0 Transitional\/\/EN\" \"http:\/\/www.w3.org\/TR\/REC-html40\/loose.dtd\">\n<html><body><h2 class=\"h2 md:mb-12\"><span class=\"slot\">Paslaug\u0173 spektras<\/span><\/h2>\n<div class=\"relative\">\n<div class=\"hidden md:block bg-light-gray2 extend-left extend-right absolute z-n1 pb-50 bottom-0 w-full\"><\/div>\n<div class=\"\">\n<div class=\"\">\n<img decoding=\"async\" class=\"mt-10 md:mt-0 rounded-1rem\" src=\"https:\/\/vlantana.eu\/wp-content\/uploads\/2022\/07\/VL-Customs-services3.jpg\"><\/div>\n<\/div>\n<\/div>\n<div class=\"bg-light-gray2 extend-left extend-right  md:pt22 py-11 text-20x pl-8 md:pr-42\">\n\n<ul class=\"flex-wrap list-disc wp-block-list\"><li>Muitin\u0117s dokument\u0173 paruo\u0161imas visoms muitin\u0117s proced\u016broms;<\/li><li>J\u016bs\u0173 krovinio tarpininkavimo paslaugos muitin\u0117je, atliekant visas muitin\u0117s proced\u016bras;<\/li><li>Suteikiame garantijas importo ir tranzito proced\u016broms.<\/li><li>Muitin\u0117s proced\u016br\u0173 kontrol\u0117;<\/li><li>Muitin\u0117s tarpininko paslaugos teikiamos ne tik keli\u0173 transportu ve\u017eamiems kroviniams, bet ir gabenamiems gele\u017einkelio vagonuose, j\u016briniuose konteineriuose;\n <\/li><li>Krovini\u0173 atvykimo ir i\u0161vykimo muitin\u0117s dokumentai sutvarkomi per vien\u0105 darbo dien\u0105;<\/li><\/ul>\n\n<\/div><\/body><\/html>\n<\/section>\n\n<section  class='customs-list relative container mx-auto section last '><!DOCTYPE html PUBLIC \"-\/\/W3C\/\/DTD HTML 4.0 Transitional\/\/EN\" \"http:\/\/www.w3.org\/TR\/REC-html40\/loose.dtd\">\n<html><body><div class=\"absolute w-full z-n1 top-0 bottom-0 lg:mt-20 -mb-15\">\n<div class=\"bg-light-gray2 rounded-r-1rem h-full w-full extend-left \"><\/div>\n<\/div>\n<div class=\"flex-col lg:flex-row flex w-full\">\n<div class=\"lg:w-1\/3 order-2 lg:order-1\">\n                <img decoding=\"async\" src=\"https:\/\/vlantana.eu\/wp-content\/uploads\/2022\/07\/VL-Customs-services4.jpg\" class=\"w-full rounded-1rem on3D\"><\/div>\n<div class=\"lg:w-2\/3 p-12 pl-8 pr-0 md:pl-16 md:mt-20 order-1 lg:order-2 text-20x md:pr-42\">\n\n\n<ul class=\"list-disc wp-block-list\"><li>Teikiame konsultacijas muitin\u0117s proced\u016br\u0173 ir muitin\u0117s sankcionuot\u0173 veiksm\u0173 klausimais;\n <\/li><li>Kartu su kiekvienu klientu, atsi\u017evelgdami \u012f pageidavimus, muitin\u0117s tarpininkai nustato jo poreikius ir teikia rekomendacijas d\u0117l tikslini\u0173 muitin\u0117s proced\u016br\u0173 pasirinkimo;\n <\/li><li>Pildome ir \u012fforminame kitus perve\u017eimui reikalingus tarptautinius krovini\u0173 gabenimo dokumentus \u2013 CMR va\u017etara\u0161\u010dius, TIR Carnet ir elektronines TIR Carnet deklaracijas.\n \n <\/li><li>Muitin\u0117s tarpininkai u\u017epildo bendruosius administracinius dokumentus (BAD) importo, eksporto bei tranzito proced\u016broms.\n <\/li><li>Teikiame muitin\u0117s tarpininko paslaugas Lietuvos, kitiems Europos Bendrijos ir ne Bendrijos \u016bkio subjektams bei fiziniams asmenims.\n <\/li><\/ul>\n\n<\/div>\n<\/div><\/body><\/html>\n<\/section>","protected":false},"excerpt":{"rendered":"","protected":false},"author":1,"featured_media":5680,"parent":0,"menu_order":0,"comment_status":"closed","ping_status":"closed","template":"","meta":{"_acf_changed":false,"inline_featured_image":false,"footnotes":""},"class_list":["post-6151","page","type-page","status-publish","has-post-thumbnail","hentry"],"acf":[],"yoast_head":"<!-- This site is optimized with the Yoast SEO plugin v25.6 - https:\/\/yoast.com\/wordpress\/plugins\/seo\/ -->\n<title>Muitin\u0117s tarpininkavimo paslaugos - Vlantana<\/title>\n<meta name=\"robots\" content=\"index, follow, max-snippet:-1, max-image-preview:large, max-video-preview:-1\" \/>\n<link rel=\"canonical\" href=\"https:\/\/vlantana.eu\/lt\/muitines-tarpininkavimo-paslaugos\/\" \/>\n<meta property=\"og:locale\" content=\"lt_LT\" \/>\n<meta property=\"og:type\" content=\"article\" \/>\n<meta property=\"og:title\" content=\"Muitin\u0117s tarpininkavimo paslaugos - Vlantana\" \/>\n<meta property=\"og:url\" content=\"https:\/\/vlantana.eu\/lt\/muitines-tarpininkavimo-paslaugos\/\" \/>\n<meta property=\"og:site_name\" content=\"Vlantana\" \/>\n<meta property=\"article:publisher\" content=\"https:\/\/www.facebook.com\/Vlantana\/\" \/>\n<meta property=\"article:modified_time\" content=\"2022-07-22T02:08:27+00:00\" \/>\n<meta property=\"og:image\" content=\"https:\/\/vlantana.eu\/wp-content\/uploads\/2022\/04\/DJI_0080-scaled.jpg\" \/>\n\t<meta property=\"og:image:width\" content=\"2560\" \/>\n\t<meta property=\"og:image:height\" content=\"1440\" \/>\n\t<meta property=\"og:image:type\" content=\"image\/jpeg\" \/>\n<meta name=\"twitter:card\" content=\"summary_large_image\" \/>\n<meta name=\"twitter:label1\" content=\"Est. reading time\" \/>\n\t<meta name=\"twitter:data1\" content=\"1 minut\u0117\" \/>\n<script type=\"application\/ld+json\" class=\"yoast-schema-graph\">{\"@context\":\"https:\/\/schema.org\",\"@graph\":[{\"@type\":\"WebPage\",\"@id\":\"https:\/\/vlantana.eu\/lt\/muitines-tarpininkavimo-paslaugos\/\",\"url\":\"https:\/\/vlantana.eu\/lt\/muitines-tarpininkavimo-paslaugos\/\",\"name\":\"Muitin\u0117s tarpininkavimo paslaugos - Vlantana\",\"isPartOf\":{\"@id\":\"https:\/\/vlantana.eu\/lt\/#website\"},\"primaryImageOfPage\":{\"@id\":\"https:\/\/vlantana.eu\/lt\/muitines-tarpininkavimo-paslaugos\/#primaryimage\"},\"image\":{\"@id\":\"https:\/\/vlantana.eu\/lt\/muitines-tarpininkavimo-paslaugos\/#primaryimage\"},\"thumbnailUrl\":\"https:\/\/vlantana.eu\/wp-content\/uploads\/2022\/04\/DJI_0080-scaled.jpg\",\"datePublished\":\"2022-07-22T01:55:49+00:00\",\"dateModified\":\"2022-07-22T02:08:27+00:00\",\"breadcrumb\":{\"@id\":\"https:\/\/vlantana.eu\/lt\/muitines-tarpininkavimo-paslaugos\/#breadcrumb\"},\"inLanguage\":\"lt-LT\",\"potentialAction\":[{\"@type\":\"ReadAction\",\"target\":[\"https:\/\/vlantana.eu\/lt\/muitines-tarpininkavimo-paslaugos\/\"]}]},{\"@type\":\"ImageObject\",\"inLanguage\":\"lt-LT\",\"@id\":\"https:\/\/vlantana.eu\/lt\/muitines-tarpininkavimo-paslaugos\/#primaryimage\",\"url\":\"https:\/\/vlantana.eu\/wp-content\/uploads\/2022\/04\/DJI_0080-scaled.jpg\",\"contentUrl\":\"https:\/\/vlantana.eu\/wp-content\/uploads\/2022\/04\/DJI_0080-scaled.jpg\",\"width\":2560,\"height\":1440,\"caption\":\"DCIM101MEDIADJI_0080.JPG\"},{\"@type\":\"BreadcrumbList\",\"@id\":\"https:\/\/vlantana.eu\/lt\/muitines-tarpininkavimo-paslaugos\/#breadcrumb\",\"itemListElement\":[{\"@type\":\"ListItem\",\"position\":1,\"name\":\"Home\",\"item\":\"https:\/\/vlantana.eu\/lt\/\"},{\"@type\":\"ListItem\",\"position\":2,\"name\":\"Muitin\u0117s tarpininkavimo paslaugos\"}]},{\"@type\":\"WebSite\",\"@id\":\"https:\/\/vlantana.eu\/lt\/#website\",\"url\":\"https:\/\/vlantana.eu\/lt\/\",\"name\":\"Vlantana\",\"description\":\"\",\"publisher\":{\"@id\":\"https:\/\/vlantana.eu\/lt\/#organization\"},\"potentialAction\":[{\"@type\":\"SearchAction\",\"target\":{\"@type\":\"EntryPoint\",\"urlTemplate\":\"https:\/\/vlantana.eu\/lt\/?s={search_term_string}\"},\"query-input\":{\"@type\":\"PropertyValueSpecification\",\"valueRequired\":true,\"valueName\":\"search_term_string\"}}],\"inLanguage\":\"lt-LT\"},{\"@type\":\"Organization\",\"@id\":\"https:\/\/vlantana.eu\/lt\/#organization\",\"name\":\"Vlantana\",\"url\":\"https:\/\/vlantana.eu\/lt\/\",\"logo\":{\"@type\":\"ImageObject\",\"inLanguage\":\"lt-LT\",\"@id\":\"https:\/\/vlantana.eu\/lt\/#\/schema\/logo\/image\/\",\"url\":\"https:\/\/vlantana.eu\/wp-content\/uploads\/2020\/05\/VL-logo-spal.svg\",\"contentUrl\":\"https:\/\/vlantana.eu\/wp-content\/uploads\/2020\/05\/VL-logo-spal.svg\",\"width\":\"1024\",\"height\":\"1024\",\"caption\":\"Vlantana\"},\"image\":{\"@id\":\"https:\/\/vlantana.eu\/lt\/#\/schema\/logo\/image\/\"},\"sameAs\":[\"https:\/\/www.facebook.com\/Vlantana\/\",\"https:\/\/www.linkedin.com\/company\/vlantana-uab\"]}]}<\/script>\n<!-- \/ Yoast SEO plugin. -->","yoast_head_json":{"title":"Muitin\u0117s tarpininkavimo paslaugos - Vlantana","robots":{"index":"index","follow":"follow","max-snippet":"max-snippet:-1","max-image-preview":"max-image-preview:large","max-video-preview":"max-video-preview:-1"},"canonical":"https:\/\/vlantana.eu\/lt\/muitines-tarpininkavimo-paslaugos\/","og_locale":"lt_LT","og_type":"article","og_title":"Muitin\u0117s tarpininkavimo paslaugos - Vlantana","og_url":"https:\/\/vlantana.eu\/lt\/muitines-tarpininkavimo-paslaugos\/","og_site_name":"Vlantana","article_publisher":"https:\/\/www.facebook.com\/Vlantana\/","article_modified_time":"2022-07-22T02:08:27+00:00","og_image":[{"width":2560,"height":1440,"url":"https:\/\/vlantana.eu\/wp-content\/uploads\/2022\/04\/DJI_0080-scaled.jpg","type":"image\/jpeg"}],"twitter_card":"summary_large_image","twitter_misc":{"Est. reading time":"1 minut\u0117"},"schema":{"@context":"https:\/\/schema.org","@graph":[{"@type":"WebPage","@id":"https:\/\/vlantana.eu\/lt\/muitines-tarpininkavimo-paslaugos\/","url":"https:\/\/vlantana.eu\/lt\/muitines-tarpininkavimo-paslaugos\/","name":"Muitin\u0117s tarpininkavimo paslaugos - Vlantana","isPartOf":{"@id":"https:\/\/vlantana.eu\/lt\/#website"},"primaryImageOfPage":{"@id":"https:\/\/vlantana.eu\/lt\/muitines-tarpininkavimo-paslaugos\/#primaryimage"},"image":{"@id":"https:\/\/vlantana.eu\/lt\/muitines-tarpininkavimo-paslaugos\/#primaryimage"},"thumbnailUrl":"https:\/\/vlantana.eu\/wp-content\/uploads\/2022\/04\/DJI_0080-scaled.jpg","datePublished":"2022-07-22T01:55:49+00:00","dateModified":"2022-07-22T02:08:27+00:00","breadcrumb":{"@id":"https:\/\/vlantana.eu\/lt\/muitines-tarpininkavimo-paslaugos\/#breadcrumb"},"inLanguage":"lt-LT","potentialAction":[{"@type":"ReadAction","target":["https:\/\/vlantana.eu\/lt\/muitines-tarpininkavimo-paslaugos\/"]}]},{"@type":"ImageObject","inLanguage":"lt-LT","@id":"https:\/\/vlantana.eu\/lt\/muitines-tarpininkavimo-paslaugos\/#primaryimage","url":"https:\/\/vlantana.eu\/wp-content\/uploads\/2022\/04\/DJI_0080-scaled.jpg","contentUrl":"https:\/\/vlantana.eu\/wp-content\/uploads\/2022\/04\/DJI_0080-scaled.jpg","width":2560,"height":1440,"caption":"DCIM101MEDIADJI_0080.JPG"},{"@type":"BreadcrumbList","@id":"https:\/\/vlantana.eu\/lt\/muitines-tarpininkavimo-paslaugos\/#breadcrumb","itemListElement":[{"@type":"ListItem","position":1,"name":"Home","item":"https:\/\/vlantana.eu\/lt\/"},{"@type":"ListItem","position":2,"name":"Muitin\u0117s tarpininkavimo paslaugos"}]},{"@type":"WebSite","@id":"https:\/\/vlantana.eu\/lt\/#website","url":"https:\/\/vlantana.eu\/lt\/","name":"Vlantana","description":"","publisher":{"@id":"https:\/\/vlantana.eu\/lt\/#organization"},"potentialAction":[{"@type":"SearchAction","target":{"@type":"EntryPoint","urlTemplate":"https:\/\/vlantana.eu\/lt\/?s={search_term_string}"},"query-input":{"@type":"PropertyValueSpecification","valueRequired":true,"valueName":"search_term_string"}}],"inLanguage":"lt-LT"},{"@type":"Organization","@id":"https:\/\/vlantana.eu\/lt\/#organization","name":"Vlantana","url":"https:\/\/vlantana.eu\/lt\/","logo":{"@type":"ImageObject","inLanguage":"lt-LT","@id":"https:\/\/vlantana.eu\/lt\/#\/schema\/logo\/image\/","url":"https:\/\/vlantana.eu\/wp-content\/uploads\/2020\/05\/VL-logo-spal.svg","contentUrl":"https:\/\/vlantana.eu\/wp-content\/uploads\/2020\/05\/VL-logo-spal.svg","width":"1024","height":"1024","caption":"Vlantana"},"image":{"@id":"https:\/\/vlantana.eu\/lt\/#\/schema\/logo\/image\/"},"sameAs":["https:\/\/www.facebook.com\/Vlantana\/","https:\/\/www.linkedin.com\/company\/vlantana-uab"]}]}},"_links":{"self":[{"href":"https:\/\/vlantana.eu\/lt\/wp-json\/wp\/v2\/pages\/6151"}],"collection":[{"href":"https:\/\/vlantana.eu\/lt\/wp-json\/wp\/v2\/pages"}],"about":[{"href":"https:\/\/vlantana.eu\/lt\/wp-json\/wp\/v2\/types\/page"}],"author":[{"embeddable":true,"href":"https:\/\/vlantana.eu\/lt\/wp-json\/wp\/v2\/users\/1"}],"replies":[{"embeddable":true,"href":"https:\/\/vlantana.eu\/lt\/wp-json\/wp\/v2\/comments?post=6151"}],"version-history":[{"count":4,"href":"https:\/\/vlantana.eu\/lt\/wp-json\/wp\/v2\/pages\/6151\/revisions"}],"predecessor-version":[{"id":6162,"href":"https:\/\/vlantana.eu\/lt\/wp-json\/wp\/v2\/pages\/6151\/revisions\/6162"}],"wp:featuredmedia":[{"embeddable":true,"href":"https:\/\/vlantana.eu\/lt\/wp-json\/wp\/v2\/media\/5680"}],"wp:attachment":[{"href":"https:\/\/vlantana.eu\/lt\/wp-json\/wp\/v2\/media?parent=6151"}],"curies":[{"name":"wp","href":"https:\/\/api.w.org\/{rel}","templated":true}]}}